{"id":1273,"date":"2025-07-08T10:04:38","date_gmt":"2025-07-08T10:04:38","guid":{"rendered":"https:\/\/ucceurope2024.wpenginepowered.com\/nachhaltige-beschaffung\/"},"modified":"2025-11-06T09:54:08","modified_gmt":"2025-11-06T09:54:08","slug":"nachhaltige-beschaffung","status":"publish","type":"page","link":"https:\/\/ucc-europe.com\/de\/nachhaltigkeit\/nachhaltige-beschaffung\/","title":{"rendered":"Nachhaltige Beschaffung"},"content":{"rendered":"\n<section id=\"content-block_15d520342f634421587f62b91f18c31c\" class=\"block quote-block colour-palette-main block-with-bg\">\n    <div class='quote-block-wrap'>\n        <div class='quote-block-content'>\n            <p>Kaffee ist seit \u00fcber 200 Jahren unser Gesch\u00e4ft und sichert den Lebensunterhalt von Menschen auf der ganzen Welt. Aber dieses Gesch\u00e4ft kann ohne einen nachhaltigen Sektor, in dem Kaffee verantwortungsvoll produziert, verarbeitet und verwendet wird, nicht weitergef\u00fchrt werden. Deshalb engagieren wir uns so sehr daf\u00fcr, den Wandel in unserer Branche anzuf\u00fchren.  <\/p>\n                    <\/div>\n            <\/div>\n<\/section>\n<h2 class=\"wp-block-heading\"><strong><strong>MENSCHENRECHTE<\/strong><\/strong><\/h2>\n\n<p>Wir verpflichten uns, die United Nations Guiding Principles for Business &amp; Human Rights mit der gebotenen Sorgfalt zu erf\u00fcllen.<\/p>\n\n<p>Jedes Jahr ver\u00f6ffentlichen wir<em> gem\u00e4\u00df<\/em> Artikel 964j-k des Schweizerischen Obligationenrechts bzw. Abschnitt 54 des Modern Slavery Act 2015 einen UCC Swiss Compliance Report und ein UK Modern Slavery Statement.<\/p>\n\n<p>Und wir haben robuste Risikomanagement-, Lieferantenmanagement- und Beschwerdeverfahren eingef\u00fchrt, die es uns erm\u00f6glichen, alle Probleme in unserer Lieferkette zu bewerten und sie effektiv zu mildern oder zu beheben.<\/p>\n\n<div class=\"wp-block-buttons is-layout-flex wp-block-buttons-is-layout-flex\">\n<div class=\"wp-block-button\"><a class=\"wp-block-button__link wp-element-button\" href=\"\/wp-content\/uploads\/2025\/10\/UCC27498-UK-FY2025-MSA-Statement_FINAL-06.08.25.pdf\" target=\"_blank\" rel=\"noreferrer noopener\">Bericht zur modernen Sklaverei im Vereinigten K\u00f6nigreich<span><\/span><span><\/span><\/a><\/div>\n\n\n\n<div class=\"wp-block-button\"><a class=\"wp-block-button__link wp-element-button\" href=\"\/wp-content\/uploads\/2025\/09\/UCC27498-Europe-FY2025-MSA-Statement_FB_V4-FINAL-1.pdf\" target=\"_blank\" rel=\"noreferrer noopener\">Bericht zur modernen Sklaverei in Europa<span><\/span><span><\/span><\/a><\/div>\n<\/div>\n\n<h2 class=\"wp-block-heading\"><strong>NATUR POSITIV<\/strong><\/h2>\n\n<p>UCC hat sich zu einem globalen Null-Abholzungs-Ziel verpflichtet, was bedeutet, dass unsere Kaffeebeschaffung weder Abholzung noch Landumwandlung beinhaltet. Und unser europ\u00e4isches Unternehmen hat sich verpflichtet, dieses Ziel im Jahr 2025 zu erreichen. <\/p>\n\n<p>Die EU-Verordnung \u00fcber entwaldungsfreie Produkte (EUDR) ist ein wichtiger Schwerpunkt f\u00fcr UCC, und wir arbeiten intensiv mit der European Coffee Federation und den nationalen Verb\u00e4nden, deren stolze Mitglieder wir sind, zusammen, um sicherzustellen, dass wir unser Ziel f\u00fcr 2025 erreichen k\u00f6nnen.<\/p>\n\n<p>Au\u00dferhalb Europas arbeiten wir auch mit unseren globalen Kollegen zusammen, um Investitionen auf naturpositiven Kaffee zu konzentrieren, beginnend in vier wichtigen Ursprungsl\u00e4ndern \u2013 Brasilien, Uganda, Vietnam und Tansania.<\/p>\n\n<h2 class=\"wp-block-heading\"><strong>ETHISCHE ZUSICHERUNG<\/strong><\/h2>\n\n<p>Unsere R\u00f6stereien werden von mehreren unabh\u00e4ngigen Organisationen auditiert, darunter SEDEX und BRC. UCC f\u00fchrt auch freiwillige Audits von Dritten zu ESG-Themen durch, darunter CDP, TCFD und EcoVadis. <\/p>\n\n<p>Wir halten die Standards und Prozesse ein, die notwendig sind, um unseren Kunden eine gro\u00dfe Auswahl an Nachhaltigkeitszertifizierungen anzubieten, darunter Rainforest Alliance, Fairtrade und Soil Association Organic.<\/p>\n","protected":false},"excerpt":{"rendered":"<p>MENSCHENRECHTE Wir verpflichten uns, die United Nations Guiding Principles for Business &amp; Human Rights mit der gebotenen Sorgfalt zu erf\u00fcllen. Jedes Jahr ver\u00f6ffentlichen wir gem\u00e4\u00df Artikel 964j-k des Schweizerischen Obligationenrechts bzw. Abschnitt 54 des Modern Slavery Act 2015 einen UCC Swiss Compliance Report und ein UK Modern Slavery Statement. Und wir haben robuste Risikomanagement-, Lieferantenmanagement-&#8230;<\/p>\n","protected":false},"author":1,"featured_media":1979,"parent":1471,"menu_order":0,"comment_status":"closed","ping_status":"closed","template":"","meta":{"_acf_changed":false,"footnotes":""},"class_list":["post-1273","page","type-page","status-publish","has-post-thumbnail","hentry"],"acf":[],"yoast_head":"<!-- This site is optimized with the Yoast SEO plugin v27.3 - https:\/\/yoast.com\/product\/yoast-seo-wordpress\/ -->\n<title>Nachhaltige Beschaffung - UCC Europe<\/title>\n<meta name=\"description\" content=\"Entdecken Sie die nachhaltigen Beschaffungspraktiken von UCC Europe. Erfahren Sie, wie wir eine ethische und verantwortungsvolle Kaffeebeschaffung sicherstellen.\" \/>\n<meta name=\"robots\" content=\"index, follow, max-snippet:-1, max-image-preview:large, max-video-preview:-1\" \/>\n<link rel=\"canonical\" href=\"https:\/\/ucc-europe.com\/de\/nachhaltigkeit\/nachhaltige-beschaffung\/\" \/>\n<meta property=\"og:locale\" content=\"de_DE\" \/>\n<meta property=\"og:type\" content=\"article\" \/>\n<meta property=\"og:title\" content=\"Nachhaltige Beschaffung - UCC Europe\" \/>\n<meta property=\"og:description\" content=\"Entdecken Sie die nachhaltigen Beschaffungspraktiken von UCC Europe. Erfahren Sie, wie wir eine ethische und verantwortungsvolle Kaffeebeschaffung sicherstellen.\" \/>\n<meta property=\"og:url\" content=\"https:\/\/ucc-europe.com\/de\/nachhaltigkeit\/nachhaltige-beschaffung\/\" \/>\n<meta property=\"og:site_name\" content=\"UCC Europe - English\" \/>\n<meta property=\"article:modified_time\" content=\"2025-11-06T09:54:08+00:00\" \/>\n<meta property=\"og:image\" content=\"https:\/\/ucc-europe.com\/wp-content\/uploads\/2025\/08\/VFET123_062_3500-px-scaled.jpg\" \/>\n\t<meta property=\"og:image:width\" content=\"2560\" \/>\n\t<meta property=\"og:image:height\" content=\"1706\" \/>\n\t<meta property=\"og:image:type\" content=\"image\/jpeg\" \/>\n<meta name=\"twitter:card\" content=\"summary_large_image\" \/>\n<meta name=\"twitter:label1\" content=\"Gesch\u00e4tzte Lesezeit\" \/>\n\t<meta name=\"twitter:data1\" content=\"1\u00a0Minute\" \/>\n<script type=\"application\/ld+json\" class=\"yoast-schema-graph\">{\"@context\":\"https:\\\/\\\/schema.org\",\"@graph\":[{\"@type\":\"WebPage\",\"@id\":\"https:\\\/\\\/ucc-europe.com\\\/de\\\/nachhaltigkeit\\\/nachhaltige-beschaffung\\\/\",\"url\":\"https:\\\/\\\/ucc-europe.com\\\/de\\\/nachhaltigkeit\\\/nachhaltige-beschaffung\\\/\",\"name\":\"Nachhaltige Beschaffung - UCC Europe\",\"isPartOf\":{\"@id\":\"https:\\\/\\\/ucc-europe.com\\\/de\\\/#website\"},\"primaryImageOfPage\":{\"@id\":\"https:\\\/\\\/ucc-europe.com\\\/de\\\/nachhaltigkeit\\\/nachhaltige-beschaffung\\\/#primaryimage\"},\"image\":{\"@id\":\"https:\\\/\\\/ucc-europe.com\\\/de\\\/nachhaltigkeit\\\/nachhaltige-beschaffung\\\/#primaryimage\"},\"thumbnailUrl\":\"https:\\\/\\\/ucc-europe.com\\\/wp-content\\\/uploads\\\/2025\\\/08\\\/VFET123_062_3500-px-scaled.jpg\",\"datePublished\":\"2025-07-08T10:04:38+00:00\",\"dateModified\":\"2025-11-06T09:54:08+00:00\",\"description\":\"Entdecken Sie die nachhaltigen Beschaffungspraktiken von UCC Europe. Erfahren Sie, wie wir eine ethische und verantwortungsvolle Kaffeebeschaffung sicherstellen.\",\"breadcrumb\":{\"@id\":\"https:\\\/\\\/ucc-europe.com\\\/de\\\/nachhaltigkeit\\\/nachhaltige-beschaffung\\\/#breadcrumb\"},\"inLanguage\":\"de\",\"potentialAction\":[{\"@type\":\"ReadAction\",\"target\":[\"https:\\\/\\\/ucc-europe.com\\\/de\\\/nachhaltigkeit\\\/nachhaltige-beschaffung\\\/\"]}]},{\"@type\":\"ImageObject\",\"inLanguage\":\"de\",\"@id\":\"https:\\\/\\\/ucc-europe.com\\\/de\\\/nachhaltigkeit\\\/nachhaltige-beschaffung\\\/#primaryimage\",\"url\":\"https:\\\/\\\/ucc-europe.com\\\/wp-content\\\/uploads\\\/2025\\\/08\\\/VFET123_062_3500-px-scaled.jpg\",\"contentUrl\":\"https:\\\/\\\/ucc-europe.com\\\/wp-content\\\/uploads\\\/2025\\\/08\\\/VFET123_062_3500-px-scaled.jpg\",\"width\":2560,\"height\":1706},{\"@type\":\"BreadcrumbList\",\"@id\":\"https:\\\/\\\/ucc-europe.com\\\/de\\\/nachhaltigkeit\\\/nachhaltige-beschaffung\\\/#breadcrumb\",\"itemListElement\":[{\"@type\":\"ListItem\",\"position\":1,\"name\":\"Home\",\"item\":\"https:\\\/\\\/ucc-europe.com\\\/de\\\/\"},{\"@type\":\"ListItem\",\"position\":2,\"name\":\"Nachhaltigkeit\",\"item\":\"https:\\\/\\\/ucc-europe.com\\\/de\\\/nachhaltigkeit\\\/\"},{\"@type\":\"ListItem\",\"position\":3,\"name\":\"Nachhaltige Beschaffung\"}]},{\"@type\":\"WebSite\",\"@id\":\"https:\\\/\\\/ucc-europe.com\\\/de\\\/#website\",\"url\":\"https:\\\/\\\/ucc-europe.com\\\/de\\\/\",\"name\":\"UCC Europe - English\",\"description\":\"\",\"potentialAction\":[{\"@type\":\"SearchAction\",\"target\":{\"@type\":\"EntryPoint\",\"urlTemplate\":\"https:\\\/\\\/ucc-europe.com\\\/de\\\/?s={search_term_string}\"},\"query-input\":{\"@type\":\"PropertyValueSpecification\",\"valueRequired\":true,\"valueName\":\"search_term_string\"}}],\"inLanguage\":\"de\"}]}<\/script>\n<!-- \/ Yoast SEO plugin. -->","yoast_head_json":{"title":"Nachhaltige Beschaffung - UCC Europe","description":"Entdecken Sie die nachhaltigen Beschaffungspraktiken von UCC Europe. Erfahren Sie, wie wir eine ethische und verantwortungsvolle Kaffeebeschaffung sicherstellen.","robots":{"index":"index","follow":"follow","max-snippet":"max-snippet:-1","max-image-preview":"max-image-preview:large","max-video-preview":"max-video-preview:-1"},"canonical":"https:\/\/ucc-europe.com\/de\/nachhaltigkeit\/nachhaltige-beschaffung\/","og_locale":"de_DE","og_type":"article","og_title":"Nachhaltige Beschaffung - UCC Europe","og_description":"Entdecken Sie die nachhaltigen Beschaffungspraktiken von UCC Europe. Erfahren Sie, wie wir eine ethische und verantwortungsvolle Kaffeebeschaffung sicherstellen.","og_url":"https:\/\/ucc-europe.com\/de\/nachhaltigkeit\/nachhaltige-beschaffung\/","og_site_name":"UCC Europe - English","article_modified_time":"2025-11-06T09:54:08+00:00","og_image":[{"width":2560,"height":1706,"url":"https:\/\/ucc-europe.com\/wp-content\/uploads\/2025\/08\/VFET123_062_3500-px-scaled.jpg","type":"image\/jpeg"}],"twitter_card":"summary_large_image","twitter_misc":{"Gesch\u00e4tzte Lesezeit":"1\u00a0Minute"},"schema":{"@context":"https:\/\/schema.org","@graph":[{"@type":"WebPage","@id":"https:\/\/ucc-europe.com\/de\/nachhaltigkeit\/nachhaltige-beschaffung\/","url":"https:\/\/ucc-europe.com\/de\/nachhaltigkeit\/nachhaltige-beschaffung\/","name":"Nachhaltige Beschaffung - UCC Europe","isPartOf":{"@id":"https:\/\/ucc-europe.com\/de\/#website"},"primaryImageOfPage":{"@id":"https:\/\/ucc-europe.com\/de\/nachhaltigkeit\/nachhaltige-beschaffung\/#primaryimage"},"image":{"@id":"https:\/\/ucc-europe.com\/de\/nachhaltigkeit\/nachhaltige-beschaffung\/#primaryimage"},"thumbnailUrl":"https:\/\/ucc-europe.com\/wp-content\/uploads\/2025\/08\/VFET123_062_3500-px-scaled.jpg","datePublished":"2025-07-08T10:04:38+00:00","dateModified":"2025-11-06T09:54:08+00:00","description":"Entdecken Sie die nachhaltigen Beschaffungspraktiken von UCC Europe. Erfahren Sie, wie wir eine ethische und verantwortungsvolle Kaffeebeschaffung sicherstellen.","breadcrumb":{"@id":"https:\/\/ucc-europe.com\/de\/nachhaltigkeit\/nachhaltige-beschaffung\/#breadcrumb"},"inLanguage":"de","potentialAction":[{"@type":"ReadAction","target":["https:\/\/ucc-europe.com\/de\/nachhaltigkeit\/nachhaltige-beschaffung\/"]}]},{"@type":"ImageObject","inLanguage":"de","@id":"https:\/\/ucc-europe.com\/de\/nachhaltigkeit\/nachhaltige-beschaffung\/#primaryimage","url":"https:\/\/ucc-europe.com\/wp-content\/uploads\/2025\/08\/VFET123_062_3500-px-scaled.jpg","contentUrl":"https:\/\/ucc-europe.com\/wp-content\/uploads\/2025\/08\/VFET123_062_3500-px-scaled.jpg","width":2560,"height":1706},{"@type":"BreadcrumbList","@id":"https:\/\/ucc-europe.com\/de\/nachhaltigkeit\/nachhaltige-beschaffung\/#breadcrumb","itemListElement":[{"@type":"ListItem","position":1,"name":"Home","item":"https:\/\/ucc-europe.com\/de\/"},{"@type":"ListItem","position":2,"name":"Nachhaltigkeit","item":"https:\/\/ucc-europe.com\/de\/nachhaltigkeit\/"},{"@type":"ListItem","position":3,"name":"Nachhaltige Beschaffung"}]},{"@type":"WebSite","@id":"https:\/\/ucc-europe.com\/de\/#website","url":"https:\/\/ucc-europe.com\/de\/","name":"UCC Europe - English","description":"","potentialAction":[{"@type":"SearchAction","target":{"@type":"EntryPoint","urlTemplate":"https:\/\/ucc-europe.com\/de\/?s={search_term_string}"},"query-input":{"@type":"PropertyValueSpecification","valueRequired":true,"valueName":"search_term_string"}}],"inLanguage":"de"}]}},"_links":{"self":[{"href":"https:\/\/ucc-europe.com\/de\/wp-json\/wp\/v2\/pages\/1273","targetHints":{"allow":["GET"]}}],"collection":[{"href":"https:\/\/ucc-europe.com\/de\/wp-json\/wp\/v2\/pages"}],"about":[{"href":"https:\/\/ucc-europe.com\/de\/wp-json\/wp\/v2\/types\/page"}],"author":[{"embeddable":true,"href":"https:\/\/ucc-europe.com\/de\/wp-json\/wp\/v2\/users\/1"}],"replies":[{"embeddable":true,"href":"https:\/\/ucc-europe.com\/de\/wp-json\/wp\/v2\/comments?post=1273"}],"version-history":[{"count":0,"href":"https:\/\/ucc-europe.com\/de\/wp-json\/wp\/v2\/pages\/1273\/revisions"}],"up":[{"embeddable":true,"href":"https:\/\/ucc-europe.com\/de\/wp-json\/wp\/v2\/pages\/1471"}],"wp:featuredmedia":[{"embeddable":true,"href":"https:\/\/ucc-europe.com\/de\/wp-json\/wp\/v2\/media\/1979"}],"wp:attachment":[{"href":"https:\/\/ucc-europe.com\/de\/wp-json\/wp\/v2\/media?parent=1273"}],"curies":[{"name":"wp","href":"https:\/\/api.w.org\/{rel}","templated":true}]}}