{"id":1278,"date":"2025-07-08T09:14:51","date_gmt":"2025-07-08T09:14:51","guid":{"rendered":"https:\/\/ucceurope2024.wpenginepowered.com\/kohlenstoff-reduzieren\/"},"modified":"2025-11-07T08:56:17","modified_gmt":"2025-11-07T08:56:17","slug":"kohlenstoff-reduzieren","status":"publish","type":"page","link":"https:\/\/ucc-europe.com\/de\/nachhaltigkeit\/kohlenstoff-reduzieren\/","title":{"rendered":"KOHLENSTOFF REDUZIEREN"},"content":{"rendered":"\n<section id=\"content-block_7aee8010b8277bb21ad047b6ee8ef69f\" class=\"block quote-block colour-palette-main block-with-bg\">\n    <div class='quote-block-wrap'>\n        <div class='quote-block-content'>\n            <p>Der Klimawandel ist eine der dringendsten Herausforderungen, denen sich die Welt heute stellen muss. Als Unternehmen sind wir davon \u00fcberzeugt, dass wir eine wichtige Rolle beim Ausbau und der Skalierung unserer F\u00e4higkeiten im Bereich Nachhaltigkeit und Klimaschutz spielen. Heute ergreifen wir Ma\u00dfnahmen, um den Aussto\u00df von Treibhausgasen in unseren eigenen Betrieben zu reduzieren und zu eliminieren, und wir suchen nach Wegen, wie wir die Kohlenstoffemissionen in unserer Lieferkette reduzieren k\u00f6nnen. Wir sind davon \u00fcberzeugt, dass Zusammenarbeit und Partnerschaften der Schl\u00fcssel zum Erreichen nachhaltiger Dekarbonisierungsergebnisse sind.   <\/p>\n                    <\/div>\n            <\/div>\n<\/section>\n<h2 class=\"wp-block-heading\"><strong>ZIELE SETZEN UND EMISSIONEN \u00dcBERWACHEN  <\/strong><\/h2>\n\n<p>Jede signifikante Ver\u00e4nderung des Klimas wird sich auf diejenigen auswirken, die sowohl f\u00fcr ihren Lebensunterhalt als auch f\u00fcr ihr Gesch\u00e4ft auf Kaffee angewiesen sind. Die Nachhaltigkeitsstrategie von UCC konzentriert sich auf den Schutz der Umwelt und die Reduzierung von Emissionen, w\u00e4hrend wir zu einer kohlenstoff\u00e4rmeren Wirtschaft \u00fcbergehen. Weltweit hat sich UCC zu wissenschaftlich fundierten Zielen verpflichtet, um unsere Scope 1- und 2-Treibhausgasemissionen bis 2030 um 46% zu reduzieren (im Vergleich zum Stand von 2019) und bis 2040 Kohlenstoffneutralit\u00e4t zu erreichen. Im Jahr 2024 hat sich UCC Holdings (Singapore) bei der Science Based Targets initiative (SBTi) registriert, um diese Ziele validieren zu lassen und so sicherzustellen, dass unsere Verpflichtungen glaubw\u00fcrdig sind und mit den neuesten Erkenntnissen der Klimawissenschaft \u00fcbereinstimmen.   <\/p>\n\n<section id=\"content-block_02b76b978c323a1cdd62e105a1ac9dec\" class=\"block quote-block colour-palette-primary-background block-with-bg\">\n    <div class='quote-block-wrap'>\n        <div class='quote-block-content'>\n            <p class=\"h1\">Um Emissionen zu reduzieren, m\u00fcssen wir sie zun\u00e4chst verstehen und genau messen. Deshalb berechnet UCC seine Scope 1-3 Emissionen j\u00e4hrlich anhand der GHG Protocol Corporate Method. <\/p>\n                    <\/div>\n            <\/div>\n<\/section>\n<section\n    id=\"image-content-grid-block_eb44e6b8277c3ab9b860c40e95721f6c\"\n    class=\"block block-with-bg image-content-grid colour-palette-main\"\n    style=\"--image-grid-columns: 4; --mobile-image-grid-columns: 1;  \">\n            <header class=\"image-content-grid-header\">\n                            <h2>VORGELAGERTE PROZESSE  <\/h2>\n                                <\/header>\n                <div class=\"image-content-grid-grid\">\n                            <div                    href=''\n                    class=\"image-content-grid-item colour-palette-off-white-background  \"\n                    style=\"background-image: url(); background-size: cover\">\n                    <div class=\"image-content-grid-item-content\">\n                        <div>\n                                                                                        <h3 class='h4'>Bewertung von Klimarisiken &amp; Scope 3 Inventar<\/h3>\n                                                                                        <p>Bewertung von Klimarisiken und -chancen durch TCFD (Task Force on Climate-related Financial Disclosures) Analyse und globale Scope 3 Verifizierung.<\/p>\n                                                    <\/div>\n                                            <\/div>\n                                    <\/div>\n                            <div                    href=''\n                    class=\"image-content-grid-item colour-palette-off-white-background  \"\n                    style=\"background-image: url(); background-size: cover\">\n                    <div class=\"image-content-grid-item-content\">\n                        <div>\n                                                                                        <h3 class='h4'>Engagement der Lieferanten &amp; Emissionsreduzierung<\/h3>\n                                                                                        <p>Zusammenarbeit mit Lieferanten zur Verbesserung der Emissionsfaktoren und zur Umsetzung von Strategien zur Anpassung an den Klimawandel.<\/p>\n                                                    <\/div>\n                                            <\/div>\n                                    <\/div>\n                            <div                    href=''\n                    class=\"image-content-grid-item colour-palette-off-white-background  \"\n                    style=\"background-image: url(); background-size: cover\">\n                    <div class=\"image-content-grid-item-content\">\n                        <div>\n                                                                                        <h3 class='h4'>Umsetzung des GHG-Protokolls<\/h3>\n                                                                                        <p>Operationalisierung des Landsektors und der Umzugsrichtlinien, um glaubw\u00fcrdige Angaben zu den Auswirkungen zu gew\u00e4hrleisten.<\/p>\n                                                    <\/div>\n                                            <\/div>\n                                    <\/div>\n                            <div                    href=''\n                    class=\"image-content-grid-item colour-palette-off-white-background  \"\n                    style=\"background-image: url(); background-size: cover\">\n                    <div class=\"image-content-grid-item-content\">\n                        <div>\n                                                                                        <h3 class='h4'>Kohlenstoffarme &amp; Regenerative Angebote<\/h3>\n                                                                                        <p>Entwicklung von Kundenl\u00f6sungen f\u00fcr kohlenstoffarmen Kaffee zur Unterst\u00fctzung einer regenerativen Landwirtschaft und eines gerechten Klimawandels.<\/p>\n                                                    <\/div>\n                                            <\/div>\n                                    <\/div>\n                    <\/div>\n    <\/section>\n<section\n    id=\"image-content-grid-block_a7fcb4da7506e7b9eb9b9bcd75afc584\"\n    class=\"block block-with-bg image-content-grid colour-palette-off-white-background\"\n    style=\"--image-grid-columns: 4; --mobile-image-grid-columns: 1;  \">\n            <header class=\"image-content-grid-header\">\n                            <h2>UNSERE EIGENEN GESCH\u00c4FTE  <\/h2>\n                                <\/header>\n                <div class=\"image-content-grid-grid\">\n                            <div                    href=''\n                    class=\"image-content-grid-item colour-palette-white-background  \"\n                    style=\"background-image: url(); background-size: cover\">\n                    <div class=\"image-content-grid-item-content\">\n                        <div>\n                                                                                        <h3 class='h4'>Verifizierter Kohlenstoff-Fu\u00dfabdruck<\/h3>\n                                                                                        <p>Die Scope 1 &amp; 2 Emissionen von UCC Europe werden j\u00e4hrlich von Carbon Trust (ISO 14064-3:2019) \u00fcberpr\u00fcft.<\/p>\n                                                    <\/div>\n                                            <\/div>\n                                    <\/div>\n                            <div                    href=''\n                    class=\"image-content-grid-item colour-palette-white-background  \"\n                    style=\"background-image: url(); background-size: cover\">\n                    <div class=\"image-content-grid-item-content\">\n                        <div>\n                                                                                        <h3 class='h4'>Nachhaltiger Betrieb<\/h3>\n                                                                                        <p>Wichtige europ\u00e4ische R\u00f6stereien betreiben ISO 14001 &#8211; Umweltmanagementsysteme und arbeiten mit Strom, der zu 100 % aus erneuerbaren Quellen stammt.<\/p>\n                                                    <\/div>\n                                            <\/div>\n                                    <\/div>\n                            <div                    href=''\n                    class=\"image-content-grid-item colour-palette-white-background  \"\n                    style=\"background-image: url(); background-size: cover\">\n                    <div class=\"image-content-grid-item-content\">\n                        <div>\n                                                                                        <h3 class='h4'>Effizienz &amp; Innovation<\/h3>\n                                                                                        <p>Wir investieren weiterhin in energieeffiziente R\u00f6ster, W\u00e4rmetauscher und den Aufbau einer emissionsarmen Flotte zur Kundenbetreuung, parallel zu Investitionen in F&amp;E f\u00fcr Wasserstoff- und elektrisches R\u00f6sten.<\/p>\n                                                    <\/div>\n                                            <\/div>\n                                    <\/div>\n                            <div                    href=''\n                    class=\"image-content-grid-item colour-palette-white-background  \"\n                    style=\"background-image: url(); background-size: cover\">\n                    <div class=\"image-content-grid-item-content\">\n                        <div>\n                                                                                        <h3 class='h4'>Reduzierung der Emissionen<\/h3>\n                                                                                        <p>Weltweit hat UCC im Jahr 2024 eine absolute CO2e-Reduktion von 21,8 % im Vergleich zur Basislinie von 2019 erreicht.<\/p>\n                                                    <\/div>\n                                            <\/div>\n                                    <\/div>\n                    <\/div>\n    <\/section>\n<section\n    id=\"image-content-grid-block_d87f50d4279942424ece8a06b0bcb0fc\"\n    class=\"block block-with-bg image-content-grid colour-palette-main\"\n    style=\"--image-grid-columns: 3; --mobile-image-grid-columns: 1;  \">\n            <header class=\"image-content-grid-header\">\n                            <h2>TOTAL COFFEE SOLUTION<\/h2>\n                        <p>Scope 3 Einblicke: Identifizierung von Emissions-Hotspots bei der Kaffeezubereitung und den End-of-Life-Prozessen.<\/p>\n        <\/header>\n                <div class=\"image-content-grid-grid\">\n                            <div                    href=''\n                    class=\"image-content-grid-item colour-palette-off-white-background  \"\n                    style=\"background-image: url(); background-size: cover\">\n                    <div class=\"image-content-grid-item-content\">\n                        <div>\n                                                                                        <h3 class='h4'>Effizienz &amp; Abfallreduzierung<\/h3>\n                                                                                        <p>UCC COFFEEWORKS setzt auf bew\u00e4hrte Verfahren zur Minimierung von Kaffeeabf\u00e4llen und zur Verbesserung der Maschinenleistung.<\/p>\n                                                    <\/div>\n                                            <\/div>\n                                    <\/div>\n                            <div                    href=''\n                    class=\"image-content-grid-item colour-palette-off-white-background  \"\n                    style=\"background-image: url(); background-size: cover\">\n                    <div class=\"image-content-grid-item-content\">\n                        <div>\n                                                                                        <h3 class='h4'>Partnerschaften f\u00fcr die Kreislaufwirtschaft<\/h3>\n                                                                                        <p>Zusammenarbeit bei der Herstellung von Maschinen, Reparaturen, Recycling und der Integration von L\u00f6sungen f\u00fcr unsere Coffee To Go-Einheiten, um die Nachhaltigkeit zu verbessern.<\/p>\n                                                    <\/div>\n                                            <\/div>\n                                    <\/div>\n                            <div                    href=''\n                    class=\"image-content-grid-item colour-palette-off-white-background  \"\n                    style=\"background-image: url(); background-size: cover\">\n                    <div class=\"image-content-grid-item-content\">\n                        <div>\n                                                                                        <h3 class='h4'>Verfolgung des Carbon Footprints<\/h3>\n                                                                                        <p>Verbesserung der M\u00f6glichkeiten f\u00fcr recycelbare Verpackungen und der CO2-Bilanz unserer Produkte zur Unterst\u00fctzung unserer Kunden.<\/p>\n                                                    <\/div>\n                                            <\/div>\n                                    <\/div>\n                    <\/div>\n    <\/section>","protected":false},"excerpt":{"rendered":"<p>ZIELE SETZEN UND EMISSIONEN \u00dcBERWACHEN Jede signifikante Ver\u00e4nderung des Klimas wird sich auf diejenigen auswirken, die sowohl f\u00fcr ihren Lebensunterhalt als auch f\u00fcr ihr Gesch\u00e4ft auf Kaffee angewiesen sind. Die Nachhaltigkeitsstrategie von UCC konzentriert sich auf den Schutz der Umwelt und die Reduzierung von Emissionen, w\u00e4hrend wir zu einer kohlenstoff\u00e4rmeren Wirtschaft \u00fcbergehen. Weltweit hat sich&#8230;<\/p>\n","protected":false},"author":1,"featured_media":1973,"parent":1471,"menu_order":0,"comment_status":"closed","ping_status":"closed","template":"","meta":{"_acf_changed":false,"footnotes":""},"class_list":["post-1278","page","type-page","status-publish","has-post-thumbnail","hentry"],"acf":[],"yoast_head":"<!-- This site is optimized with the Yoast SEO plugin v27.3 - https:\/\/yoast.com\/product\/yoast-seo-wordpress\/ -->\n<title>Reduzierung der Kohlenstoffemissionen \u2013 UCC Europe<\/title>\n<meta name=\"description\" content=\"Erfahren Sie mehr \u00fcber die Bem\u00fchungen von UCC Europe zur Reduzierung der Kohlenstoffemissionen. Entdecken Sie unsere nachhaltigen Praktiken in der Kaffeeindustrie.\" \/>\n<meta name=\"robots\" content=\"index, follow, max-snippet:-1, max-image-preview:large, max-video-preview:-1\" \/>\n<link rel=\"canonical\" href=\"https:\/\/ucc-europe.com\/de\/nachhaltigkeit\/kohlenstoff-reduzieren\/\" \/>\n<meta property=\"og:locale\" content=\"de_DE\" \/>\n<meta property=\"og:type\" content=\"article\" \/>\n<meta property=\"og:title\" content=\"Reduzierung der Kohlenstoffemissionen \u2013 UCC Europe\" \/>\n<meta property=\"og:description\" content=\"Erfahren Sie mehr \u00fcber die Bem\u00fchungen von UCC Europe zur Reduzierung der Kohlenstoffemissionen. Entdecken Sie unsere nachhaltigen Praktiken in der Kaffeeindustrie.\" \/>\n<meta property=\"og:url\" content=\"https:\/\/ucc-europe.com\/de\/nachhaltigkeit\/kohlenstoff-reduzieren\/\" \/>\n<meta property=\"og:site_name\" content=\"UCC Europe - English\" \/>\n<meta property=\"article:modified_time\" content=\"2025-11-07T08:56:17+00:00\" \/>\n<meta property=\"og:image\" content=\"https:\/\/ucc-europe.com\/wp-content\/uploads\/2025\/08\/AdobeStock_422207291-scaled.jpeg\" \/>\n\t<meta property=\"og:image:width\" content=\"2560\" \/>\n\t<meta property=\"og:image:height\" content=\"1709\" \/>\n\t<meta property=\"og:image:type\" content=\"image\/jpeg\" \/>\n<meta name=\"twitter:card\" content=\"summary_large_image\" \/>\n<meta name=\"twitter:label1\" content=\"Gesch\u00e4tzte Lesezeit\" \/>\n\t<meta name=\"twitter:data1\" content=\"1\u00a0Minute\" \/>\n<script type=\"application\/ld+json\" class=\"yoast-schema-graph\">{\"@context\":\"https:\\\/\\\/schema.org\",\"@graph\":[{\"@type\":\"WebPage\",\"@id\":\"https:\\\/\\\/ucc-europe.com\\\/de\\\/nachhaltigkeit\\\/kohlenstoff-reduzieren\\\/\",\"url\":\"https:\\\/\\\/ucc-europe.com\\\/de\\\/nachhaltigkeit\\\/kohlenstoff-reduzieren\\\/\",\"name\":\"Reduzierung der Kohlenstoffemissionen \u2013 UCC Europe\",\"isPartOf\":{\"@id\":\"https:\\\/\\\/ucc-europe.com\\\/de\\\/#website\"},\"primaryImageOfPage\":{\"@id\":\"https:\\\/\\\/ucc-europe.com\\\/de\\\/nachhaltigkeit\\\/kohlenstoff-reduzieren\\\/#primaryimage\"},\"image\":{\"@id\":\"https:\\\/\\\/ucc-europe.com\\\/de\\\/nachhaltigkeit\\\/kohlenstoff-reduzieren\\\/#primaryimage\"},\"thumbnailUrl\":\"https:\\\/\\\/ucc-europe.com\\\/wp-content\\\/uploads\\\/2025\\\/08\\\/AdobeStock_422207291-scaled.jpeg\",\"datePublished\":\"2025-07-08T09:14:51+00:00\",\"dateModified\":\"2025-11-07T08:56:17+00:00\",\"description\":\"Erfahren Sie mehr \u00fcber die Bem\u00fchungen von UCC Europe zur Reduzierung der Kohlenstoffemissionen. Entdecken Sie unsere nachhaltigen Praktiken in der Kaffeeindustrie.\",\"breadcrumb\":{\"@id\":\"https:\\\/\\\/ucc-europe.com\\\/de\\\/nachhaltigkeit\\\/kohlenstoff-reduzieren\\\/#breadcrumb\"},\"inLanguage\":\"de\",\"potentialAction\":[{\"@type\":\"ReadAction\",\"target\":[\"https:\\\/\\\/ucc-europe.com\\\/de\\\/nachhaltigkeit\\\/kohlenstoff-reduzieren\\\/\"]}]},{\"@type\":\"ImageObject\",\"inLanguage\":\"de\",\"@id\":\"https:\\\/\\\/ucc-europe.com\\\/de\\\/nachhaltigkeit\\\/kohlenstoff-reduzieren\\\/#primaryimage\",\"url\":\"https:\\\/\\\/ucc-europe.com\\\/wp-content\\\/uploads\\\/2025\\\/08\\\/AdobeStock_422207291-scaled.jpeg\",\"contentUrl\":\"https:\\\/\\\/ucc-europe.com\\\/wp-content\\\/uploads\\\/2025\\\/08\\\/AdobeStock_422207291-scaled.jpeg\",\"width\":2560,\"height\":1709,\"caption\":\"Man Hands harvest coffee bean ripe Red berries plant fresh seed coffee tree growth in green eco organic farm. Close up hands harvest red ripe coffee seed robusta arabica berry harvesting coffee farm\"},{\"@type\":\"BreadcrumbList\",\"@id\":\"https:\\\/\\\/ucc-europe.com\\\/de\\\/nachhaltigkeit\\\/kohlenstoff-reduzieren\\\/#breadcrumb\",\"itemListElement\":[{\"@type\":\"ListItem\",\"position\":1,\"name\":\"Home\",\"item\":\"https:\\\/\\\/ucc-europe.com\\\/de\\\/\"},{\"@type\":\"ListItem\",\"position\":2,\"name\":\"Nachhaltigkeit\",\"item\":\"https:\\\/\\\/ucc-europe.com\\\/de\\\/nachhaltigkeit\\\/\"},{\"@type\":\"ListItem\",\"position\":3,\"name\":\"KOHLENSTOFF REDUZIEREN\"}]},{\"@type\":\"WebSite\",\"@id\":\"https:\\\/\\\/ucc-europe.com\\\/de\\\/#website\",\"url\":\"https:\\\/\\\/ucc-europe.com\\\/de\\\/\",\"name\":\"UCC Europe - English\",\"description\":\"\",\"potentialAction\":[{\"@type\":\"SearchAction\",\"target\":{\"@type\":\"EntryPoint\",\"urlTemplate\":\"https:\\\/\\\/ucc-europe.com\\\/de\\\/?s={search_term_string}\"},\"query-input\":{\"@type\":\"PropertyValueSpecification\",\"valueRequired\":true,\"valueName\":\"search_term_string\"}}],\"inLanguage\":\"de\"}]}<\/script>\n<!-- \/ Yoast SEO plugin. -->","yoast_head_json":{"title":"Reduzierung der Kohlenstoffemissionen \u2013 UCC Europe","description":"Erfahren Sie mehr \u00fcber die Bem\u00fchungen von UCC Europe zur Reduzierung der Kohlenstoffemissionen. Entdecken Sie unsere nachhaltigen Praktiken in der Kaffeeindustrie.","robots":{"index":"index","follow":"follow","max-snippet":"max-snippet:-1","max-image-preview":"max-image-preview:large","max-video-preview":"max-video-preview:-1"},"canonical":"https:\/\/ucc-europe.com\/de\/nachhaltigkeit\/kohlenstoff-reduzieren\/","og_locale":"de_DE","og_type":"article","og_title":"Reduzierung der Kohlenstoffemissionen \u2013 UCC Europe","og_description":"Erfahren Sie mehr \u00fcber die Bem\u00fchungen von UCC Europe zur Reduzierung der Kohlenstoffemissionen. Entdecken Sie unsere nachhaltigen Praktiken in der Kaffeeindustrie.","og_url":"https:\/\/ucc-europe.com\/de\/nachhaltigkeit\/kohlenstoff-reduzieren\/","og_site_name":"UCC Europe - English","article_modified_time":"2025-11-07T08:56:17+00:00","og_image":[{"width":2560,"height":1709,"url":"https:\/\/ucc-europe.com\/wp-content\/uploads\/2025\/08\/AdobeStock_422207291-scaled.jpeg","type":"image\/jpeg"}],"twitter_card":"summary_large_image","twitter_misc":{"Gesch\u00e4tzte Lesezeit":"1\u00a0Minute"},"schema":{"@context":"https:\/\/schema.org","@graph":[{"@type":"WebPage","@id":"https:\/\/ucc-europe.com\/de\/nachhaltigkeit\/kohlenstoff-reduzieren\/","url":"https:\/\/ucc-europe.com\/de\/nachhaltigkeit\/kohlenstoff-reduzieren\/","name":"Reduzierung der Kohlenstoffemissionen \u2013 UCC Europe","isPartOf":{"@id":"https:\/\/ucc-europe.com\/de\/#website"},"primaryImageOfPage":{"@id":"https:\/\/ucc-europe.com\/de\/nachhaltigkeit\/kohlenstoff-reduzieren\/#primaryimage"},"image":{"@id":"https:\/\/ucc-europe.com\/de\/nachhaltigkeit\/kohlenstoff-reduzieren\/#primaryimage"},"thumbnailUrl":"https:\/\/ucc-europe.com\/wp-content\/uploads\/2025\/08\/AdobeStock_422207291-scaled.jpeg","datePublished":"2025-07-08T09:14:51+00:00","dateModified":"2025-11-07T08:56:17+00:00","description":"Erfahren Sie mehr \u00fcber die Bem\u00fchungen von UCC Europe zur Reduzierung der Kohlenstoffemissionen. Entdecken Sie unsere nachhaltigen Praktiken in der Kaffeeindustrie.","breadcrumb":{"@id":"https:\/\/ucc-europe.com\/de\/nachhaltigkeit\/kohlenstoff-reduzieren\/#breadcrumb"},"inLanguage":"de","potentialAction":[{"@type":"ReadAction","target":["https:\/\/ucc-europe.com\/de\/nachhaltigkeit\/kohlenstoff-reduzieren\/"]}]},{"@type":"ImageObject","inLanguage":"de","@id":"https:\/\/ucc-europe.com\/de\/nachhaltigkeit\/kohlenstoff-reduzieren\/#primaryimage","url":"https:\/\/ucc-europe.com\/wp-content\/uploads\/2025\/08\/AdobeStock_422207291-scaled.jpeg","contentUrl":"https:\/\/ucc-europe.com\/wp-content\/uploads\/2025\/08\/AdobeStock_422207291-scaled.jpeg","width":2560,"height":1709,"caption":"Man Hands harvest coffee bean ripe Red berries plant fresh seed coffee tree growth in green eco organic farm. Close up hands harvest red ripe coffee seed robusta arabica berry harvesting coffee farm"},{"@type":"BreadcrumbList","@id":"https:\/\/ucc-europe.com\/de\/nachhaltigkeit\/kohlenstoff-reduzieren\/#breadcrumb","itemListElement":[{"@type":"ListItem","position":1,"name":"Home","item":"https:\/\/ucc-europe.com\/de\/"},{"@type":"ListItem","position":2,"name":"Nachhaltigkeit","item":"https:\/\/ucc-europe.com\/de\/nachhaltigkeit\/"},{"@type":"ListItem","position":3,"name":"KOHLENSTOFF REDUZIEREN"}]},{"@type":"WebSite","@id":"https:\/\/ucc-europe.com\/de\/#website","url":"https:\/\/ucc-europe.com\/de\/","name":"UCC Europe - English","description":"","potentialAction":[{"@type":"SearchAction","target":{"@type":"EntryPoint","urlTemplate":"https:\/\/ucc-europe.com\/de\/?s={search_term_string}"},"query-input":{"@type":"PropertyValueSpecification","valueRequired":true,"valueName":"search_term_string"}}],"inLanguage":"de"}]}},"_links":{"self":[{"href":"https:\/\/ucc-europe.com\/de\/wp-json\/wp\/v2\/pages\/1278","targetHints":{"allow":["GET"]}}],"collection":[{"href":"https:\/\/ucc-europe.com\/de\/wp-json\/wp\/v2\/pages"}],"about":[{"href":"https:\/\/ucc-europe.com\/de\/wp-json\/wp\/v2\/types\/page"}],"author":[{"embeddable":true,"href":"https:\/\/ucc-europe.com\/de\/wp-json\/wp\/v2\/users\/1"}],"replies":[{"embeddable":true,"href":"https:\/\/ucc-europe.com\/de\/wp-json\/wp\/v2\/comments?post=1278"}],"version-history":[{"count":0,"href":"https:\/\/ucc-europe.com\/de\/wp-json\/wp\/v2\/pages\/1278\/revisions"}],"up":[{"embeddable":true,"href":"https:\/\/ucc-europe.com\/de\/wp-json\/wp\/v2\/pages\/1471"}],"wp:featuredmedia":[{"embeddable":true,"href":"https:\/\/ucc-europe.com\/de\/wp-json\/wp\/v2\/media\/1973"}],"wp:attachment":[{"href":"https:\/\/ucc-europe.com\/de\/wp-json\/wp\/v2\/media?parent=1278"}],"curies":[{"name":"wp","href":"https:\/\/api.w.org\/{rel}","templated":true}]}}