{"id":1281,"date":"2024-09-17T12:49:27","date_gmt":"2024-09-17T12:49:27","guid":{"rendered":"https:\/\/ucceurope2024.wpenginepowered.com\/legal\/"},"modified":"2026-04-01T14:15:26","modified_gmt":"2026-04-01T14:15:26","slug":"legal","status":"publish","type":"page","link":"https:\/\/ucc-europe.com\/de\/legal\/","title":{"rendered":"Legal"},"content":{"rendered":"\n<h1 class=\"wp-block-heading\">Legal<\/h1>\n\n<h4 class=\"wp-block-heading\">J\u00e4hrliche Berichterstattung<\/h4>\n\n<p>Wir verpflichten uns zu ethischen Besch\u00e4ftigungspraktiken in unserem gesamten Unternehmen und in unserer gesamten Lieferkette. In unserer j\u00e4hrlichen Erkl\u00e4rung &#8220; <a href=\"\/wp-content\/uploads\/2024\/09\/UCC_FY2024-UCC-UK-MSA-statement_for-website2631.pdf\" target=\"_blank\" rel=\"noreferrer noopener\">Moderne Sklaverei und Menschenhandel <\/a>&#8220; finden Sie Einzelheiten zu unseren Richtlinien und Verfahren. Die Berichterstattung \u00fcber das geschlechtsspezifische Lohngef\u00e4lle wurde 2017 mit der Vorschrift eingef\u00fchrt, dass Unternehmen j\u00e4hrlich eine Analyse des geschlechtsspezifischen Lohngef\u00e4lles ver\u00f6ffentlichen m\u00fcssen. <a href=\"\/wp-content\/uploads\/2024\/09\/UCC24477-Gender-Pay-Gap-Report-2024-BM-V229.pdf\" target=\"_blank\" rel=\"noreferrer noopener\">Unser Gender Pay Gap Report<\/a> enth\u00e4lt unsere neueste Analyse. Unsere Gesundheits- und Sicherheitsrichtlinien verpflichten die Organisation auf allen Ebenen dazu, die Gesundheit, die Sicherheit und das Wohlergehen aller Mitarbeiter zu gew\u00e4hrleisten. UCC Coffee Limited ist ein professionelles und umweltbewusstes Unternehmen. Wir sind uns der Auswirkungen bewusst, die unsere Aktivit\u00e4ten auf die Umwelt haben k\u00f6nnen, und werden diese durch unsere Umweltpolitik so gering wie m\u00f6glich halten.     <\/p>\n\n<hr class=\"wp-block-separator has-alpha-channel-opacity\"\/>\n\n<h4 class=\"wp-block-heading\">Steuerstrategie<\/h4>\n\n<h5 class=\"wp-block-heading\"><strong>Umfang<\/strong><\/h5>\n\n<p>UCC Coffee ist das einzige Kaffeeunternehmen der Welt, das alle Aspekte des Kaffees &#8222;von der Tasse bis zum Samen&#8220; abdeckt. Die Muttergesellschaft von UCC Coffee befindet sich in Japan. Die europ\u00e4ischen Aktivit\u00e4ten (&#8218;UCC Europe&#8216;) werden von einer europ\u00e4ischen Zentrale mit Sitz in UCC Europe Limited in Gro\u00dfbritannien geleitet. <\/p>\n\n<p>UCC Europe ist Marktf\u00fchrer im Bereich Eigenmarken und Portionskaffee mit Niederlassungen in Frankreich, Deutschland, Irland, Portugal, den Niederlanden, Spanien, der Schweiz und Gro\u00dfbritannien. In Gro\u00dfbritannien liefert das Unternehmen Kaffee an Einzelh\u00e4ndler, Au\u00dfer-Haus-Marken und Food-Service-Unternehmen. Das Unternehmen bietet au\u00dferdem Kaffeemaschinen und unterst\u00fctzende Dienstleistungen f\u00fcr den Einzelhandel und den Au\u00dfer-Haus-Markt an.  <\/p>\n\n<p>Diese Strategie gilt f\u00fcr die UCC Europe Limited und die Unternehmensgruppe, an deren Spitze die UCC Europe Limited steht, in \u00dcbereinstimmung mit Absatz 17(4) von Schedule 19 des Finance Act 2016. Eine Liste der Unternehmen, f\u00fcr die sie gilt, ist unten aufgef\u00fchrt. In dieser Strategie beziehen sich Verweise auf &#8218;UCC&#8216;, &#8218;das Unternehmen&#8216; oder &#8218;die Gruppe&#8216; auf alle diese Unternehmen. Die Strategie wird in \u00dcbereinstimmung mit Paragraph 16(4) des Schedule ver\u00f6ffentlicht.   <\/p>\n\n<p>Diese Strategie gilt ab dem Datum der Ver\u00f6ffentlichung, bis sie durch eine neue ersetzt wird. Verweise auf &#8218;Besteuerung im Vereinigten K\u00f6nigreich&#8216; beziehen sich auf die in Paragraph 15(1) des Anhangs aufgef\u00fchrten Steuern und Abgaben, zu denen die Einkommenssteuer, die K\u00f6rperschaftssteuer, die Lohnsteuer, die NIC, die Mehrwertsteuer, die Versicherungspr\u00e4miensteuer und die Stempelsteuer (Stamp Duty Land Tax) geh\u00f6ren. Verweise auf &#8218;Steuer&#8216;, &#8218;Steuern&#8216; oder &#8218;Besteuerung&#8216; beziehen sich auf die Besteuerung im Vereinigten K\u00f6nigreich und auf alle entsprechenden weltweiten Steuern und \u00e4hnlichen Abgaben, f\u00fcr die die Gruppe rechtlich verantwortlich ist.  <\/p>\n\n<h5 class=\"wp-block-heading\"><strong><br\/>Ziel<\/strong><\/h5>\n\n<p>UCC verpflichtet sich zur vollst\u00e4ndigen Einhaltung aller gesetzlichen Verpflichtungen und zur vollst\u00e4ndigen Offenlegung gegen\u00fcber den zust\u00e4ndigen Steuerbeh\u00f6rden. Die Steuerangelegenheiten der Gruppe werden so gehandhabt, dass das Ansehen der Gruppe im Einklang mit den insgesamt hohen Standards der Unternehmensf\u00fchrung von UCC ber\u00fccksichtigt wird. <\/p>\n\n<h5 class=\"wp-block-heading\"><strong><br\/>Governance in Bezug auf die Besteuerung in Gro\u00dfbritannien<\/strong><\/h5>\n\n<p>Die letztendliche Verantwortung f\u00fcr die Steuerstrategie von UCC und die Einhaltung der Vorschriften liegt beim Vorstand der UCC Holdings Co Ltd in Japan;<br\/>Die Gesch\u00e4ftsf\u00fchrung der Gruppe wird vom Vorstand der UCC Holdings Co Ltd in Japan an den Vorstand von UCC delegiert.<br\/>Der CEO\/Gesch\u00e4ftsf\u00fchrer ist das Vorstandsmitglied von UCC mit exekutiver Verantwortung f\u00fcr Steuerangelegenheiten;<br\/>Das Tagesgesch\u00e4ft wird an den CFO\/Finanzdirektor delegiert, der dem CEO\/Gesch\u00e4ftsf\u00fchrer unterstellt ist.<br\/>Der CFO\/Finanzdirektor berichtet dem Vorstand von UCC \u00fcber Steuerangelegenheiten und -risiken w\u00e4hrend des Jahres;<br\/>Der Vorstand stellt sicher, dass die Steuerstrategie von UCC einer der Faktoren ist, die bei allen Investitionen und wichtigen Gesch\u00e4ftsentscheidungen ber\u00fccksichtigt werden;<\/p>\n\n<h5 class=\"wp-block-heading\"><strong><br\/>Risikomanagement<\/strong><\/h5>\n\n<p>UCC betreibt ein System zur Bewertung und Kontrolle von Steuerrisiken als Bestandteil des gesamten internen Kontrollrahmens f\u00fcr die Finanzberichterstattung des Konzerns;<br\/>UCC ist bestrebt, das Steuerrisiko, das sich aus seiner Gesch\u00e4ftst\u00e4tigkeit ergibt, so weit wie m\u00f6glich zu reduzieren, indem es sicherstellt, dass bei allen Prozessen, die sich wesentlich auf die Einhaltung seiner steuerlichen Verpflichtungen auswirken k\u00f6nnten, mit angemessener Sorgfalt vorgegangen wird;<br\/>Prozesse, die sich auf verschiedene Steuern beziehen, werden geeigneten Prozessverantwortlichen zugewiesen, die eine \u00dcberpr\u00fcfung der Aktivit\u00e4ten und Prozesse durchf\u00fchren, um die Hauptrisiken und die vorhandenen Kontrollen zur Risikominderung zu identifizieren. Diese Schl\u00fcsselrisiken werden im Hinblick auf gesch\u00e4ftliche und gesetzliche \u00c4nderungen, die sich auf sie auswirken k\u00f6nnten, \u00fcberwacht, und bei Bedarf werden \u00c4nderungen an den Prozessen oder Kontrollen vorgenommen;<br\/>Es werden angemessene Schulungen f\u00fcr Mitarbeiter au\u00dferhalb des Finanzteams durchgef\u00fchrt, die Angelegenheiten mit steuerlichen Auswirkungen verwalten oder bearbeiten;<br\/>Gegebenenfalls wird Rat von externen Beratern eingeholt. <\/p>\n\n<h5 class=\"wp-block-heading\"><strong><br\/>Einstellung zur Steuerplanung und Risikoniveau<\/strong><\/h5>\n\n<p>UCC verwaltet die Risiken, um die Einhaltung der gesetzlichen Vorschriften zu gew\u00e4hrleisten, und zwar so, dass die Zahlung des richtigen Steuerbetrags sichergestellt ist.<\/p>\n\n<p>Bei kommerziellen Transaktionen ist UCC bestrebt, die verf\u00fcgbaren Steueranreize, -erleichterungen und -befreiungen im Einklang mit der Steuergesetzgebung und im Sinne dieser zu nutzen. UCC f\u00fchrt keine Steuerplanung durch, die nicht im Zusammenhang mit solchen kommerziellen Transaktionen steht. <\/p>\n\n<p>Das Risikoniveau, das UCC in Bezug auf die Besteuerung in Gro\u00dfbritannien akzeptiert, steht im Einklang mit dem Gesamtziel, Sicherheit in den Steuerangelegenheiten der Gruppe zu erreichen. UCC ist jederzeit bestrebt, seine aufsichtsrechtlichen und sonstigen Verpflichtungen in vollem Umfang zu erf\u00fcllen und so zu handeln, dass sein Ruf als verantwortungsbewusster Unternehmensb\u00fcrger gewahrt bleibt. In Bezug auf jede spezifische Angelegenheit oder Transaktion ist der Vorstand letztendlich daf\u00fcr verantwortlich, die Risiken, einschlie\u00dflich der Steuerrisiken, zu identifizieren, die angegangen werden m\u00fcssen, und zu bestimmen, welche Ma\u00dfnahmen ergriffen werden sollten, um diese Risiken zu managen, wobei die Wesentlichkeit der fraglichen Betr\u00e4ge und Verpflichtungen ber\u00fccksichtigt wird.  <\/p>\n\n<h5 class=\"wp-block-heading\"><strong><br\/>Beziehung zum HMRC<\/strong><\/h5>\n\n<p>UCC bem\u00fcht sich um eine transparente und konstruktive Beziehung zum HMRC durch regelm\u00e4\u00dfige Treffen und Kommunikation in Bezug auf die Entwicklungen im Gesch\u00e4ft von UCC, aktuelle, zuk\u00fcnftige und r\u00fcckwirkende Steuerrisiken und die Auslegung der Gesetze in Bezug auf alle relevanten Steuern.<\/p>\n\n<p>UCC stellt sicher, dass HMRC \u00fcber wichtige Transaktionen und \u00c4nderungen im Unternehmen informiert wird und versucht, alle auftretenden Steuerprobleme fr\u00fchzeitig zu besprechen. Bei der Einreichung von Steuerberechnungen und -erkl\u00e4rungen an HMRC legt UCC alle relevanten Fakten offen und identifiziert alle Transaktionen oder Themen, bei denen es der Ansicht ist, dass die steuerliche Behandlung unsicher sein k\u00f6nnte. <\/p>\n\n<p>Alle versehentlichen Fehler in den an HMRC \u00fcbermittelten Unterlagen werden so schnell wie m\u00f6glich nach ihrer Entdeckung vollst\u00e4ndig offengelegt.<\/p>\n\n<h5 class=\"wp-block-heading\"><strong><br\/>Liste der von dieser Steuerstrategie betroffenen Unternehmen<\/strong><\/h5>\n\n<ul class=\"wp-block-list\">\n<li>UCC Europe Limited<\/li>\n\n\n\n<li>UCC Coffee UK Holdings Limited<\/li>\n\n\n\n<li>UCC Coffee UK Limited<\/li>\n\n\n\n<li>UCC Europe Finance Limited<\/li>\n<\/ul>\n","protected":false},"excerpt":{"rendered":"<p>Legal J\u00e4hrliche Berichterstattung Wir verpflichten uns zu ethischen Besch\u00e4ftigungspraktiken in unserem gesamten Unternehmen und in unserer gesamten Lieferkette. In unserer j\u00e4hrlichen Erkl\u00e4rung &#8220; Moderne Sklaverei und Menschenhandel &#8220; finden Sie Einzelheiten zu unseren Richtlinien und Verfahren. Die Berichterstattung \u00fcber das geschlechtsspezifische Lohngef\u00e4lle wurde 2017 mit der Vorschrift eingef\u00fchrt, dass Unternehmen j\u00e4hrlich eine Analyse des geschlechtsspezifischen&#8230;<\/p>\n","protected":false},"author":1,"featured_media":0,"parent":0,"menu_order":0,"comment_status":"closed","ping_status":"closed","template":"","meta":{"_acf_changed":false,"footnotes":""},"class_list":["post-1281","page","type-page","status-publish","hentry"],"acf":[],"yoast_head":"<!-- This site is optimized with the Yoast SEO plugin v27.3 - https:\/\/yoast.com\/product\/yoast-seo-wordpress\/ -->\n<title>Legal - UCC Europe - English<\/title>\n<meta name=\"robots\" content=\"index, follow, max-snippet:-1, max-image-preview:large, max-video-preview:-1\" \/>\n<link rel=\"canonical\" href=\"https:\/\/ucc-europe.com\/de\/legal\/\" \/>\n<meta property=\"og:locale\" content=\"de_DE\" \/>\n<meta property=\"og:type\" content=\"article\" \/>\n<meta property=\"og:title\" content=\"Legal - UCC Europe - English\" \/>\n<meta property=\"og:description\" content=\"Legal J\u00e4hrliche Berichterstattung Wir verpflichten uns zu ethischen Besch\u00e4ftigungspraktiken in unserem gesamten Unternehmen und in unserer gesamten Lieferkette. In unserer j\u00e4hrlichen Erkl\u00e4rung &#8220; Moderne Sklaverei und Menschenhandel &#8220; finden Sie Einzelheiten zu unseren Richtlinien und Verfahren. Die Berichterstattung \u00fcber das geschlechtsspezifische Lohngef\u00e4lle wurde 2017 mit der Vorschrift eingef\u00fchrt, dass Unternehmen j\u00e4hrlich eine Analyse des geschlechtsspezifischen...\" \/>\n<meta property=\"og:url\" content=\"https:\/\/ucc-europe.com\/de\/legal\/\" \/>\n<meta property=\"og:site_name\" content=\"UCC Europe - English\" \/>\n<meta property=\"article:modified_time\" content=\"2026-04-01T14:15:26+00:00\" \/>\n<meta name=\"twitter:card\" content=\"summary_large_image\" \/>\n<meta name=\"twitter:label1\" content=\"Gesch\u00e4tzte Lesezeit\" \/>\n\t<meta name=\"twitter:data1\" content=\"5\u00a0Minute\" \/>\n<script type=\"application\/ld+json\" class=\"yoast-schema-graph\">{\"@context\":\"https:\\\/\\\/schema.org\",\"@graph\":[{\"@type\":\"WebPage\",\"@id\":\"https:\\\/\\\/ucc-europe.com\\\/de\\\/legal\\\/\",\"url\":\"https:\\\/\\\/ucc-europe.com\\\/de\\\/legal\\\/\",\"name\":\"Legal - UCC Europe - English\",\"isPartOf\":{\"@id\":\"https:\\\/\\\/ucc-europe.com\\\/de\\\/#website\"},\"datePublished\":\"2024-09-17T12:49:27+00:00\",\"dateModified\":\"2026-04-01T14:15:26+00:00\",\"breadcrumb\":{\"@id\":\"https:\\\/\\\/ucc-europe.com\\\/de\\\/legal\\\/#breadcrumb\"},\"inLanguage\":\"de\",\"potentialAction\":[{\"@type\":\"ReadAction\",\"target\":[\"https:\\\/\\\/ucc-europe.com\\\/de\\\/legal\\\/\"]}]},{\"@type\":\"BreadcrumbList\",\"@id\":\"https:\\\/\\\/ucc-europe.com\\\/de\\\/legal\\\/#breadcrumb\",\"itemListElement\":[{\"@type\":\"ListItem\",\"position\":1,\"name\":\"Home\",\"item\":\"https:\\\/\\\/ucc-europe.com\\\/de\\\/\"},{\"@type\":\"ListItem\",\"position\":2,\"name\":\"Legal\"}]},{\"@type\":\"WebSite\",\"@id\":\"https:\\\/\\\/ucc-europe.com\\\/de\\\/#website\",\"url\":\"https:\\\/\\\/ucc-europe.com\\\/de\\\/\",\"name\":\"UCC Europe - English\",\"description\":\"\",\"potentialAction\":[{\"@type\":\"SearchAction\",\"target\":{\"@type\":\"EntryPoint\",\"urlTemplate\":\"https:\\\/\\\/ucc-europe.com\\\/de\\\/?s={search_term_string}\"},\"query-input\":{\"@type\":\"PropertyValueSpecification\",\"valueRequired\":true,\"valueName\":\"search_term_string\"}}],\"inLanguage\":\"de\"}]}<\/script>\n<!-- \/ Yoast SEO plugin. -->","yoast_head_json":{"title":"Legal - UCC Europe - English","robots":{"index":"index","follow":"follow","max-snippet":"max-snippet:-1","max-image-preview":"max-image-preview:large","max-video-preview":"max-video-preview:-1"},"canonical":"https:\/\/ucc-europe.com\/de\/legal\/","og_locale":"de_DE","og_type":"article","og_title":"Legal - UCC Europe - English","og_description":"Legal J\u00e4hrliche Berichterstattung Wir verpflichten uns zu ethischen Besch\u00e4ftigungspraktiken in unserem gesamten Unternehmen und in unserer gesamten Lieferkette. In unserer j\u00e4hrlichen Erkl\u00e4rung &#8220; Moderne Sklaverei und Menschenhandel &#8220; finden Sie Einzelheiten zu unseren Richtlinien und Verfahren. Die Berichterstattung \u00fcber das geschlechtsspezifische Lohngef\u00e4lle wurde 2017 mit der Vorschrift eingef\u00fchrt, dass Unternehmen j\u00e4hrlich eine Analyse des geschlechtsspezifischen...","og_url":"https:\/\/ucc-europe.com\/de\/legal\/","og_site_name":"UCC Europe - English","article_modified_time":"2026-04-01T14:15:26+00:00","twitter_card":"summary_large_image","twitter_misc":{"Gesch\u00e4tzte Lesezeit":"5\u00a0Minute"},"schema":{"@context":"https:\/\/schema.org","@graph":[{"@type":"WebPage","@id":"https:\/\/ucc-europe.com\/de\/legal\/","url":"https:\/\/ucc-europe.com\/de\/legal\/","name":"Legal - UCC Europe - English","isPartOf":{"@id":"https:\/\/ucc-europe.com\/de\/#website"},"datePublished":"2024-09-17T12:49:27+00:00","dateModified":"2026-04-01T14:15:26+00:00","breadcrumb":{"@id":"https:\/\/ucc-europe.com\/de\/legal\/#breadcrumb"},"inLanguage":"de","potentialAction":[{"@type":"ReadAction","target":["https:\/\/ucc-europe.com\/de\/legal\/"]}]},{"@type":"BreadcrumbList","@id":"https:\/\/ucc-europe.com\/de\/legal\/#breadcrumb","itemListElement":[{"@type":"ListItem","position":1,"name":"Home","item":"https:\/\/ucc-europe.com\/de\/"},{"@type":"ListItem","position":2,"name":"Legal"}]},{"@type":"WebSite","@id":"https:\/\/ucc-europe.com\/de\/#website","url":"https:\/\/ucc-europe.com\/de\/","name":"UCC Europe - English","description":"","potentialAction":[{"@type":"SearchAction","target":{"@type":"EntryPoint","urlTemplate":"https:\/\/ucc-europe.com\/de\/?s={search_term_string}"},"query-input":{"@type":"PropertyValueSpecification","valueRequired":true,"valueName":"search_term_string"}}],"inLanguage":"de"}]}},"_links":{"self":[{"href":"https:\/\/ucc-europe.com\/de\/wp-json\/wp\/v2\/pages\/1281","targetHints":{"allow":["GET"]}}],"collection":[{"href":"https:\/\/ucc-europe.com\/de\/wp-json\/wp\/v2\/pages"}],"about":[{"href":"https:\/\/ucc-europe.com\/de\/wp-json\/wp\/v2\/types\/page"}],"author":[{"embeddable":true,"href":"https:\/\/ucc-europe.com\/de\/wp-json\/wp\/v2\/users\/1"}],"replies":[{"embeddable":true,"href":"https:\/\/ucc-europe.com\/de\/wp-json\/wp\/v2\/comments?post=1281"}],"version-history":[{"count":0,"href":"https:\/\/ucc-europe.com\/de\/wp-json\/wp\/v2\/pages\/1281\/revisions"}],"wp:attachment":[{"href":"https:\/\/ucc-europe.com\/de\/wp-json\/wp\/v2\/media?parent=1281"}],"curies":[{"name":"wp","href":"https:\/\/api.w.org\/{rel}","templated":true}]}}