{"id":1286,"date":"2024-09-17T11:11:04","date_gmt":"2024-09-17T11:11:04","guid":{"rendered":"https:\/\/ucceurope2024.wpenginepowered.com\/kaffee-zum-mitnehmen\/"},"modified":"2025-08-13T08:59:55","modified_gmt":"2025-08-13T08:59:55","slug":"kaffee-zum-mitnehmen","status":"publish","type":"page","link":"https:\/\/ucc-europe.com\/de\/kaffee-zum-mitnehmen\/","title":{"rendered":"Kaffee zum Mitnehmen"},"content":{"rendered":"\n<section id=\"content-block_73d1ce80c2169b0d62d3d4a7ae02804f\" class=\"block quote-block colour-palette-dark-background block-with-bg\">\n    <div class='quote-block-wrap'>\n        <div class='quote-block-content'>\n            <h2>Automatisierte Premium-Kaffeel\u00f6sung<\/h2>\n<p>Entdecken Sie UCC TO GO, die ultimative automatische L\u00f6sung f\u00fcr den Verkauf von frischem Kaffee. Dieser erstklassige Bohne-zu-Tasse-Automat bietet Schnelligkeit, Zuverl\u00e4ssigkeit und umfangreiche Anpassungsm\u00f6glichkeiten, so dass Sie ihn m\u00fchelos an Ihre Marke anpassen k\u00f6nnen. Aktualisieren Sie saisonale Men\u00fcs und Preise ganz einfach per Fernzugriff und sorgen Sie so f\u00fcr einen reibungslosen Betrieb ohne Anpassungen vor Ort. Verbessern Sie Ihr Selbstbedienungs-Kaffeeerlebnis mit dem vielseitigsten Ger\u00e4t auf dem Markt.   <\/p>\n                    <\/div>\n            <\/div>\n<\/section>","protected":false},"excerpt":{"rendered":"","protected":false},"author":1,"featured_media":1287,"parent":0,"menu_order":0,"comment_status":"closed","ping_status":"closed","template":"","meta":{"_acf_changed":false,"footnotes":""},"class_list":["post-1286","page","type-page","status-publish","has-post-thumbnail","hentry"],"acf":[],"yoast_head":"<!-- This site is optimized with the Yoast SEO plugin v27.3 - https:\/\/yoast.com\/product\/yoast-seo-wordpress\/ -->\n<title>Kaffee zum Mitnehmen - UCC Europe - English<\/title>\n<meta name=\"robots\" content=\"index, follow, max-snippet:-1, max-image-preview:large, max-video-preview:-1\" \/>\n<link rel=\"canonical\" href=\"https:\/\/ucc-europe.com\/de\/kaffee-zum-mitnehmen\/\" \/>\n<meta property=\"og:locale\" content=\"de_DE\" \/>\n<meta property=\"og:type\" content=\"article\" \/>\n<meta property=\"og:title\" content=\"Kaffee zum Mitnehmen - UCC Europe - English\" \/>\n<meta property=\"og:url\" content=\"https:\/\/ucc-europe.com\/de\/kaffee-zum-mitnehmen\/\" \/>\n<meta property=\"og:site_name\" content=\"UCC Europe - English\" \/>\n<meta property=\"article:modified_time\" content=\"2025-08-13T08:59:55+00:00\" \/>\n<meta property=\"og:image\" content=\"https:\/\/ucc-europe.com\/wp-content\/uploads\/2024\/12\/UCC24092_Webpage_AH_1800-x-6531856.jpg\" \/>\n\t<meta property=\"og:image:width\" content=\"1800\" \/>\n\t<meta property=\"og:image:height\" content=\"653\" \/>\n\t<meta property=\"og:image:type\" content=\"image\/jpeg\" \/>\n<meta name=\"twitter:card\" content=\"summary_large_image\" \/>\n<script type=\"application\/ld+json\" class=\"yoast-schema-graph\">{\"@context\":\"https:\\\/\\\/schema.org\",\"@graph\":[{\"@type\":\"WebPage\",\"@id\":\"https:\\\/\\\/ucc-europe.com\\\/de\\\/kaffee-zum-mitnehmen\\\/\",\"url\":\"https:\\\/\\\/ucc-europe.com\\\/de\\\/kaffee-zum-mitnehmen\\\/\",\"name\":\"Kaffee zum Mitnehmen - UCC Europe - English\",\"isPartOf\":{\"@id\":\"https:\\\/\\\/ucc-europe.com\\\/de\\\/#website\"},\"primaryImageOfPage\":{\"@id\":\"https:\\\/\\\/ucc-europe.com\\\/de\\\/kaffee-zum-mitnehmen\\\/#primaryimage\"},\"image\":{\"@id\":\"https:\\\/\\\/ucc-europe.com\\\/de\\\/kaffee-zum-mitnehmen\\\/#primaryimage\"},\"thumbnailUrl\":\"https:\\\/\\\/ucc-europe.com\\\/wp-content\\\/uploads\\\/2024\\\/12\\\/UCC24092_Webpage_AH_1800-x-6531856.jpg\",\"datePublished\":\"2024-09-17T11:11:04+00:00\",\"dateModified\":\"2025-08-13T08:59:55+00:00\",\"breadcrumb\":{\"@id\":\"https:\\\/\\\/ucc-europe.com\\\/de\\\/kaffee-zum-mitnehmen\\\/#breadcrumb\"},\"inLanguage\":\"de\",\"potentialAction\":[{\"@type\":\"ReadAction\",\"target\":[\"https:\\\/\\\/ucc-europe.com\\\/de\\\/kaffee-zum-mitnehmen\\\/\"]}]},{\"@type\":\"ImageObject\",\"inLanguage\":\"de\",\"@id\":\"https:\\\/\\\/ucc-europe.com\\\/de\\\/kaffee-zum-mitnehmen\\\/#primaryimage\",\"url\":\"https:\\\/\\\/ucc-europe.com\\\/wp-content\\\/uploads\\\/2024\\\/12\\\/UCC24092_Webpage_AH_1800-x-6531856.jpg\",\"contentUrl\":\"https:\\\/\\\/ucc-europe.com\\\/wp-content\\\/uploads\\\/2024\\\/12\\\/UCC24092_Webpage_AH_1800-x-6531856.jpg\",\"width\":1800,\"height\":653},{\"@type\":\"BreadcrumbList\",\"@id\":\"https:\\\/\\\/ucc-europe.com\\\/de\\\/kaffee-zum-mitnehmen\\\/#breadcrumb\",\"itemListElement\":[{\"@type\":\"ListItem\",\"position\":1,\"name\":\"Home\",\"item\":\"https:\\\/\\\/ucc-europe.com\\\/de\\\/\"},{\"@type\":\"ListItem\",\"position\":2,\"name\":\"Kaffee zum Mitnehmen\"}]},{\"@type\":\"WebSite\",\"@id\":\"https:\\\/\\\/ucc-europe.com\\\/de\\\/#website\",\"url\":\"https:\\\/\\\/ucc-europe.com\\\/de\\\/\",\"name\":\"UCC Europe - English\",\"description\":\"\",\"potentialAction\":[{\"@type\":\"SearchAction\",\"target\":{\"@type\":\"EntryPoint\",\"urlTemplate\":\"https:\\\/\\\/ucc-europe.com\\\/de\\\/?s={search_term_string}\"},\"query-input\":{\"@type\":\"PropertyValueSpecification\",\"valueRequired\":true,\"valueName\":\"search_term_string\"}}],\"inLanguage\":\"de\"}]}<\/script>\n<!-- \/ Yoast SEO plugin. -->","yoast_head_json":{"title":"Kaffee zum Mitnehmen - UCC Europe - English","robots":{"index":"index","follow":"follow","max-snippet":"max-snippet:-1","max-image-preview":"max-image-preview:large","max-video-preview":"max-video-preview:-1"},"canonical":"https:\/\/ucc-europe.com\/de\/kaffee-zum-mitnehmen\/","og_locale":"de_DE","og_type":"article","og_title":"Kaffee zum Mitnehmen - UCC Europe - English","og_url":"https:\/\/ucc-europe.com\/de\/kaffee-zum-mitnehmen\/","og_site_name":"UCC Europe - English","article_modified_time":"2025-08-13T08:59:55+00:00","og_image":[{"width":1800,"height":653,"url":"https:\/\/ucc-europe.com\/wp-content\/uploads\/2024\/12\/UCC24092_Webpage_AH_1800-x-6531856.jpg","type":"image\/jpeg"}],"twitter_card":"summary_large_image","schema":{"@context":"https:\/\/schema.org","@graph":[{"@type":"WebPage","@id":"https:\/\/ucc-europe.com\/de\/kaffee-zum-mitnehmen\/","url":"https:\/\/ucc-europe.com\/de\/kaffee-zum-mitnehmen\/","name":"Kaffee zum Mitnehmen - UCC Europe - English","isPartOf":{"@id":"https:\/\/ucc-europe.com\/de\/#website"},"primaryImageOfPage":{"@id":"https:\/\/ucc-europe.com\/de\/kaffee-zum-mitnehmen\/#primaryimage"},"image":{"@id":"https:\/\/ucc-europe.com\/de\/kaffee-zum-mitnehmen\/#primaryimage"},"thumbnailUrl":"https:\/\/ucc-europe.com\/wp-content\/uploads\/2024\/12\/UCC24092_Webpage_AH_1800-x-6531856.jpg","datePublished":"2024-09-17T11:11:04+00:00","dateModified":"2025-08-13T08:59:55+00:00","breadcrumb":{"@id":"https:\/\/ucc-europe.com\/de\/kaffee-zum-mitnehmen\/#breadcrumb"},"inLanguage":"de","potentialAction":[{"@type":"ReadAction","target":["https:\/\/ucc-europe.com\/de\/kaffee-zum-mitnehmen\/"]}]},{"@type":"ImageObject","inLanguage":"de","@id":"https:\/\/ucc-europe.com\/de\/kaffee-zum-mitnehmen\/#primaryimage","url":"https:\/\/ucc-europe.com\/wp-content\/uploads\/2024\/12\/UCC24092_Webpage_AH_1800-x-6531856.jpg","contentUrl":"https:\/\/ucc-europe.com\/wp-content\/uploads\/2024\/12\/UCC24092_Webpage_AH_1800-x-6531856.jpg","width":1800,"height":653},{"@type":"BreadcrumbList","@id":"https:\/\/ucc-europe.com\/de\/kaffee-zum-mitnehmen\/#breadcrumb","itemListElement":[{"@type":"ListItem","position":1,"name":"Home","item":"https:\/\/ucc-europe.com\/de\/"},{"@type":"ListItem","position":2,"name":"Kaffee zum Mitnehmen"}]},{"@type":"WebSite","@id":"https:\/\/ucc-europe.com\/de\/#website","url":"https:\/\/ucc-europe.com\/de\/","name":"UCC Europe - English","description":"","potentialAction":[{"@type":"SearchAction","target":{"@type":"EntryPoint","urlTemplate":"https:\/\/ucc-europe.com\/de\/?s={search_term_string}"},"query-input":{"@type":"PropertyValueSpecification","valueRequired":true,"valueName":"search_term_string"}}],"inLanguage":"de"}]}},"_links":{"self":[{"href":"https:\/\/ucc-europe.com\/de\/wp-json\/wp\/v2\/pages\/1286","targetHints":{"allow":["GET"]}}],"collection":[{"href":"https:\/\/ucc-europe.com\/de\/wp-json\/wp\/v2\/pages"}],"about":[{"href":"https:\/\/ucc-europe.com\/de\/wp-json\/wp\/v2\/types\/page"}],"author":[{"embeddable":true,"href":"https:\/\/ucc-europe.com\/de\/wp-json\/wp\/v2\/users\/1"}],"replies":[{"embeddable":true,"href":"https:\/\/ucc-europe.com\/de\/wp-json\/wp\/v2\/comments?post=1286"}],"version-history":[{"count":0,"href":"https:\/\/ucc-europe.com\/de\/wp-json\/wp\/v2\/pages\/1286\/revisions"}],"wp:featuredmedia":[{"embeddable":true,"href":"https:\/\/ucc-europe.com\/de\/wp-json\/wp\/v2\/media\/1287"}],"wp:attachment":[{"href":"https:\/\/ucc-europe.com\/de\/wp-json\/wp\/v2\/media?parent=1286"}],"curies":[{"name":"wp","href":"https:\/\/api.w.org\/{rel}","templated":true}]}}