{"id":1471,"date":"2024-09-16T13:26:45","date_gmt":"2024-09-16T13:26:45","guid":{"rendered":"https:\/\/ucceurope2024.wpenginepowered.com\/nachhaltigkeit\/"},"modified":"2025-11-06T09:54:17","modified_gmt":"2025-11-06T09:54:17","slug":"nachhaltigkeit","status":"publish","type":"page","link":"https:\/\/ucc-europe.com\/de\/nachhaltigkeit\/","title":{"rendered":"Nachhaltigkeit"},"content":{"rendered":"\n<section id=\"content-block_75ca59b3ec956614b8033fea751e23a3\" class=\"block quote-block colour-palette-main block-with-bg\">\n    <div class='quote-block-wrap'>\n        <div class='quote-block-content'>\n            <h2>UCC NACHHALTIGKEITSSTRATEGIE<\/h2>\n<p>Positive Ver\u00e4nderungen durch Kaffee vorantreiben<\/p>\n<hr>\n<p>Bei UCC steht Nachhaltigkeit im Mittelpunkt unseres Handelns. Von der Beschaffung unserer Bohnen bis hin zur Minimierung unserer Umweltauswirkungen setzen wir uns daf\u00fcr ein, die Kraft des Kaffees f\u00fcr eine bessere Welt zu nutzen. <\/p>\n                    <\/div>\n            <\/div>\n<\/section>\n<section\n    id=\"image-with-text-overlay-block_1d189b2bccf93fb8f9f4d7088c27d475\"\n    class=\"block block-with-bg colour-palette-white-background image-with-text-overlay ascent-shape\">\n    <figure class=\"image-with-text-overlay-media oval\">\n                    <img decoding=\"async\" width=\"1093\" height=\"728\" src=\"https:\/\/ucc-europe.com\/wp-content\/uploads\/2025\/07\/UCC-sustainability-1093x728.jpg\" class=\"attachment-image_text_overlay size-image_text_overlay\" alt=\"\" style=\"object-fit: cover;\" loading=\"lazy\" srcset=\"https:\/\/ucc-europe.com\/wp-content\/uploads\/2025\/07\/UCC-sustainability-1093x728.jpg 1093w, https:\/\/ucc-europe.com\/wp-content\/uploads\/2025\/07\/UCC-sustainability-300x200.jpg 300w, https:\/\/ucc-europe.com\/wp-content\/uploads\/2025\/07\/UCC-sustainability-1024x682.jpg 1024w, https:\/\/ucc-europe.com\/wp-content\/uploads\/2025\/07\/UCC-sustainability-768x512.jpg 768w, https:\/\/ucc-europe.com\/wp-content\/uploads\/2025\/07\/UCC-sustainability-1536x1024.jpg 1536w, https:\/\/ucc-europe.com\/wp-content\/uploads\/2025\/07\/UCC-sustainability-960x640.jpg 960w, https:\/\/ucc-europe.com\/wp-content\/uploads\/2025\/07\/UCC-sustainability-95x63.jpg 95w, https:\/\/ucc-europe.com\/wp-content\/uploads\/2025\/07\/UCC-sustainability-200x133.jpg 200w, https:\/\/ucc-europe.com\/wp-content\/uploads\/2025\/07\/UCC-sustainability-210x140.jpg 210w, https:\/\/ucc-europe.com\/wp-content\/uploads\/2025\/07\/UCC-sustainability-1920x1280.jpg 1920w, https:\/\/ucc-europe.com\/wp-content\/uploads\/2025\/07\/UCC-sustainability-704x469.jpg 704w, https:\/\/ucc-europe.com\/wp-content\/uploads\/2025\/07\/UCC-sustainability-586x391.jpg 586w, https:\/\/ucc-europe.com\/wp-content\/uploads\/2025\/07\/UCC-sustainability-560x373.jpg 560w, https:\/\/ucc-europe.com\/wp-content\/uploads\/2025\/07\/UCC-sustainability-600x400.jpg 600w, https:\/\/ucc-europe.com\/wp-content\/uploads\/2025\/07\/UCC-sustainability-374x249.jpg 374w, https:\/\/ucc-europe.com\/wp-content\/uploads\/2025\/07\/UCC-sustainability-1400x933.jpg 1400w, https:\/\/ucc-europe.com\/wp-content\/uploads\/2025\/07\/UCC-sustainability-264x176.jpg 264w, https:\/\/ucc-europe.com\/wp-content\/uploads\/2025\/07\/UCC-sustainability-278x185.jpg 278w, https:\/\/ucc-europe.com\/wp-content\/uploads\/2025\/07\/UCC-sustainability.jpg 2000w\" sizes=\"auto, (max-width: 1093px) 100vw, 1093px\" \/>            <\/figure>\n    <article class=\"image-with-text-overlay-content\">\n                    <h2>Unsere Nachhaltigkeitsgeschichte<\/h2>\n                            <p>Wir sind ein global integriertes Kaffeeunternehmen, das vom Anbau bis zur Tasse t\u00e4tig ist. Unser Ziel ist es, die Kraft des Kaffees f\u00fcr eine bessere Welt zu nutzen. Um dieses Ziel zu erreichen, haben wir uns zu einer Reihe von Initiativen verpflichtet, die sich auf die F\u00f6rderung der Nachhaltigkeit in der gesamten Kaffeeindustrie konzentrieren. Heute haben wir unser Engagement f\u00fcr eine nachhaltige Zukunft mit einer neuen Vision formuliert, um positive Ver\u00e4nderungen f\u00fcr Mensch und Planet voranzutreiben und so eine bessere Zukunft f\u00fcr alle zu schaffen.    <\/p>\n                            <div class='btn-wrap'>\n                                <a href=\"https:\/\/www.ucc.co.jp\/dist\/downloads\/2025\/ucc-sustainability-en.pdf\" class=\"btn\" target=\"_blank\">Unseren Bericht ansehen<span><\/span><span><\/span><\/a>\n            <\/div>\n            <\/article>\n<\/section>\n<section id=\"features\/block-block_38f4bcfcfaca9e444e2952fbcf2d9c15\" class=\"block features_block colour-palette-main block-with-bg\">\n            <header class=\"features_block-intro\">\n                            <h2>Nachhaltigkeitsrahmen<\/h2>\n                                <\/header>\n        <div class=\"features_block-content\">\n                    <div class=\"features_block-left-content\">\n                <p><strong>Bis 2030 einen bedeutenden positiven Einfluss auf die Gesellschaft durch Gesundheit und Bildung haben<\/strong><\/p>\n<hr>\n<p><strong>100 % nachhaltig bezogener Kaffee der Marke UCC bis 2030:<\/strong><\/p>\n<ul>\n<li>Existenzgrundlagen der Bauern<\/li>\n<li>R\u00fcckverfolgbarkeit<\/li>\n<li>Menschenrechte<\/li>\n<\/ul>\n            <\/div>\n                            <div class=\"features_block-image\">\n                <img loading=\"lazy\" decoding=\"async\" width=\"880\" height=\"870\" src=\"https:\/\/ucc-europe.com\/wp-content\/uploads\/2024\/12\/sustainability-circle.png\" class=\"attachment-feature_image size-feature_image\" alt=\"\" srcset=\"https:\/\/ucc-europe.com\/wp-content\/uploads\/2024\/12\/sustainability-circle.png 880w, https:\/\/ucc-europe.com\/wp-content\/uploads\/2024\/12\/sustainability-circle-300x297.png 300w, https:\/\/ucc-europe.com\/wp-content\/uploads\/2024\/12\/sustainability-circle-768x759.png 768w, https:\/\/ucc-europe.com\/wp-content\/uploads\/2024\/12\/sustainability-circle-95x94.png 95w, https:\/\/ucc-europe.com\/wp-content\/uploads\/2024\/12\/sustainability-circle-200x198.png 200w, https:\/\/ucc-europe.com\/wp-content\/uploads\/2024\/12\/sustainability-circle-210x208.png 210w, https:\/\/ucc-europe.com\/wp-content\/uploads\/2024\/12\/sustainability-circle-704x696.png 704w, https:\/\/ucc-europe.com\/wp-content\/uploads\/2024\/12\/sustainability-circle-586x579.png 586w, https:\/\/ucc-europe.com\/wp-content\/uploads\/2024\/12\/sustainability-circle-560x554.png 560w, https:\/\/ucc-europe.com\/wp-content\/uploads\/2024\/12\/sustainability-circle-600x593.png 600w, https:\/\/ucc-europe.com\/wp-content\/uploads\/2024\/12\/sustainability-circle-374x370.png 374w, https:\/\/ucc-europe.com\/wp-content\/uploads\/2024\/12\/sustainability-circle-264x261.png 264w, https:\/\/ucc-europe.com\/wp-content\/uploads\/2024\/12\/sustainability-circle-278x275.png 278w\" sizes=\"auto, (max-width: 880px) 100vw, 880px\" \/>            <\/div>\n                            <div class=\"features_block-right-content\">\n                <p><strong>Klimaneutral 2040 &amp; naturpositiv<\/strong><\/p>\n<ul>\n<li>Emissionen<\/li>\n<li>Biodiversit\u00e4t<\/li>\n<li>W\u00e4lder<\/li>\n<li>Wasser<\/li>\n<\/ul>\n            <\/div>\n            <\/div>\n<\/section>\n<section\n    id=\"image-content-grid-block_e8eafb24441fef01ead476f043cabe0b\"\n    class=\"block block-with-bg image-content-grid colour-palette-off-white-background\"\n    style=\"--image-grid-columns: 2; --mobile-image-grid-columns: 1;  \">\n            <header class=\"image-content-grid-header\">\n                            <h2>Tiefer eintauchen<\/h2>\n                                <\/header>\n                <div class=\"image-content-grid-grid\">\n                            <a                    href='https:\/\/ucc-europe.com\/de\/nachhaltigkeit\/'\n                    class=\"image-content-grid-item colour-palette-off-white-background  \"\n                    style=\"background-image: url(); background-size: cover\">\n                    <div class=\"image-content-grid-item-content\">\n                        <div>\n                                                                                                <div class='image-content-grid-item-media circle half'>\n                                        <img loading=\"lazy\" decoding=\"async\" width=\"560\" height=\"374\" src=\"https:\/\/ucc-europe.com\/wp-content\/uploads\/2025\/08\/AdobeStock_422207291-560x374.jpeg\" class=\"attachment-image_content_grid size-image_content_grid\" alt=\"\" style=\"object-fit: cover;\" srcset=\"https:\/\/ucc-europe.com\/wp-content\/uploads\/2025\/08\/AdobeStock_422207291-560x374.jpeg 560w, https:\/\/ucc-europe.com\/wp-content\/uploads\/2025\/08\/AdobeStock_422207291-300x200.jpeg 300w, https:\/\/ucc-europe.com\/wp-content\/uploads\/2025\/08\/AdobeStock_422207291-1024x684.jpeg 1024w, https:\/\/ucc-europe.com\/wp-content\/uploads\/2025\/08\/AdobeStock_422207291-768x513.jpeg 768w, https:\/\/ucc-europe.com\/wp-content\/uploads\/2025\/08\/AdobeStock_422207291-1536x1025.jpeg 1536w, https:\/\/ucc-europe.com\/wp-content\/uploads\/2025\/08\/AdobeStock_422207291-2048x1367.jpeg 2048w, https:\/\/ucc-europe.com\/wp-content\/uploads\/2025\/08\/AdobeStock_422207291-960x641.jpeg 960w, https:\/\/ucc-europe.com\/wp-content\/uploads\/2025\/08\/AdobeStock_422207291-95x63.jpeg 95w, https:\/\/ucc-europe.com\/wp-content\/uploads\/2025\/08\/AdobeStock_422207291-200x134.jpeg 200w, https:\/\/ucc-europe.com\/wp-content\/uploads\/2025\/08\/AdobeStock_422207291-210x140.jpeg 210w, https:\/\/ucc-europe.com\/wp-content\/uploads\/2025\/08\/AdobeStock_422207291-1920x1282.jpeg 1920w, https:\/\/ucc-europe.com\/wp-content\/uploads\/2025\/08\/AdobeStock_422207291-704x470.jpeg 704w, https:\/\/ucc-europe.com\/wp-content\/uploads\/2025\/08\/AdobeStock_422207291-586x391.jpeg 586w, https:\/\/ucc-europe.com\/wp-content\/uploads\/2025\/08\/AdobeStock_422207291-600x401.jpeg 600w, https:\/\/ucc-europe.com\/wp-content\/uploads\/2025\/08\/AdobeStock_422207291-1093x730.jpeg 1093w, https:\/\/ucc-europe.com\/wp-content\/uploads\/2025\/08\/AdobeStock_422207291-374x250.jpeg 374w, https:\/\/ucc-europe.com\/wp-content\/uploads\/2025\/08\/AdobeStock_422207291-1400x935.jpeg 1400w, https:\/\/ucc-europe.com\/wp-content\/uploads\/2025\/08\/AdobeStock_422207291-264x176.jpeg 264w, https:\/\/ucc-europe.com\/wp-content\/uploads\/2025\/08\/AdobeStock_422207291-278x186.jpeg 278w\" sizes=\"auto, (max-width: 560px) 100vw, 560px\" \/>                                                                            <\/div>\n                                                                                                                        <h3 class='h3'>KOHLENSTOFFREDUZIERUNG <\/h3>\n                                                                                        <p>Wir setzen uns daf\u00fcr ein, globale Bem\u00fchungen zur Erreichung einer Netto-Null-Zukunft zu unterst\u00fctzen. Unser Ziel ist es, bis 2040 in unseren gesamten Gesch\u00e4ftsabl\u00e4ufen und unserer Wertsch\u00f6pfungskette Klimaneutralit\u00e4t zu erreichen.  <\/p>\n                                                    <\/div>\n                                                    <span class='image-content-grid-item-cta-text-wrap'><span class='image-content-grid-item-cta-text btn'>Mehr erfahren<span><\/span><span><\/span><\/span><\/span>\n                                            <\/div>\n                                    <\/a>\n                            <a                    href='https:\/\/ucc-europe.com\/de\/nachhaltigkeit\/'\n                    class=\"image-content-grid-item colour-palette-off-white-background  \"\n                    style=\"background-image: url(); background-size: cover\">\n                    <div class=\"image-content-grid-item-content\">\n                        <div>\n                                                                                                <div class='image-content-grid-item-media circle half'>\n                                        <img loading=\"lazy\" decoding=\"async\" width=\"560\" height=\"373\" src=\"https:\/\/ucc-europe.com\/wp-content\/uploads\/2025\/08\/VFET123_062_3500-px-560x373.jpg\" class=\"attachment-image_content_grid size-image_content_grid\" alt=\"\" style=\"object-fit: cover;\" srcset=\"https:\/\/ucc-europe.com\/wp-content\/uploads\/2025\/08\/VFET123_062_3500-px-560x373.jpg 560w, https:\/\/ucc-europe.com\/wp-content\/uploads\/2025\/08\/VFET123_062_3500-px-300x200.jpg 300w, https:\/\/ucc-europe.com\/wp-content\/uploads\/2025\/08\/VFET123_062_3500-px-1024x683.jpg 1024w, https:\/\/ucc-europe.com\/wp-content\/uploads\/2025\/08\/VFET123_062_3500-px-768x512.jpg 768w, https:\/\/ucc-europe.com\/wp-content\/uploads\/2025\/08\/VFET123_062_3500-px-1536x1024.jpg 1536w, https:\/\/ucc-europe.com\/wp-content\/uploads\/2025\/08\/VFET123_062_3500-px-2048x1365.jpg 2048w, https:\/\/ucc-europe.com\/wp-content\/uploads\/2025\/08\/VFET123_062_3500-px-960x640.jpg 960w, https:\/\/ucc-europe.com\/wp-content\/uploads\/2025\/08\/VFET123_062_3500-px-95x63.jpg 95w, https:\/\/ucc-europe.com\/wp-content\/uploads\/2025\/08\/VFET123_062_3500-px-200x133.jpg 200w, https:\/\/ucc-europe.com\/wp-content\/uploads\/2025\/08\/VFET123_062_3500-px-210x140.jpg 210w, https:\/\/ucc-europe.com\/wp-content\/uploads\/2025\/08\/VFET123_062_3500-px-1920x1280.jpg 1920w, https:\/\/ucc-europe.com\/wp-content\/uploads\/2025\/08\/VFET123_062_3500-px-704x469.jpg 704w, https:\/\/ucc-europe.com\/wp-content\/uploads\/2025\/08\/VFET123_062_3500-px-586x391.jpg 586w, https:\/\/ucc-europe.com\/wp-content\/uploads\/2025\/08\/VFET123_062_3500-px-600x400.jpg 600w, https:\/\/ucc-europe.com\/wp-content\/uploads\/2025\/08\/VFET123_062_3500-px-1093x729.jpg 1093w, https:\/\/ucc-europe.com\/wp-content\/uploads\/2025\/08\/VFET123_062_3500-px-374x249.jpg 374w, https:\/\/ucc-europe.com\/wp-content\/uploads\/2025\/08\/VFET123_062_3500-px-1400x933.jpg 1400w, https:\/\/ucc-europe.com\/wp-content\/uploads\/2025\/08\/VFET123_062_3500-px-264x176.jpg 264w, https:\/\/ucc-europe.com\/wp-content\/uploads\/2025\/08\/VFET123_062_3500-px-278x185.jpg 278w\" sizes=\"auto, (max-width: 560px) 100vw, 560px\" \/>                                                                            <\/div>\n                                                                                                                        <h3 class='h3'>NACHHALTIGE BESCHAFFUNG <\/h3>\n                                                                                        <p>Kaffee ist seit \u00fcber 200 Jahren unser Gesch\u00e4ft. Wir m\u00f6chten dazu beitragen, eine Zukunft zu schaffen, in der Kaffee verantwortungsvoll und nachhaltig produziert, verarbeitet und verwendet wird.  <\/p>\n                                                    <\/div>\n                                                    <span class='image-content-grid-item-cta-text-wrap'><span class='image-content-grid-item-cta-text btn'>Mehr erfahren<span><\/span><span><\/span><\/span><\/span>\n                                            <\/div>\n                                    <\/a>\n                    <\/div>\n    <\/section>","protected":false},"excerpt":{"rendered":"","protected":false},"author":1,"featured_media":1968,"parent":0,"menu_order":0,"comment_status":"closed","ping_status":"closed","template":"","meta":{"_acf_changed":false,"footnotes":""},"class_list":["post-1471","page","type-page","status-publish","has-post-thumbnail","hentry"],"acf":[],"yoast_head":"<!-- This site is optimized with the Yoast SEO plugin v27.3 - https:\/\/yoast.com\/product\/yoast-seo-wordpress\/ -->\n<title>Nachhaltigkeit \u2013 UCC Europe<\/title>\n<meta name=\"description\" content=\"Entdecken Sie das Engagement von UCC Europe f\u00fcr Nachhaltigkeit im Kaffee. Erfahren Sie, wie wir ethische Beschaffung und Umweltverantwortung priorisieren.\" \/>\n<meta name=\"robots\" content=\"index, follow, max-snippet:-1, max-image-preview:large, max-video-preview:-1\" \/>\n<link rel=\"canonical\" href=\"https:\/\/ucc-europe.com\/de\/nachhaltigkeit\/\" \/>\n<meta property=\"og:locale\" content=\"de_DE\" \/>\n<meta property=\"og:type\" content=\"article\" \/>\n<meta property=\"og:title\" content=\"Nachhaltigkeit \u2013 UCC Europe\" \/>\n<meta property=\"og:description\" content=\"Entdecken Sie das Engagement von UCC Europe f\u00fcr Nachhaltigkeit im Kaffee. Erfahren Sie, wie wir ethische Beschaffung und Umweltverantwortung priorisieren.\" \/>\n<meta property=\"og:url\" content=\"https:\/\/ucc-europe.com\/de\/nachhaltigkeit\/\" \/>\n<meta property=\"og:site_name\" content=\"UCC Europe - English\" \/>\n<meta property=\"article:modified_time\" content=\"2025-11-06T09:54:17+00:00\" \/>\n<meta property=\"og:image\" content=\"https:\/\/ucc-europe.com\/wp-content\/uploads\/2025\/08\/Sustainability.jpg\" \/>\n\t<meta property=\"og:image:width\" content=\"2048\" \/>\n\t<meta property=\"og:image:height\" content=\"685\" \/>\n\t<meta property=\"og:image:type\" content=\"image\/jpeg\" \/>\n<meta name=\"twitter:card\" content=\"summary_large_image\" \/>\n<script type=\"application\/ld+json\" class=\"yoast-schema-graph\">{\"@context\":\"https:\\\/\\\/schema.org\",\"@graph\":[{\"@type\":\"WebPage\",\"@id\":\"https:\\\/\\\/ucc-europe.com\\\/de\\\/nachhaltigkeit\\\/\",\"url\":\"https:\\\/\\\/ucc-europe.com\\\/de\\\/nachhaltigkeit\\\/\",\"name\":\"Nachhaltigkeit \u2013 UCC Europe\",\"isPartOf\":{\"@id\":\"https:\\\/\\\/ucc-europe.com\\\/de\\\/#website\"},\"primaryImageOfPage\":{\"@id\":\"https:\\\/\\\/ucc-europe.com\\\/de\\\/nachhaltigkeit\\\/#primaryimage\"},\"image\":{\"@id\":\"https:\\\/\\\/ucc-europe.com\\\/de\\\/nachhaltigkeit\\\/#primaryimage\"},\"thumbnailUrl\":\"https:\\\/\\\/ucc-europe.com\\\/wp-content\\\/uploads\\\/2025\\\/08\\\/Sustainability.jpg\",\"datePublished\":\"2024-09-16T13:26:45+00:00\",\"dateModified\":\"2025-11-06T09:54:17+00:00\",\"description\":\"Entdecken Sie das Engagement von UCC Europe f\u00fcr Nachhaltigkeit im Kaffee. Erfahren Sie, wie wir ethische Beschaffung und Umweltverantwortung priorisieren.\",\"breadcrumb\":{\"@id\":\"https:\\\/\\\/ucc-europe.com\\\/de\\\/nachhaltigkeit\\\/#breadcrumb\"},\"inLanguage\":\"de\",\"potentialAction\":[{\"@type\":\"ReadAction\",\"target\":[\"https:\\\/\\\/ucc-europe.com\\\/de\\\/nachhaltigkeit\\\/\"]}]},{\"@type\":\"ImageObject\",\"inLanguage\":\"de\",\"@id\":\"https:\\\/\\\/ucc-europe.com\\\/de\\\/nachhaltigkeit\\\/#primaryimage\",\"url\":\"https:\\\/\\\/ucc-europe.com\\\/wp-content\\\/uploads\\\/2025\\\/08\\\/Sustainability.jpg\",\"contentUrl\":\"https:\\\/\\\/ucc-europe.com\\\/wp-content\\\/uploads\\\/2025\\\/08\\\/Sustainability.jpg\",\"width\":2048,\"height\":685},{\"@type\":\"BreadcrumbList\",\"@id\":\"https:\\\/\\\/ucc-europe.com\\\/de\\\/nachhaltigkeit\\\/#breadcrumb\",\"itemListElement\":[{\"@type\":\"ListItem\",\"position\":1,\"name\":\"Home\",\"item\":\"https:\\\/\\\/ucc-europe.com\\\/de\\\/\"},{\"@type\":\"ListItem\",\"position\":2,\"name\":\"Nachhaltigkeit\"}]},{\"@type\":\"WebSite\",\"@id\":\"https:\\\/\\\/ucc-europe.com\\\/de\\\/#website\",\"url\":\"https:\\\/\\\/ucc-europe.com\\\/de\\\/\",\"name\":\"UCC Europe - English\",\"description\":\"\",\"potentialAction\":[{\"@type\":\"SearchAction\",\"target\":{\"@type\":\"EntryPoint\",\"urlTemplate\":\"https:\\\/\\\/ucc-europe.com\\\/de\\\/?s={search_term_string}\"},\"query-input\":{\"@type\":\"PropertyValueSpecification\",\"valueRequired\":true,\"valueName\":\"search_term_string\"}}],\"inLanguage\":\"de\"}]}<\/script>\n<!-- \/ Yoast SEO plugin. -->","yoast_head_json":{"title":"Nachhaltigkeit \u2013 UCC Europe","description":"Entdecken Sie das Engagement von UCC Europe f\u00fcr Nachhaltigkeit im Kaffee. Erfahren Sie, wie wir ethische Beschaffung und Umweltverantwortung priorisieren.","robots":{"index":"index","follow":"follow","max-snippet":"max-snippet:-1","max-image-preview":"max-image-preview:large","max-video-preview":"max-video-preview:-1"},"canonical":"https:\/\/ucc-europe.com\/de\/nachhaltigkeit\/","og_locale":"de_DE","og_type":"article","og_title":"Nachhaltigkeit \u2013 UCC Europe","og_description":"Entdecken Sie das Engagement von UCC Europe f\u00fcr Nachhaltigkeit im Kaffee. Erfahren Sie, wie wir ethische Beschaffung und Umweltverantwortung priorisieren.","og_url":"https:\/\/ucc-europe.com\/de\/nachhaltigkeit\/","og_site_name":"UCC Europe - English","article_modified_time":"2025-11-06T09:54:17+00:00","og_image":[{"width":2048,"height":685,"url":"https:\/\/ucc-europe.com\/wp-content\/uploads\/2025\/08\/Sustainability.jpg","type":"image\/jpeg"}],"twitter_card":"summary_large_image","schema":{"@context":"https:\/\/schema.org","@graph":[{"@type":"WebPage","@id":"https:\/\/ucc-europe.com\/de\/nachhaltigkeit\/","url":"https:\/\/ucc-europe.com\/de\/nachhaltigkeit\/","name":"Nachhaltigkeit \u2013 UCC Europe","isPartOf":{"@id":"https:\/\/ucc-europe.com\/de\/#website"},"primaryImageOfPage":{"@id":"https:\/\/ucc-europe.com\/de\/nachhaltigkeit\/#primaryimage"},"image":{"@id":"https:\/\/ucc-europe.com\/de\/nachhaltigkeit\/#primaryimage"},"thumbnailUrl":"https:\/\/ucc-europe.com\/wp-content\/uploads\/2025\/08\/Sustainability.jpg","datePublished":"2024-09-16T13:26:45+00:00","dateModified":"2025-11-06T09:54:17+00:00","description":"Entdecken Sie das Engagement von UCC Europe f\u00fcr Nachhaltigkeit im Kaffee. Erfahren Sie, wie wir ethische Beschaffung und Umweltverantwortung priorisieren.","breadcrumb":{"@id":"https:\/\/ucc-europe.com\/de\/nachhaltigkeit\/#breadcrumb"},"inLanguage":"de","potentialAction":[{"@type":"ReadAction","target":["https:\/\/ucc-europe.com\/de\/nachhaltigkeit\/"]}]},{"@type":"ImageObject","inLanguage":"de","@id":"https:\/\/ucc-europe.com\/de\/nachhaltigkeit\/#primaryimage","url":"https:\/\/ucc-europe.com\/wp-content\/uploads\/2025\/08\/Sustainability.jpg","contentUrl":"https:\/\/ucc-europe.com\/wp-content\/uploads\/2025\/08\/Sustainability.jpg","width":2048,"height":685},{"@type":"BreadcrumbList","@id":"https:\/\/ucc-europe.com\/de\/nachhaltigkeit\/#breadcrumb","itemListElement":[{"@type":"ListItem","position":1,"name":"Home","item":"https:\/\/ucc-europe.com\/de\/"},{"@type":"ListItem","position":2,"name":"Nachhaltigkeit"}]},{"@type":"WebSite","@id":"https:\/\/ucc-europe.com\/de\/#website","url":"https:\/\/ucc-europe.com\/de\/","name":"UCC Europe - English","description":"","potentialAction":[{"@type":"SearchAction","target":{"@type":"EntryPoint","urlTemplate":"https:\/\/ucc-europe.com\/de\/?s={search_term_string}"},"query-input":{"@type":"PropertyValueSpecification","valueRequired":true,"valueName":"search_term_string"}}],"inLanguage":"de"}]}},"_links":{"self":[{"href":"https:\/\/ucc-europe.com\/de\/wp-json\/wp\/v2\/pages\/1471","targetHints":{"allow":["GET"]}}],"collection":[{"href":"https:\/\/ucc-europe.com\/de\/wp-json\/wp\/v2\/pages"}],"about":[{"href":"https:\/\/ucc-europe.com\/de\/wp-json\/wp\/v2\/types\/page"}],"author":[{"embeddable":true,"href":"https:\/\/ucc-europe.com\/de\/wp-json\/wp\/v2\/users\/1"}],"replies":[{"embeddable":true,"href":"https:\/\/ucc-europe.com\/de\/wp-json\/wp\/v2\/comments?post=1471"}],"version-history":[{"count":0,"href":"https:\/\/ucc-europe.com\/de\/wp-json\/wp\/v2\/pages\/1471\/revisions"}],"wp:featuredmedia":[{"embeddable":true,"href":"https:\/\/ucc-europe.com\/de\/wp-json\/wp\/v2\/media\/1968"}],"wp:attachment":[{"href":"https:\/\/ucc-europe.com\/de\/wp-json\/wp\/v2\/media?parent=1471"}],"curies":[{"name":"wp","href":"https:\/\/api.w.org\/{rel}","templated":true}]}}