{"id":1272,"date":"2025-07-08T10:04:38","date_gmt":"2025-07-08T10:04:38","guid":{"rendered":"https:\/\/ucceurope2024.wpenginepowered.com\/abastecimiento-sostenible\/"},"modified":"2025-11-07T08:56:17","modified_gmt":"2025-11-07T08:56:17","slug":"abastecimiento-sostenible","status":"publish","type":"page","link":"https:\/\/ucc-europe.com\/es\/sostenibilidad\/abastecimiento-sostenible\/","title":{"rendered":"Abastecimiento sostenible"},"content":{"rendered":"\n<section id=\"content-block_5a4b2460f177016a903acd400b2c4a9a\" class=\"block quote-block colour-palette-main block-with-bg\">\n    <div class='quote-block-wrap'>\n        <div class='quote-block-content'>\n            <p>El caf\u00e9 ha sido nuestro negocio durante m\u00e1s de 200 a\u00f1os, apoyando el sustento de personas de todo el mundo. Pero ese negocio no puede continuar sin un sector sostenible en el que el caf\u00e9 se produzca, procese y utilice de forma responsable. Por eso estamos tan comprometidos en liderar el cambio en nuestro sector.  <\/p>\n                    <\/div>\n            <\/div>\n<\/section>\n<h2 class=\"wp-block-heading\"><strong><strong>DERECHOS HUMANOS<\/strong><\/strong><\/h2>\n\n<p>Nos comprometemos a actuar con la diligencia debida conforme a los United Nations Guiding Principles for Business &amp; Human Rights.<\/p>\n\n<p>Cada a\u00f1o publicamos un UCC Swiss Compliance Report y una UK Modern Slavery Statement<em>,<\/em> de conformidad con el art\u00edculo 964j-k del C\u00f3digo Suizo de Obligaciones y el art\u00edculo 54 de la Modern Slavery Act 2015, respectivamente.<\/p>\n\n<p>Y hemos establecido s\u00f3lidos procesos de gesti\u00f3n de riesgos, gesti\u00f3n de proveedores y reclamaciones, que nos permiten evaluar cualquier problema en nuestra cadena de suministro y mitigarlo o remediarlo eficazmente.<\/p>\n\n<div class=\"wp-block-buttons is-layout-flex wp-block-buttons-is-layout-flex\">\n<div class=\"wp-block-button\"><a class=\"wp-block-button__link wp-element-button\" href=\"\/wp-content\/uploads\/2025\/10\/UCC27498-UK-FY2025-MSA-Statement_FINAL-06.08.25.pdf\" target=\"_blank\" rel=\"noreferrer noopener\">Informe sobre la esclavitud moderna en el Reino Unido<span><\/span><span><\/span><\/a><\/div>\n\n\n\n<div class=\"wp-block-button\"><a class=\"wp-block-button__link wp-element-button\" href=\"\/wp-content\/uploads\/2025\/09\/UCC27498-Europe-FY2025-MSA-Statement_FB_V4-FINAL-1.pdf\" target=\"_blank\" rel=\"noreferrer noopener\">Informe sobre la esclavitud moderna en Europa<span><\/span><span><\/span><\/a><\/div>\n<\/div>\n\n<h2 class=\"wp-block-heading\"><strong>NATURALEZA POSITIVA<\/strong><\/h2>\n\n<p>UCC se ha comprometido a alcanzar un objetivo mundial de deforestaci\u00f3n cero, lo que significa que nuestro abastecimiento de caf\u00e9 no implicar\u00e1 ni deforestaci\u00f3n ni conversi\u00f3n de tierras. Y nuestro negocio europeo se ha comprometido a alcanzar este objetivo en 2025. <\/p>\n\n<p>El Reglamento de la UE sobre Productos Libres de Deforestaci\u00f3n (EUDR) es un objetivo clave para UCC, y estamos trabajando duro con la European Coffee Federation y las Asociaciones Nacionales, de las que somos orgullosos miembros, para garantizar que podemos cumplir nuestro objetivo de 2025.<\/p>\n\n<p>M\u00e1s all\u00e1 de Europa, tambi\u00e9n estamos colaborando con nuestros colegas a nivel mundial para centrar la inversi\u00f3n en un caf\u00e9 positivo para la naturaleza, comenzando con cuatro pa\u00edses de origen clave: Brasil, Uganda, Vietnam y Tanzania.<\/p>\n\n<h2 class=\"wp-block-heading\"><strong>GARANT\u00cdA \u00c9TICA<\/strong><\/h2>\n\n<p>Nuestros centros de tostado son auditados por varias organizaciones independientes, como SEDEX y BRC. UCC tambi\u00e9n realiza auditor\u00edas voluntarias de terceros sobre temas ESG, como CDP, TCFD y EcoVadis. <\/p>\n\n<p>Mantenemos las normas y procesos necesarios para ofrecer a nuestros clientes una amplia gama de certificaciones de sostenibilidad, como Rainforest Alliance, Fairtrade y Soil Association Organic.<\/p>\n","protected":false},"excerpt":{"rendered":"<p>DERECHOS HUMANOS Nos comprometemos a actuar con la diligencia debida conforme a los United Nations Guiding Principles for Business &amp; Human Rights. Cada a\u00f1o publicamos un UCC Swiss Compliance Report y una UK Modern Slavery Statement, de conformidad con el art\u00edculo 964j-k del C\u00f3digo Suizo de Obligaciones y el art\u00edculo 54 de la Modern Slavery&#8230;<\/p>\n","protected":false},"author":1,"featured_media":1980,"parent":1388,"menu_order":0,"comment_status":"closed","ping_status":"closed","template":"","meta":{"_acf_changed":false,"footnotes":""},"class_list":["post-1272","page","type-page","status-publish","has-post-thumbnail","hentry"],"acf":[],"yoast_head":"<!-- This site is optimized with the Yoast SEO plugin v27.3 - https:\/\/yoast.com\/product\/yoast-seo-wordpress\/ -->\n<title>Abastecimiento sostenible - UCC Europe<\/title>\n<meta name=\"description\" content=\"Explore las pr\u00e1cticas de abastecimiento sostenible de UCC Europe. Descubra c\u00f3mo garantizamos un abastecimiento de caf\u00e9 \u00e9tico y responsable.\" \/>\n<meta name=\"robots\" content=\"index, follow, max-snippet:-1, max-image-preview:large, max-video-preview:-1\" \/>\n<link rel=\"canonical\" href=\"https:\/\/ucc-europe.com\/es\/sostenibilidad\/abastecimiento-sostenible\/\" \/>\n<meta property=\"og:locale\" content=\"es_ES\" \/>\n<meta property=\"og:type\" content=\"article\" \/>\n<meta property=\"og:title\" content=\"Abastecimiento sostenible - UCC Europe\" \/>\n<meta property=\"og:description\" content=\"Explore las pr\u00e1cticas de abastecimiento sostenible de UCC Europe. Descubra c\u00f3mo garantizamos un abastecimiento de caf\u00e9 \u00e9tico y responsable.\" \/>\n<meta property=\"og:url\" content=\"https:\/\/ucc-europe.com\/es\/sostenibilidad\/abastecimiento-sostenible\/\" \/>\n<meta property=\"og:site_name\" content=\"UCC Europe - English\" \/>\n<meta property=\"article:modified_time\" content=\"2025-11-07T08:56:17+00:00\" \/>\n<meta property=\"og:image\" content=\"https:\/\/ucc-europe.com\/wp-content\/uploads\/2025\/08\/VFET123_062_3500-px-scaled.jpg\" \/>\n\t<meta property=\"og:image:width\" content=\"2560\" \/>\n\t<meta property=\"og:image:height\" content=\"1706\" \/>\n\t<meta property=\"og:image:type\" content=\"image\/jpeg\" \/>\n<meta name=\"twitter:card\" content=\"summary_large_image\" \/>\n<meta name=\"twitter:label1\" content=\"Tiempo de lectura\" \/>\n\t<meta name=\"twitter:data1\" content=\"1 minuto\" \/>\n<script type=\"application\/ld+json\" class=\"yoast-schema-graph\">{\"@context\":\"https:\\\/\\\/schema.org\",\"@graph\":[{\"@type\":\"WebPage\",\"@id\":\"https:\\\/\\\/ucc-europe.com\\\/es\\\/sostenibilidad\\\/abastecimiento-sostenible\\\/\",\"url\":\"https:\\\/\\\/ucc-europe.com\\\/es\\\/sostenibilidad\\\/abastecimiento-sostenible\\\/\",\"name\":\"Abastecimiento sostenible - UCC Europe\",\"isPartOf\":{\"@id\":\"https:\\\/\\\/ucc-europe.com\\\/es\\\/#website\"},\"primaryImageOfPage\":{\"@id\":\"https:\\\/\\\/ucc-europe.com\\\/es\\\/sostenibilidad\\\/abastecimiento-sostenible\\\/#primaryimage\"},\"image\":{\"@id\":\"https:\\\/\\\/ucc-europe.com\\\/es\\\/sostenibilidad\\\/abastecimiento-sostenible\\\/#primaryimage\"},\"thumbnailUrl\":\"https:\\\/\\\/ucc-europe.com\\\/wp-content\\\/uploads\\\/2025\\\/08\\\/VFET123_062_3500-px-scaled.jpg\",\"datePublished\":\"2025-07-08T10:04:38+00:00\",\"dateModified\":\"2025-11-07T08:56:17+00:00\",\"description\":\"Explore las pr\u00e1cticas de abastecimiento sostenible de UCC Europe. Descubra c\u00f3mo garantizamos un abastecimiento de caf\u00e9 \u00e9tico y responsable.\",\"breadcrumb\":{\"@id\":\"https:\\\/\\\/ucc-europe.com\\\/es\\\/sostenibilidad\\\/abastecimiento-sostenible\\\/#breadcrumb\"},\"inLanguage\":\"es\",\"potentialAction\":[{\"@type\":\"ReadAction\",\"target\":[\"https:\\\/\\\/ucc-europe.com\\\/es\\\/sostenibilidad\\\/abastecimiento-sostenible\\\/\"]}]},{\"@type\":\"ImageObject\",\"inLanguage\":\"es\",\"@id\":\"https:\\\/\\\/ucc-europe.com\\\/es\\\/sostenibilidad\\\/abastecimiento-sostenible\\\/#primaryimage\",\"url\":\"https:\\\/\\\/ucc-europe.com\\\/wp-content\\\/uploads\\\/2025\\\/08\\\/VFET123_062_3500-px-scaled.jpg\",\"contentUrl\":\"https:\\\/\\\/ucc-europe.com\\\/wp-content\\\/uploads\\\/2025\\\/08\\\/VFET123_062_3500-px-scaled.jpg\",\"width\":2560,\"height\":1706},{\"@type\":\"BreadcrumbList\",\"@id\":\"https:\\\/\\\/ucc-europe.com\\\/es\\\/sostenibilidad\\\/abastecimiento-sostenible\\\/#breadcrumb\",\"itemListElement\":[{\"@type\":\"ListItem\",\"position\":1,\"name\":\"Home\",\"item\":\"https:\\\/\\\/ucc-europe.com\\\/es\\\/\"},{\"@type\":\"ListItem\",\"position\":2,\"name\":\"Sostenibilidad\",\"item\":\"https:\\\/\\\/ucc-europe.com\\\/es\\\/sostenibilidad\\\/\"},{\"@type\":\"ListItem\",\"position\":3,\"name\":\"Abastecimiento sostenible\"}]},{\"@type\":\"WebSite\",\"@id\":\"https:\\\/\\\/ucc-europe.com\\\/es\\\/#website\",\"url\":\"https:\\\/\\\/ucc-europe.com\\\/es\\\/\",\"name\":\"UCC Europe - English\",\"description\":\"\",\"potentialAction\":[{\"@type\":\"SearchAction\",\"target\":{\"@type\":\"EntryPoint\",\"urlTemplate\":\"https:\\\/\\\/ucc-europe.com\\\/es\\\/?s={search_term_string}\"},\"query-input\":{\"@type\":\"PropertyValueSpecification\",\"valueRequired\":true,\"valueName\":\"search_term_string\"}}],\"inLanguage\":\"es\"}]}<\/script>\n<!-- \/ Yoast SEO plugin. -->","yoast_head_json":{"title":"Abastecimiento sostenible - UCC Europe","description":"Explore las pr\u00e1cticas de abastecimiento sostenible de UCC Europe. Descubra c\u00f3mo garantizamos un abastecimiento de caf\u00e9 \u00e9tico y responsable.","robots":{"index":"index","follow":"follow","max-snippet":"max-snippet:-1","max-image-preview":"max-image-preview:large","max-video-preview":"max-video-preview:-1"},"canonical":"https:\/\/ucc-europe.com\/es\/sostenibilidad\/abastecimiento-sostenible\/","og_locale":"es_ES","og_type":"article","og_title":"Abastecimiento sostenible - UCC Europe","og_description":"Explore las pr\u00e1cticas de abastecimiento sostenible de UCC Europe. Descubra c\u00f3mo garantizamos un abastecimiento de caf\u00e9 \u00e9tico y responsable.","og_url":"https:\/\/ucc-europe.com\/es\/sostenibilidad\/abastecimiento-sostenible\/","og_site_name":"UCC Europe - English","article_modified_time":"2025-11-07T08:56:17+00:00","og_image":[{"width":2560,"height":1706,"url":"https:\/\/ucc-europe.com\/wp-content\/uploads\/2025\/08\/VFET123_062_3500-px-scaled.jpg","type":"image\/jpeg"}],"twitter_card":"summary_large_image","twitter_misc":{"Tiempo de lectura":"1 minuto"},"schema":{"@context":"https:\/\/schema.org","@graph":[{"@type":"WebPage","@id":"https:\/\/ucc-europe.com\/es\/sostenibilidad\/abastecimiento-sostenible\/","url":"https:\/\/ucc-europe.com\/es\/sostenibilidad\/abastecimiento-sostenible\/","name":"Abastecimiento sostenible - UCC Europe","isPartOf":{"@id":"https:\/\/ucc-europe.com\/es\/#website"},"primaryImageOfPage":{"@id":"https:\/\/ucc-europe.com\/es\/sostenibilidad\/abastecimiento-sostenible\/#primaryimage"},"image":{"@id":"https:\/\/ucc-europe.com\/es\/sostenibilidad\/abastecimiento-sostenible\/#primaryimage"},"thumbnailUrl":"https:\/\/ucc-europe.com\/wp-content\/uploads\/2025\/08\/VFET123_062_3500-px-scaled.jpg","datePublished":"2025-07-08T10:04:38+00:00","dateModified":"2025-11-07T08:56:17+00:00","description":"Explore las pr\u00e1cticas de abastecimiento sostenible de UCC Europe. Descubra c\u00f3mo garantizamos un abastecimiento de caf\u00e9 \u00e9tico y responsable.","breadcrumb":{"@id":"https:\/\/ucc-europe.com\/es\/sostenibilidad\/abastecimiento-sostenible\/#breadcrumb"},"inLanguage":"es","potentialAction":[{"@type":"ReadAction","target":["https:\/\/ucc-europe.com\/es\/sostenibilidad\/abastecimiento-sostenible\/"]}]},{"@type":"ImageObject","inLanguage":"es","@id":"https:\/\/ucc-europe.com\/es\/sostenibilidad\/abastecimiento-sostenible\/#primaryimage","url":"https:\/\/ucc-europe.com\/wp-content\/uploads\/2025\/08\/VFET123_062_3500-px-scaled.jpg","contentUrl":"https:\/\/ucc-europe.com\/wp-content\/uploads\/2025\/08\/VFET123_062_3500-px-scaled.jpg","width":2560,"height":1706},{"@type":"BreadcrumbList","@id":"https:\/\/ucc-europe.com\/es\/sostenibilidad\/abastecimiento-sostenible\/#breadcrumb","itemListElement":[{"@type":"ListItem","position":1,"name":"Home","item":"https:\/\/ucc-europe.com\/es\/"},{"@type":"ListItem","position":2,"name":"Sostenibilidad","item":"https:\/\/ucc-europe.com\/es\/sostenibilidad\/"},{"@type":"ListItem","position":3,"name":"Abastecimiento sostenible"}]},{"@type":"WebSite","@id":"https:\/\/ucc-europe.com\/es\/#website","url":"https:\/\/ucc-europe.com\/es\/","name":"UCC Europe - English","description":"","potentialAction":[{"@type":"SearchAction","target":{"@type":"EntryPoint","urlTemplate":"https:\/\/ucc-europe.com\/es\/?s={search_term_string}"},"query-input":{"@type":"PropertyValueSpecification","valueRequired":true,"valueName":"search_term_string"}}],"inLanguage":"es"}]}},"_links":{"self":[{"href":"https:\/\/ucc-europe.com\/es\/wp-json\/wp\/v2\/pages\/1272","targetHints":{"allow":["GET"]}}],"collection":[{"href":"https:\/\/ucc-europe.com\/es\/wp-json\/wp\/v2\/pages"}],"about":[{"href":"https:\/\/ucc-europe.com\/es\/wp-json\/wp\/v2\/types\/page"}],"author":[{"embeddable":true,"href":"https:\/\/ucc-europe.com\/es\/wp-json\/wp\/v2\/users\/1"}],"replies":[{"embeddable":true,"href":"https:\/\/ucc-europe.com\/es\/wp-json\/wp\/v2\/comments?post=1272"}],"version-history":[{"count":0,"href":"https:\/\/ucc-europe.com\/es\/wp-json\/wp\/v2\/pages\/1272\/revisions"}],"up":[{"embeddable":true,"href":"https:\/\/ucc-europe.com\/es\/wp-json\/wp\/v2\/pages\/1388"}],"wp:featuredmedia":[{"embeddable":true,"href":"https:\/\/ucc-europe.com\/es\/wp-json\/wp\/v2\/media\/1980"}],"wp:attachment":[{"href":"https:\/\/ucc-europe.com\/es\/wp-json\/wp\/v2\/media?parent=1272"}],"curies":[{"name":"wp","href":"https:\/\/api.w.org\/{rel}","templated":true}]}}