{"id":1276,"date":"2025-07-08T09:14:51","date_gmt":"2025-07-08T09:14:51","guid":{"rendered":"https:\/\/ucceurope2024.wpenginepowered.com\/reducir-el-carbono\/"},"modified":"2025-11-07T08:56:17","modified_gmt":"2025-11-07T08:56:17","slug":"reducir-el-carbono","status":"publish","type":"page","link":"https:\/\/ucc-europe.com\/es\/sostenibilidad\/reducir-el-carbono\/","title":{"rendered":"REDUCIR EL CARBONO"},"content":{"rendered":"\n<section id=\"content-block_b94904f4bec1df037b3fc8d718d0a9d6\" class=\"block quote-block colour-palette-main block-with-bg\">\n    <div class='quote-block-wrap'>\n        <div class='quote-block-content'>\n            <p>El cambio clim\u00e1tico es uno de los retos m\u00e1s acuciantes a los que se enfrenta el mundo hoy en d\u00eda. Como empresa, creemos que tenemos un papel importante en el crecimiento y la ampliaci\u00f3n de las capacidades en materia de sostenibilidad y acci\u00f3n clim\u00e1tica. Hoy estamos tomando medidas para reducir y eliminar la emisi\u00f3n de gases de efecto invernadero de nuestras propias operaciones, y explorando formas de reducir las emisiones de carbono en nuestra cadena de suministro. Creemos que la colaboraci\u00f3n y las asociaciones son la clave para lograr resultados sostenibles de descarbonizaci\u00f3n.   <\/p>\n                    <\/div>\n            <\/div>\n<\/section>\n<h2 class=\"wp-block-heading\"><strong>FIJACI\u00d3N DE OBJETIVOS Y SEGUIMIENTO DE LAS EMISIONES  <\/strong><\/h2>\n\n<p>Cualquier cambio significativo en el clima afectar\u00e1 a quienes dependen del caf\u00e9 tanto para su sustento como para sus negocios. La Direcci\u00f3n de Sostenibilidad de UCC se centra en proteger el medio ambiente y reducir las emisiones, en nuestra transici\u00f3n hacia una econom\u00eda con menos emisiones de carbono. A escala mundial, UCC se ha comprometido a alcanzar objetivos basados en la ciencia para reducir nuestras emisiones de gases de efecto invernadero de Alcance 1 y 2 en un 46% para 2030 (en comparaci\u00f3n con los niveles de 2019) y lograr la neutralidad de carbono para 2040. En 2024, UCC Holdings (Singapore) se inscribi\u00f3 en la iniciativa Science Based Targets (SBTi) para que se validaran estos objetivos, garantizando que nuestros compromisos son cre\u00edbles y se ajustan a la ciencia clim\u00e1tica m\u00e1s reciente.   <\/p>\n\n<section id=\"content-block_8f9076002623d6a40f8b3fe43bb4306c\" class=\"block quote-block colour-palette-primary-background block-with-bg\">\n    <div class='quote-block-wrap'>\n        <div class='quote-block-content'>\n            <p class=\"h1\">Para reducir las emisiones, primero debemos comprenderlas y medirlas con precisi\u00f3n. Por eso la UCC calcula anualmente sus emisiones de Alcance 1-3 utilizando el M\u00e9todo Corporativo del Protocolo de GEI. <\/p>\n                    <\/div>\n            <\/div>\n<\/section>\n<section\n    id=\"image-content-grid-block_9ff895ba0623bfce79dc864ece633e33\"\n    class=\"block block-with-bg image-content-grid colour-palette-main\"\n    style=\"--image-grid-columns: 4; --mobile-image-grid-columns: 1;  \">\n            <header class=\"image-content-grid-header\">\n                            <h2>OPERACIONES PREVIAS  <\/h2>\n                                <\/header>\n                <div class=\"image-content-grid-grid\">\n                            <div                    href=''\n                    class=\"image-content-grid-item colour-palette-off-white-background  \"\n                    style=\"background-image: url(); background-size: cover\">\n                    <div class=\"image-content-grid-item-content\">\n                        <div>\n                                                                                        <h3 class='h4'>Evaluaci\u00f3n de los Riesgos Clim\u00e1ticos e Inventario de Alcance 3<\/h3>\n                                                                                        <p>Evaluar los riesgos y oportunidades clim\u00e1ticos mediante el an\u00e1lisis TCFD (Task Force on Climate-related Financial Disclosures) y la verificaci\u00f3n global del Alcance 3.<\/p>\n                                                    <\/div>\n                                            <\/div>\n                                    <\/div>\n                            <div                    href=''\n                    class=\"image-content-grid-item colour-palette-off-white-background  \"\n                    style=\"background-image: url(); background-size: cover\">\n                    <div class=\"image-content-grid-item-content\">\n                        <div>\n                                                                                        <h3 class='h4'>Compromiso de los proveedores y reducci\u00f3n de emisiones<\/h3>\n                                                                                        <p>Trabajar con los proveedores para mejorar los factores de emisi\u00f3n y aplicar estrategias de mitigaci\u00f3n de la adaptaci\u00f3n al clima.<\/p>\n                                                    <\/div>\n                                            <\/div>\n                                    <\/div>\n                            <div                    href=''\n                    class=\"image-content-grid-item colour-palette-off-white-background  \"\n                    style=\"background-image: url(); background-size: cover\">\n                    <div class=\"image-content-grid-item-content\">\n                        <div>\n                                                                                        <h3 class='h4'>Aplicaci\u00f3n del Protocolo de GEI<\/h3>\n                                                                                        <p>Hacer operativas las Orientaciones sobre el Sector del Suelo y la Retirada para garantizar la credibilidad de las declaraciones de impacto de la retirada.<\/p>\n                                                    <\/div>\n                                            <\/div>\n                                    <\/div>\n                            <div                    href=''\n                    class=\"image-content-grid-item colour-palette-off-white-background  \"\n                    style=\"background-image: url(); background-size: cover\">\n                    <div class=\"image-content-grid-item-content\">\n                        <div>\n                                                                                        <h3 class='h4'>Ofertas bajas en carbono y regenerativas<\/h3>\n                                                                                        <p>Desarrollar soluciones para el cliente para que el caf\u00e9 con emisiones reducidas de carbono apoye la agricultura regenerativa y una transici\u00f3n clim\u00e1tica equitativa.<\/p>\n                                                    <\/div>\n                                            <\/div>\n                                    <\/div>\n                    <\/div>\n    <\/section>\n<section\n    id=\"image-content-grid-block_55c3af35452cea1a26f0139d1aa3c4a3\"\n    class=\"block block-with-bg image-content-grid colour-palette-off-white-background\"\n    style=\"--image-grid-columns: 4; --mobile-image-grid-columns: 1;  \">\n            <header class=\"image-content-grid-header\">\n                            <h2>NUESTRAS PROPIAS OPERACIONES  <\/h2>\n                                <\/header>\n                <div class=\"image-content-grid-grid\">\n                            <div                    href=''\n                    class=\"image-content-grid-item colour-palette-white-background  \"\n                    style=\"background-image: url(); background-size: cover\">\n                    <div class=\"image-content-grid-item-content\">\n                        <div>\n                                                                                        <h3 class='h4'>Huella de carbono verificada<\/h3>\n                                                                                        <p>Las emisiones de Alcance 1 y 2 de UCC Europe son verificadas anualmente por Carbon Trust (ISO 14064-3:2019).<\/p>\n                                                    <\/div>\n                                            <\/div>\n                                    <\/div>\n                            <div                    href=''\n                    class=\"image-content-grid-item colour-palette-white-background  \"\n                    style=\"background-image: url(); background-size: cover\">\n                    <div class=\"image-content-grid-item-content\">\n                        <div>\n                                                                                        <h3 class='h4'>Operaciones sostenibles<\/h3>\n                                                                                        <p>Las principales plantas de tostado europeas operan con la norma ISO 14001 (sistemas de gesti\u00f3n ambiental) y funcionan con electricidad procedente al 100% de fuentes renovables.<\/p>\n                                                    <\/div>\n                                            <\/div>\n                                    <\/div>\n                            <div                    href=''\n                    class=\"image-content-grid-item colour-palette-white-background  \"\n                    style=\"background-image: url(); background-size: cover\">\n                    <div class=\"image-content-grid-item-content\">\n                        <div>\n                                                                                        <h3 class='h4'>Eficacia e innovaci\u00f3n<\/h3>\n                                                                                        <p>Seguimos invirtiendo en tostadoras de bajo consumo, intercambiadores de calor y desarrollando una flota de bajas emisiones para dar servicio a los clientes, adem\u00e1s de invertir en I+D en tostado con hidr\u00f3geno y el\u00e9ctrico.<\/p>\n                                                    <\/div>\n                                            <\/div>\n                                    <\/div>\n                            <div                    href=''\n                    class=\"image-content-grid-item colour-palette-white-background  \"\n                    style=\"background-image: url(); background-size: cover\">\n                    <div class=\"image-content-grid-item-content\">\n                        <div>\n                                                                                        <h3 class='h4'>Reducci\u00f3n de emisiones<\/h3>\n                                                                                        <p>A nivel mundial, UCC ha logrado una reducci\u00f3n absoluta del 21,8% de CO2e en 2024 con respecto a la base de referencia de 2019.<\/p>\n                                                    <\/div>\n                                            <\/div>\n                                    <\/div>\n                    <\/div>\n    <\/section>\n<section\n    id=\"image-content-grid-block_671bf340c1f862530830904c360dacde\"\n    class=\"block block-with-bg image-content-grid colour-palette-main\"\n    style=\"--image-grid-columns: 3; --mobile-image-grid-columns: 1;  \">\n            <header class=\"image-content-grid-header\">\n                            <h2>TOTAL COFFEE SOLUTION<\/h2>\n                        <p>Scope 3 Insights: Identificaci\u00f3n de focos de emisi\u00f3n en los procesos de preparaci\u00f3n y fin de vida del caf\u00e9.<\/p>\n        <\/header>\n                <div class=\"image-content-grid-grid\">\n                            <div                    href=''\n                    class=\"image-content-grid-item colour-palette-off-white-background  \"\n                    style=\"background-image: url(); background-size: cover\">\n                    <div class=\"image-content-grid-item-content\">\n                        <div>\n                                                                                        <h3 class='h4'>Eficiencia y reducci\u00f3n de residuos<\/h3>\n                                                                                        <p>UCC COFFEEWORKS impulsa las mejores pr\u00e1cticas para minimizar los residuos de caf\u00e9 y mejorar el rendimiento de las m\u00e1quinas.<\/p>\n                                                    <\/div>\n                                            <\/div>\n                                    <\/div>\n                            <div                    href=''\n                    class=\"image-content-grid-item colour-palette-off-white-background  \"\n                    style=\"background-image: url(); background-size: cover\">\n                    <div class=\"image-content-grid-item-content\">\n                        <div>\n                                                                                        <h3 class='h4'>Asociaciones para la Econom\u00eda Circular<\/h3>\n                                                                                        <p>Colaborando en la construcci\u00f3n de m\u00e1quinas, reparaciones, reciclaje e incorporando soluciones a nuestras unidades Coffee To Go, mejorando la sostenibilidad.<\/p>\n                                                    <\/div>\n                                            <\/div>\n                                    <\/div>\n                            <div                    href=''\n                    class=\"image-content-grid-item colour-palette-off-white-background  \"\n                    style=\"background-image: url(); background-size: cover\">\n                    <div class=\"image-content-grid-item-content\">\n                        <div>\n                                                                                        <h3 class='h4'>Seguimiento de la Huella de Carbono<\/h3>\n                                                                                        <p>Avanzar en las capacidades de envasado reciclable y de huella de carbono de los productos para apoyar a nuestros clientes.<\/p>\n                                                    <\/div>\n                                            <\/div>\n                                    <\/div>\n                    <\/div>\n    <\/section>","protected":false},"excerpt":{"rendered":"<p>FIJACI\u00d3N DE OBJETIVOS Y SEGUIMIENTO DE LAS EMISIONES Cualquier cambio significativo en el clima afectar\u00e1 a quienes dependen del caf\u00e9 tanto para su sustento como para sus negocios. La Direcci\u00f3n de Sostenibilidad de UCC se centra en proteger el medio ambiente y reducir las emisiones, en nuestra transici\u00f3n hacia una econom\u00eda con menos emisiones de&#8230;<\/p>\n","protected":false},"author":1,"featured_media":1974,"parent":1388,"menu_order":0,"comment_status":"closed","ping_status":"closed","template":"","meta":{"_acf_changed":false,"footnotes":""},"class_list":["post-1276","page","type-page","status-publish","has-post-thumbnail","hentry"],"acf":[],"yoast_head":"<!-- This site is optimized with the Yoast SEO plugin v27.3 - https:\/\/yoast.com\/product\/yoast-seo-wordpress\/ -->\n<title>Reducci\u00f3n de emisiones de carbono: UCC Europe<\/title>\n<meta name=\"description\" content=\"Obtenga m\u00e1s informaci\u00f3n sobre los esfuerzos de UCC Europe para reducir las emisiones de carbono. Descubra nuestras pr\u00e1cticas sostenibles en la industria del caf\u00e9.\" \/>\n<meta name=\"robots\" content=\"index, follow, max-snippet:-1, max-image-preview:large, max-video-preview:-1\" \/>\n<link rel=\"canonical\" href=\"https:\/\/ucc-europe.com\/es\/sostenibilidad\/reducir-el-carbono\/\" \/>\n<meta property=\"og:locale\" content=\"es_ES\" \/>\n<meta property=\"og:type\" content=\"article\" \/>\n<meta property=\"og:title\" content=\"Reducci\u00f3n de emisiones de carbono: UCC Europe\" \/>\n<meta property=\"og:description\" content=\"Obtenga m\u00e1s informaci\u00f3n sobre los esfuerzos de UCC Europe para reducir las emisiones de carbono. Descubra nuestras pr\u00e1cticas sostenibles en la industria del caf\u00e9.\" \/>\n<meta property=\"og:url\" content=\"https:\/\/ucc-europe.com\/es\/sostenibilidad\/reducir-el-carbono\/\" \/>\n<meta property=\"og:site_name\" content=\"UCC Europe - English\" \/>\n<meta property=\"article:modified_time\" content=\"2025-11-07T08:56:17+00:00\" \/>\n<meta property=\"og:image\" content=\"https:\/\/ucc-europe.com\/wp-content\/uploads\/2025\/08\/AdobeStock_422207291-scaled.jpeg\" \/>\n\t<meta property=\"og:image:width\" content=\"2560\" \/>\n\t<meta property=\"og:image:height\" content=\"1709\" \/>\n\t<meta property=\"og:image:type\" content=\"image\/jpeg\" \/>\n<meta name=\"twitter:card\" content=\"summary_large_image\" \/>\n<meta name=\"twitter:label1\" content=\"Tiempo de lectura\" \/>\n\t<meta name=\"twitter:data1\" content=\"1 minuto\" \/>\n<script type=\"application\/ld+json\" class=\"yoast-schema-graph\">{\"@context\":\"https:\\\/\\\/schema.org\",\"@graph\":[{\"@type\":\"WebPage\",\"@id\":\"https:\\\/\\\/ucc-europe.com\\\/es\\\/sostenibilidad\\\/reducir-el-carbono\\\/\",\"url\":\"https:\\\/\\\/ucc-europe.com\\\/es\\\/sostenibilidad\\\/reducir-el-carbono\\\/\",\"name\":\"Reducci\u00f3n de emisiones de carbono: UCC Europe\",\"isPartOf\":{\"@id\":\"https:\\\/\\\/ucc-europe.com\\\/es\\\/#website\"},\"primaryImageOfPage\":{\"@id\":\"https:\\\/\\\/ucc-europe.com\\\/es\\\/sostenibilidad\\\/reducir-el-carbono\\\/#primaryimage\"},\"image\":{\"@id\":\"https:\\\/\\\/ucc-europe.com\\\/es\\\/sostenibilidad\\\/reducir-el-carbono\\\/#primaryimage\"},\"thumbnailUrl\":\"https:\\\/\\\/ucc-europe.com\\\/wp-content\\\/uploads\\\/2025\\\/08\\\/AdobeStock_422207291-scaled.jpeg\",\"datePublished\":\"2025-07-08T09:14:51+00:00\",\"dateModified\":\"2025-11-07T08:56:17+00:00\",\"description\":\"Obtenga m\u00e1s informaci\u00f3n sobre los esfuerzos de UCC Europe para reducir las emisiones de carbono. Descubra nuestras pr\u00e1cticas sostenibles en la industria del caf\u00e9.\",\"breadcrumb\":{\"@id\":\"https:\\\/\\\/ucc-europe.com\\\/es\\\/sostenibilidad\\\/reducir-el-carbono\\\/#breadcrumb\"},\"inLanguage\":\"es\",\"potentialAction\":[{\"@type\":\"ReadAction\",\"target\":[\"https:\\\/\\\/ucc-europe.com\\\/es\\\/sostenibilidad\\\/reducir-el-carbono\\\/\"]}]},{\"@type\":\"ImageObject\",\"inLanguage\":\"es\",\"@id\":\"https:\\\/\\\/ucc-europe.com\\\/es\\\/sostenibilidad\\\/reducir-el-carbono\\\/#primaryimage\",\"url\":\"https:\\\/\\\/ucc-europe.com\\\/wp-content\\\/uploads\\\/2025\\\/08\\\/AdobeStock_422207291-scaled.jpeg\",\"contentUrl\":\"https:\\\/\\\/ucc-europe.com\\\/wp-content\\\/uploads\\\/2025\\\/08\\\/AdobeStock_422207291-scaled.jpeg\",\"width\":2560,\"height\":1709,\"caption\":\"Man Hands harvest coffee bean ripe Red berries plant fresh seed coffee tree growth in green eco organic farm. Close up hands harvest red ripe coffee seed robusta arabica berry harvesting coffee farm\"},{\"@type\":\"BreadcrumbList\",\"@id\":\"https:\\\/\\\/ucc-europe.com\\\/es\\\/sostenibilidad\\\/reducir-el-carbono\\\/#breadcrumb\",\"itemListElement\":[{\"@type\":\"ListItem\",\"position\":1,\"name\":\"Home\",\"item\":\"https:\\\/\\\/ucc-europe.com\\\/es\\\/\"},{\"@type\":\"ListItem\",\"position\":2,\"name\":\"Sostenibilidad\",\"item\":\"https:\\\/\\\/ucc-europe.com\\\/es\\\/sostenibilidad\\\/\"},{\"@type\":\"ListItem\",\"position\":3,\"name\":\"REDUCIR EL CARBONO\"}]},{\"@type\":\"WebSite\",\"@id\":\"https:\\\/\\\/ucc-europe.com\\\/es\\\/#website\",\"url\":\"https:\\\/\\\/ucc-europe.com\\\/es\\\/\",\"name\":\"UCC Europe - English\",\"description\":\"\",\"potentialAction\":[{\"@type\":\"SearchAction\",\"target\":{\"@type\":\"EntryPoint\",\"urlTemplate\":\"https:\\\/\\\/ucc-europe.com\\\/es\\\/?s={search_term_string}\"},\"query-input\":{\"@type\":\"PropertyValueSpecification\",\"valueRequired\":true,\"valueName\":\"search_term_string\"}}],\"inLanguage\":\"es\"}]}<\/script>\n<!-- \/ Yoast SEO plugin. -->","yoast_head_json":{"title":"Reducci\u00f3n de emisiones de carbono: UCC Europe","description":"Obtenga m\u00e1s informaci\u00f3n sobre los esfuerzos de UCC Europe para reducir las emisiones de carbono. Descubra nuestras pr\u00e1cticas sostenibles en la industria del caf\u00e9.","robots":{"index":"index","follow":"follow","max-snippet":"max-snippet:-1","max-image-preview":"max-image-preview:large","max-video-preview":"max-video-preview:-1"},"canonical":"https:\/\/ucc-europe.com\/es\/sostenibilidad\/reducir-el-carbono\/","og_locale":"es_ES","og_type":"article","og_title":"Reducci\u00f3n de emisiones de carbono: UCC Europe","og_description":"Obtenga m\u00e1s informaci\u00f3n sobre los esfuerzos de UCC Europe para reducir las emisiones de carbono. Descubra nuestras pr\u00e1cticas sostenibles en la industria del caf\u00e9.","og_url":"https:\/\/ucc-europe.com\/es\/sostenibilidad\/reducir-el-carbono\/","og_site_name":"UCC Europe - English","article_modified_time":"2025-11-07T08:56:17+00:00","og_image":[{"width":2560,"height":1709,"url":"https:\/\/ucc-europe.com\/wp-content\/uploads\/2025\/08\/AdobeStock_422207291-scaled.jpeg","type":"image\/jpeg"}],"twitter_card":"summary_large_image","twitter_misc":{"Tiempo de lectura":"1 minuto"},"schema":{"@context":"https:\/\/schema.org","@graph":[{"@type":"WebPage","@id":"https:\/\/ucc-europe.com\/es\/sostenibilidad\/reducir-el-carbono\/","url":"https:\/\/ucc-europe.com\/es\/sostenibilidad\/reducir-el-carbono\/","name":"Reducci\u00f3n de emisiones de carbono: UCC Europe","isPartOf":{"@id":"https:\/\/ucc-europe.com\/es\/#website"},"primaryImageOfPage":{"@id":"https:\/\/ucc-europe.com\/es\/sostenibilidad\/reducir-el-carbono\/#primaryimage"},"image":{"@id":"https:\/\/ucc-europe.com\/es\/sostenibilidad\/reducir-el-carbono\/#primaryimage"},"thumbnailUrl":"https:\/\/ucc-europe.com\/wp-content\/uploads\/2025\/08\/AdobeStock_422207291-scaled.jpeg","datePublished":"2025-07-08T09:14:51+00:00","dateModified":"2025-11-07T08:56:17+00:00","description":"Obtenga m\u00e1s informaci\u00f3n sobre los esfuerzos de UCC Europe para reducir las emisiones de carbono. Descubra nuestras pr\u00e1cticas sostenibles en la industria del caf\u00e9.","breadcrumb":{"@id":"https:\/\/ucc-europe.com\/es\/sostenibilidad\/reducir-el-carbono\/#breadcrumb"},"inLanguage":"es","potentialAction":[{"@type":"ReadAction","target":["https:\/\/ucc-europe.com\/es\/sostenibilidad\/reducir-el-carbono\/"]}]},{"@type":"ImageObject","inLanguage":"es","@id":"https:\/\/ucc-europe.com\/es\/sostenibilidad\/reducir-el-carbono\/#primaryimage","url":"https:\/\/ucc-europe.com\/wp-content\/uploads\/2025\/08\/AdobeStock_422207291-scaled.jpeg","contentUrl":"https:\/\/ucc-europe.com\/wp-content\/uploads\/2025\/08\/AdobeStock_422207291-scaled.jpeg","width":2560,"height":1709,"caption":"Man Hands harvest coffee bean ripe Red berries plant fresh seed coffee tree growth in green eco organic farm. Close up hands harvest red ripe coffee seed robusta arabica berry harvesting coffee farm"},{"@type":"BreadcrumbList","@id":"https:\/\/ucc-europe.com\/es\/sostenibilidad\/reducir-el-carbono\/#breadcrumb","itemListElement":[{"@type":"ListItem","position":1,"name":"Home","item":"https:\/\/ucc-europe.com\/es\/"},{"@type":"ListItem","position":2,"name":"Sostenibilidad","item":"https:\/\/ucc-europe.com\/es\/sostenibilidad\/"},{"@type":"ListItem","position":3,"name":"REDUCIR EL CARBONO"}]},{"@type":"WebSite","@id":"https:\/\/ucc-europe.com\/es\/#website","url":"https:\/\/ucc-europe.com\/es\/","name":"UCC Europe - English","description":"","potentialAction":[{"@type":"SearchAction","target":{"@type":"EntryPoint","urlTemplate":"https:\/\/ucc-europe.com\/es\/?s={search_term_string}"},"query-input":{"@type":"PropertyValueSpecification","valueRequired":true,"valueName":"search_term_string"}}],"inLanguage":"es"}]}},"_links":{"self":[{"href":"https:\/\/ucc-europe.com\/es\/wp-json\/wp\/v2\/pages\/1276","targetHints":{"allow":["GET"]}}],"collection":[{"href":"https:\/\/ucc-europe.com\/es\/wp-json\/wp\/v2\/pages"}],"about":[{"href":"https:\/\/ucc-europe.com\/es\/wp-json\/wp\/v2\/types\/page"}],"author":[{"embeddable":true,"href":"https:\/\/ucc-europe.com\/es\/wp-json\/wp\/v2\/users\/1"}],"replies":[{"embeddable":true,"href":"https:\/\/ucc-europe.com\/es\/wp-json\/wp\/v2\/comments?post=1276"}],"version-history":[{"count":0,"href":"https:\/\/ucc-europe.com\/es\/wp-json\/wp\/v2\/pages\/1276\/revisions"}],"up":[{"embeddable":true,"href":"https:\/\/ucc-europe.com\/es\/wp-json\/wp\/v2\/pages\/1388"}],"wp:featuredmedia":[{"embeddable":true,"href":"https:\/\/ucc-europe.com\/es\/wp-json\/wp\/v2\/media\/1974"}],"wp:attachment":[{"href":"https:\/\/ucc-europe.com\/es\/wp-json\/wp\/v2\/media?parent=1276"}],"curies":[{"name":"wp","href":"https:\/\/api.w.org\/{rel}","templated":true}]}}