{"id":1280,"date":"2024-09-17T12:49:27","date_gmt":"2024-09-17T12:49:27","guid":{"rendered":"https:\/\/ucceurope2024.wpenginepowered.com\/legal\/"},"modified":"2026-04-01T14:15:38","modified_gmt":"2026-04-01T14:15:38","slug":"legal","status":"publish","type":"page","link":"https:\/\/ucc-europe.com\/es\/legal\/","title":{"rendered":"Legal"},"content":{"rendered":"\n<h1 class=\"wp-block-heading\">Legal<\/h1>\n\n<h4 class=\"wp-block-heading\">Informe anual<\/h4>\n\n<p>Estamos comprometidos con unas pr\u00e1cticas laborales \u00e9ticas en toda nuestra empresa y en toda nuestra cadena de suministro. Nuestra declaraci\u00f3n anual <a href=\"\/wp-content\/uploads\/2024\/09\/UCC_FY2024-UCC-UK-MSA-statement_for-website2631.pdf\" target=\"_blank\" rel=\"noreferrer noopener\">sobre Esclavitud Moderna y Trata de Seres <\/a>Humanos detalla nuestras pol\u00edticas y procedimientos. En 2017 se introdujeron los informes sobre la diferencia salarial entre hombres y mujeres, y la normativa exige a las empresas que publiquen anualmente un an\u00e1lisis de la diferencia salarial entre hombres y mujeres. <a href=\"\/wp-content\/uploads\/2024\/09\/UCC24477-Gender-Pay-Gap-Report-2024-BM-V229.pdf\" target=\"_blank\" rel=\"noreferrer noopener\">Nuestro Informe sobre la Brecha Salarial de<\/a> G\u00e9nero detalla nuestro \u00faltimo an\u00e1lisis. Nuestra Pol\u00edtica de Salud y Seguridad compromete a la organizaci\u00f3n a todos los niveles a garantizar la salud, la seguridad y el bienestar de todos los empleados. UCC Coffee Limited es una organizaci\u00f3n profesional y concienciada con el medio ambiente. Reconocemos el impacto que nuestras operaciones podr\u00edan tener en el medio ambiente y gestionaremos nuestras actividades para minimizarlo a trav\u00e9s de Nuestra Pol\u00edtica Medioambiental.     <\/p>\n\n<hr class=\"wp-block-separator has-alpha-channel-opacity\"\/>\n\n<h4 class=\"wp-block-heading\">Estrategia fiscal<\/h4>\n\n<h5 class=\"wp-block-heading\"><strong>Alcance<\/strong><\/h5>\n\n<p>UCC Coffee es la \u00fanica empresa cafetera del mundo que abarca todos los aspectos del caf\u00e9 \u00abde la taza a la semilla\u00bb. En \u00faltima instancia, UCC Coffee tiene su sede en Jap\u00f3n, y las operaciones europeas (\u00abUCC Europe\u00bb) est\u00e1n gestionadas por una oficina central europea con sede en UCC Europe Limited, en el Reino Unido. <\/p>\n\n<p>UCC Europe es l\u00edder de mercado en el sector del caf\u00e9 de marca blanca y en porciones individuales, con operaciones en Francia, Alemania, Irlanda, Portugal, Pa\u00edses Bajos, Espa\u00f1a, Suiza y Reino Unido. Las operaciones en el Reino Unido implican el suministro de caf\u00e9 a minoristas, marcas fuera del hogar y empresas de servicios alimentarios. La empresa tambi\u00e9n suministra m\u00e1quinas de caf\u00e9 y servicios de apoyo para el mercado minorista y fuera del hogar.  <\/p>\n\n<p>Esta estrategia se aplica a UCC Europe Limited y al grupo de empresas encabezadas por UCC Europe Limited de conformidad con el p\u00e1rrafo 17(4) del Anexo 19 de la Ley de Finanzas de 2016. A continuaci\u00f3n figura una lista de las entidades a las que se aplica. En esta estrategia, las referencias a \u00abUCC\u00bb, \u00abla empresa\u00bb o \u00abel grupo\u00bb se refieren a todas estas entidades. La estrategia se publica de conformidad con el apartado 16(4) del Anexo.   <\/p>\n\n<p>Esta estrategia se aplica desde la fecha de publicaci\u00f3n hasta que sea sustituida. Las referencias a la \u00abFiscalidad del Reino Unido\u00bb se refieren a los impuestos y derechos establecidos en el apartado 15(1) del Anexo, que incluyen el Impuesto sobre la Renta, el Impuesto de Sociedades, el PAYE, el NIC, el IVA, el Impuesto sobre las Primas de Seguros y el Impuesto sobre Actos Jur\u00eddicos Documentados. Las referencias a \u00abimpuesto\u00bb, \u00abimpuestos\u00bb o \u00abfiscalidad\u00bb se refieren a la fiscalidad del Reino Unido y a todos los impuestos y derechos similares correspondientes en todo el mundo respecto de los cuales el Grupo tiene responsabilidades legales.  <\/p>\n\n<h5 class=\"wp-block-heading\"><strong><br\/>Apunta<\/strong><\/h5>\n\n<p>UCC se compromete a cumplir plenamente todas las obligaciones legales y a informar plenamente a las autoridades fiscales pertinentes. Los asuntos fiscales del grupo se gestionan de forma que se tenga en cuenta la reputaci\u00f3n corporativa general del grupo, en l\u00ednea con los elevados est\u00e1ndares generales de gobernanza de UCC. <\/p>\n\n<h5 class=\"wp-block-heading\"><strong><br\/>Gobernanza en relaci\u00f3n con la fiscalidad brit\u00e1nica<\/strong><\/h5>\n\n<p>La responsabilidad \u00faltima de la estrategia y el cumplimiento fiscal de UCC recae en el Consejo de UCC Holdings Co Ltd en Jap\u00f3n;<br\/>La direcci\u00f3n ejecutiva del grupo es delegada por el Consejo de UCC Holdings Co Ltd en Jap\u00f3n al Consejo de UCC.<br\/>El Consejero Delegado\/Director Gerente es el miembro del Consejo de Administraci\u00f3n de la UCC con responsabilidad ejecutiva en materia fiscal;<br\/>La gesti\u00f3n diaria se delega en el Director Financiero\/Director Financiero, que depende del Consejero Delegado\/Director Gerente.<br\/>El CFO\/Director Financiero informa al Consejo de UCC sobre los asuntos y riesgos fiscales durante el a\u00f1o;<br\/>El Consejo se asegura de que la estrategia fiscal de UCC sea uno de los factores que se tengan en cuenta en todas las inversiones y decisiones empresariales importantes que se tomen;<\/p>\n\n<h5 class=\"wp-block-heading\"><strong><br\/>Gesti\u00f3n de riesgos<\/strong><\/h5>\n\n<p>UCC aplica un sistema de evaluaci\u00f3n y controles del riesgo fiscal como componente del marco general de control interno aplicable al sistema de informaci\u00f3n financiera del grupo;<br\/>UCC intenta reducir el nivel de riesgo fiscal derivado de sus operaciones en la medida en que sea razonablemente factible, garantizando que se aplica un cuidado razonable en relaci\u00f3n con todos los procesos que podr\u00edan afectar materialmente al cumplimiento de sus obligaciones fiscales;<br\/>Los procesos relacionados con los distintos impuestos se asignan a los propietarios de los procesos adecuados, que llevan a cabo una revisi\u00f3n de las actividades y los procesos para identificar los riesgos clave y los controles mitigadores existentes. Estos riesgos clave se supervisan para detectar cambios empresariales y legislativos que puedan afectarles, y se realizan cambios en los procesos o controles cuando es necesario;<br\/>Se lleva a cabo una formaci\u00f3n adecuada para el personal ajeno al equipo de Finanzas que gestiona o procesa asuntos que tienen implicaciones fiscales;<br\/>Se solicita asesoramiento a asesores externos cuando procede. <\/p>\n\n<h5 class=\"wp-block-heading\"><strong><br\/>Actitud hacia la planificaci\u00f3n fiscal y nivel de riesgo<\/strong><\/h5>\n\n<p>UCC gestiona los riesgos para garantizar el cumplimiento de los requisitos legales de forma que se asegure el pago de la cantidad correcta de impuestos.<\/p>\n\n<p>Al realizar transacciones comerciales, la UCC trata de aprovechar los incentivos, desgravaciones y exenciones fiscales disponibles de acuerdo con la legislaci\u00f3n fiscal y con su esp\u00edritu. UCC no lleva a cabo una planificaci\u00f3n fiscal no relacionada con dichas transacciones comerciales. <\/p>\n\n<p>El nivel de riesgo que UCC acepta en relaci\u00f3n con la fiscalidad del Reino Unido es coherente con su objetivo general de lograr seguridad en los asuntos fiscales del grupo. En todo momento, UCC trata de cumplir plenamente sus obligaciones reglamentarias y de otro tipo, y de actuar de forma que se mantenga su reputaci\u00f3n de ciudadano corporativo responsable. En relaci\u00f3n con cualquier asunto o transacci\u00f3n concretos, el Consejo es responsable en \u00faltima instancia de identificar los riesgos, incluidos los fiscales, que deben abordarse y de determinar qu\u00e9 medidas deben tomarse para gestionar esos riesgos, teniendo en cuenta la importancia de las cantidades y obligaciones en cuesti\u00f3n.  <\/p>\n\n<h5 class=\"wp-block-heading\"><strong><br\/>Relaci\u00f3n con HMRC<\/strong><\/h5>\n\n<p>UCC trata de mantener una relaci\u00f3n transparente y constructiva con la HMRC mediante reuniones y comunicaciones peri\u00f3dicas en relaci\u00f3n con la evoluci\u00f3n del negocio de UCC, los riesgos fiscales actuales, futuros y retrospectivos, y la interpretaci\u00f3n de la ley en relaci\u00f3n con todos los impuestos pertinentes.<\/p>\n\n<p>UCC se asegura de que la HMRC est\u00e9 al corriente de las transacciones y cambios significativos en la empresa, y trata de debatir cualquier cuesti\u00f3n fiscal que surja en una fase temprana. Al presentar los c\u00e1lculos y las declaraciones fiscales a la HMRC, UCC revela todos los hechos relevantes e identifica cualquier transacci\u00f3n o cuesti\u00f3n en la que considere que existe la posibilidad de que el tratamiento fiscal sea incierto. <\/p>\n\n<p>Cualquier error involuntario en las presentaciones realizadas a la HMRC se revela en su totalidad tan pronto como sea razonablemente factible tras su identificaci\u00f3n.<\/p>\n\n<h5 class=\"wp-block-heading\"><strong><br\/>Lista de entidades cubiertas por esta Estrategia Fiscal<\/strong><\/h5>\n\n<ul class=\"wp-block-list\">\n<li>UCC Europe Limitada<\/li>\n\n\n\n<li>UCC Coffee Reino Unido Holdings Limited<\/li>\n\n\n\n<li>UCC Coffee UK Limitada<\/li>\n\n\n\n<li>UCC Europe Finance Limited<\/li>\n<\/ul>\n","protected":false},"excerpt":{"rendered":"<p>Legal Informe anual Estamos comprometidos con unas pr\u00e1cticas laborales \u00e9ticas en toda nuestra empresa y en toda nuestra cadena de suministro. Nuestra declaraci\u00f3n anual sobre Esclavitud Moderna y Trata de Seres Humanos detalla nuestras pol\u00edticas y procedimientos. En 2017 se introdujeron los informes sobre la diferencia salarial entre hombres y mujeres, y la normativa exige&#8230;<\/p>\n","protected":false},"author":1,"featured_media":0,"parent":0,"menu_order":0,"comment_status":"closed","ping_status":"closed","template":"","meta":{"_acf_changed":false,"footnotes":""},"class_list":["post-1280","page","type-page","status-publish","hentry"],"acf":[],"yoast_head":"<!-- This site is optimized with the Yoast SEO plugin v27.3 - https:\/\/yoast.com\/product\/yoast-seo-wordpress\/ -->\n<title>Legal - UCC Europe - English<\/title>\n<meta name=\"robots\" content=\"index, follow, max-snippet:-1, max-image-preview:large, max-video-preview:-1\" \/>\n<link rel=\"canonical\" href=\"https:\/\/ucc-europe.com\/es\/legal\/\" \/>\n<meta property=\"og:locale\" content=\"es_ES\" \/>\n<meta property=\"og:type\" content=\"article\" \/>\n<meta property=\"og:title\" content=\"Legal - UCC Europe - English\" \/>\n<meta property=\"og:description\" content=\"Legal Informe anual Estamos comprometidos con unas pr\u00e1cticas laborales \u00e9ticas en toda nuestra empresa y en toda nuestra cadena de suministro. Nuestra declaraci\u00f3n anual sobre Esclavitud Moderna y Trata de Seres Humanos detalla nuestras pol\u00edticas y procedimientos. En 2017 se introdujeron los informes sobre la diferencia salarial entre hombres y mujeres, y la normativa exige...\" \/>\n<meta property=\"og:url\" content=\"https:\/\/ucc-europe.com\/es\/legal\/\" \/>\n<meta property=\"og:site_name\" content=\"UCC Europe - English\" \/>\n<meta property=\"article:modified_time\" content=\"2026-04-01T14:15:38+00:00\" \/>\n<meta name=\"twitter:card\" content=\"summary_large_image\" \/>\n<meta name=\"twitter:label1\" content=\"Tiempo de lectura\" \/>\n\t<meta name=\"twitter:data1\" content=\"6 minuto\" \/>\n<script type=\"application\/ld+json\" class=\"yoast-schema-graph\">{\"@context\":\"https:\\\/\\\/schema.org\",\"@graph\":[{\"@type\":\"WebPage\",\"@id\":\"https:\\\/\\\/ucc-europe.com\\\/es\\\/legal\\\/\",\"url\":\"https:\\\/\\\/ucc-europe.com\\\/es\\\/legal\\\/\",\"name\":\"Legal - UCC Europe - English\",\"isPartOf\":{\"@id\":\"https:\\\/\\\/ucc-europe.com\\\/es\\\/#website\"},\"datePublished\":\"2024-09-17T12:49:27+00:00\",\"dateModified\":\"2026-04-01T14:15:38+00:00\",\"breadcrumb\":{\"@id\":\"https:\\\/\\\/ucc-europe.com\\\/es\\\/legal\\\/#breadcrumb\"},\"inLanguage\":\"es\",\"potentialAction\":[{\"@type\":\"ReadAction\",\"target\":[\"https:\\\/\\\/ucc-europe.com\\\/es\\\/legal\\\/\"]}]},{\"@type\":\"BreadcrumbList\",\"@id\":\"https:\\\/\\\/ucc-europe.com\\\/es\\\/legal\\\/#breadcrumb\",\"itemListElement\":[{\"@type\":\"ListItem\",\"position\":1,\"name\":\"Home\",\"item\":\"https:\\\/\\\/ucc-europe.com\\\/es\\\/\"},{\"@type\":\"ListItem\",\"position\":2,\"name\":\"Legal\"}]},{\"@type\":\"WebSite\",\"@id\":\"https:\\\/\\\/ucc-europe.com\\\/es\\\/#website\",\"url\":\"https:\\\/\\\/ucc-europe.com\\\/es\\\/\",\"name\":\"UCC Europe - English\",\"description\":\"\",\"potentialAction\":[{\"@type\":\"SearchAction\",\"target\":{\"@type\":\"EntryPoint\",\"urlTemplate\":\"https:\\\/\\\/ucc-europe.com\\\/es\\\/?s={search_term_string}\"},\"query-input\":{\"@type\":\"PropertyValueSpecification\",\"valueRequired\":true,\"valueName\":\"search_term_string\"}}],\"inLanguage\":\"es\"}]}<\/script>\n<!-- \/ Yoast SEO plugin. -->","yoast_head_json":{"title":"Legal - UCC Europe - English","robots":{"index":"index","follow":"follow","max-snippet":"max-snippet:-1","max-image-preview":"max-image-preview:large","max-video-preview":"max-video-preview:-1"},"canonical":"https:\/\/ucc-europe.com\/es\/legal\/","og_locale":"es_ES","og_type":"article","og_title":"Legal - UCC Europe - English","og_description":"Legal Informe anual Estamos comprometidos con unas pr\u00e1cticas laborales \u00e9ticas en toda nuestra empresa y en toda nuestra cadena de suministro. Nuestra declaraci\u00f3n anual sobre Esclavitud Moderna y Trata de Seres Humanos detalla nuestras pol\u00edticas y procedimientos. En 2017 se introdujeron los informes sobre la diferencia salarial entre hombres y mujeres, y la normativa exige...","og_url":"https:\/\/ucc-europe.com\/es\/legal\/","og_site_name":"UCC Europe - English","article_modified_time":"2026-04-01T14:15:38+00:00","twitter_card":"summary_large_image","twitter_misc":{"Tiempo de lectura":"6 minuto"},"schema":{"@context":"https:\/\/schema.org","@graph":[{"@type":"WebPage","@id":"https:\/\/ucc-europe.com\/es\/legal\/","url":"https:\/\/ucc-europe.com\/es\/legal\/","name":"Legal - UCC Europe - English","isPartOf":{"@id":"https:\/\/ucc-europe.com\/es\/#website"},"datePublished":"2024-09-17T12:49:27+00:00","dateModified":"2026-04-01T14:15:38+00:00","breadcrumb":{"@id":"https:\/\/ucc-europe.com\/es\/legal\/#breadcrumb"},"inLanguage":"es","potentialAction":[{"@type":"ReadAction","target":["https:\/\/ucc-europe.com\/es\/legal\/"]}]},{"@type":"BreadcrumbList","@id":"https:\/\/ucc-europe.com\/es\/legal\/#breadcrumb","itemListElement":[{"@type":"ListItem","position":1,"name":"Home","item":"https:\/\/ucc-europe.com\/es\/"},{"@type":"ListItem","position":2,"name":"Legal"}]},{"@type":"WebSite","@id":"https:\/\/ucc-europe.com\/es\/#website","url":"https:\/\/ucc-europe.com\/es\/","name":"UCC Europe - English","description":"","potentialAction":[{"@type":"SearchAction","target":{"@type":"EntryPoint","urlTemplate":"https:\/\/ucc-europe.com\/es\/?s={search_term_string}"},"query-input":{"@type":"PropertyValueSpecification","valueRequired":true,"valueName":"search_term_string"}}],"inLanguage":"es"}]}},"_links":{"self":[{"href":"https:\/\/ucc-europe.com\/es\/wp-json\/wp\/v2\/pages\/1280","targetHints":{"allow":["GET"]}}],"collection":[{"href":"https:\/\/ucc-europe.com\/es\/wp-json\/wp\/v2\/pages"}],"about":[{"href":"https:\/\/ucc-europe.com\/es\/wp-json\/wp\/v2\/types\/page"}],"author":[{"embeddable":true,"href":"https:\/\/ucc-europe.com\/es\/wp-json\/wp\/v2\/users\/1"}],"replies":[{"embeddable":true,"href":"https:\/\/ucc-europe.com\/es\/wp-json\/wp\/v2\/comments?post=1280"}],"version-history":[{"count":0,"href":"https:\/\/ucc-europe.com\/es\/wp-json\/wp\/v2\/pages\/1280\/revisions"}],"wp:attachment":[{"href":"https:\/\/ucc-europe.com\/es\/wp-json\/wp\/v2\/media?parent=1280"}],"curies":[{"name":"wp","href":"https:\/\/api.w.org\/{rel}","templated":true}]}}