{"id":1284,"date":"2024-09-17T11:11:04","date_gmt":"2024-09-17T11:11:04","guid":{"rendered":"https:\/\/ucceurope2024.wpenginepowered.com\/cafe-para-llevar\/"},"modified":"2025-08-13T08:59:55","modified_gmt":"2025-08-13T08:59:55","slug":"cafe-para-llevar","status":"publish","type":"page","link":"https:\/\/ucc-europe.com\/es\/cafe-para-llevar\/","title":{"rendered":"Caf\u00e9 para llevar"},"content":{"rendered":"\n<section id=\"content-block_ee329d3baf4b5a60509d9f89f9b21e25\" class=\"block quote-block colour-palette-dark-background block-with-bg\">\n    <div class='quote-block-wrap'>\n        <div class='quote-block-content'>\n            <h2>Soluci\u00f3n Premium de Caf\u00e9 Automatizado<\/h2>\n<p>Descubre UCC TO GO, la soluci\u00f3n definitiva de venta autom\u00e1tica de caf\u00e9 fresco. Esta m\u00e1quina premium de caf\u00e9 en grano a taza ofrece velocidad, fiabilidad y una amplia personalizaci\u00f3n, lo que te permite adaptarla sin esfuerzo a tu marca. Actualiza f\u00e1cilmente los men\u00fas de temporada y los precios a distancia, garantizando un funcionamiento sin problemas ni ajustes in situ. Eleva tu experiencia de autoservicio de caf\u00e9 con el equipo m\u00e1s vers\u00e1til del mercado.   <\/p>\n                    <\/div>\n            <\/div>\n<\/section>","protected":false},"excerpt":{"rendered":"","protected":false},"author":1,"featured_media":1285,"parent":0,"menu_order":0,"comment_status":"closed","ping_status":"closed","template":"","meta":{"_acf_changed":false,"footnotes":""},"class_list":["post-1284","page","type-page","status-publish","has-post-thumbnail","hentry"],"acf":[],"yoast_head":"<!-- This site is optimized with the Yoast SEO plugin v27.3 - https:\/\/yoast.com\/product\/yoast-seo-wordpress\/ -->\n<title>Caf\u00e9 para llevar - UCC Europe - English<\/title>\n<meta name=\"robots\" content=\"index, follow, max-snippet:-1, max-image-preview:large, max-video-preview:-1\" \/>\n<link rel=\"canonical\" href=\"https:\/\/ucc-europe.com\/es\/cafe-para-llevar\/\" \/>\n<meta property=\"og:locale\" content=\"es_ES\" \/>\n<meta property=\"og:type\" content=\"article\" \/>\n<meta property=\"og:title\" content=\"Caf\u00e9 para llevar - UCC Europe - English\" \/>\n<meta property=\"og:url\" content=\"https:\/\/ucc-europe.com\/es\/cafe-para-llevar\/\" \/>\n<meta property=\"og:site_name\" content=\"UCC Europe - English\" \/>\n<meta property=\"article:modified_time\" content=\"2025-08-13T08:59:55+00:00\" \/>\n<meta property=\"og:image\" content=\"https:\/\/ucc-europe.com\/wp-content\/uploads\/2024\/12\/UCC24092_Webpage_AH_1800-x-6531856.jpg\" \/>\n\t<meta property=\"og:image:width\" content=\"1800\" \/>\n\t<meta property=\"og:image:height\" content=\"653\" \/>\n\t<meta property=\"og:image:type\" content=\"image\/jpeg\" \/>\n<meta name=\"twitter:card\" content=\"summary_large_image\" \/>\n<script type=\"application\/ld+json\" class=\"yoast-schema-graph\">{\"@context\":\"https:\\\/\\\/schema.org\",\"@graph\":[{\"@type\":\"WebPage\",\"@id\":\"https:\\\/\\\/ucc-europe.com\\\/es\\\/cafe-para-llevar\\\/\",\"url\":\"https:\\\/\\\/ucc-europe.com\\\/es\\\/cafe-para-llevar\\\/\",\"name\":\"Caf\u00e9 para llevar - UCC Europe - English\",\"isPartOf\":{\"@id\":\"https:\\\/\\\/ucc-europe.com\\\/es\\\/#website\"},\"primaryImageOfPage\":{\"@id\":\"https:\\\/\\\/ucc-europe.com\\\/es\\\/cafe-para-llevar\\\/#primaryimage\"},\"image\":{\"@id\":\"https:\\\/\\\/ucc-europe.com\\\/es\\\/cafe-para-llevar\\\/#primaryimage\"},\"thumbnailUrl\":\"https:\\\/\\\/ucc-europe.com\\\/wp-content\\\/uploads\\\/2024\\\/12\\\/UCC24092_Webpage_AH_1800-x-6531856.jpg\",\"datePublished\":\"2024-09-17T11:11:04+00:00\",\"dateModified\":\"2025-08-13T08:59:55+00:00\",\"breadcrumb\":{\"@id\":\"https:\\\/\\\/ucc-europe.com\\\/es\\\/cafe-para-llevar\\\/#breadcrumb\"},\"inLanguage\":\"es\",\"potentialAction\":[{\"@type\":\"ReadAction\",\"target\":[\"https:\\\/\\\/ucc-europe.com\\\/es\\\/cafe-para-llevar\\\/\"]}]},{\"@type\":\"ImageObject\",\"inLanguage\":\"es\",\"@id\":\"https:\\\/\\\/ucc-europe.com\\\/es\\\/cafe-para-llevar\\\/#primaryimage\",\"url\":\"https:\\\/\\\/ucc-europe.com\\\/wp-content\\\/uploads\\\/2024\\\/12\\\/UCC24092_Webpage_AH_1800-x-6531856.jpg\",\"contentUrl\":\"https:\\\/\\\/ucc-europe.com\\\/wp-content\\\/uploads\\\/2024\\\/12\\\/UCC24092_Webpage_AH_1800-x-6531856.jpg\",\"width\":1800,\"height\":653},{\"@type\":\"BreadcrumbList\",\"@id\":\"https:\\\/\\\/ucc-europe.com\\\/es\\\/cafe-para-llevar\\\/#breadcrumb\",\"itemListElement\":[{\"@type\":\"ListItem\",\"position\":1,\"name\":\"Home\",\"item\":\"https:\\\/\\\/ucc-europe.com\\\/es\\\/\"},{\"@type\":\"ListItem\",\"position\":2,\"name\":\"Caf\u00e9 para llevar\"}]},{\"@type\":\"WebSite\",\"@id\":\"https:\\\/\\\/ucc-europe.com\\\/es\\\/#website\",\"url\":\"https:\\\/\\\/ucc-europe.com\\\/es\\\/\",\"name\":\"UCC Europe - English\",\"description\":\"\",\"potentialAction\":[{\"@type\":\"SearchAction\",\"target\":{\"@type\":\"EntryPoint\",\"urlTemplate\":\"https:\\\/\\\/ucc-europe.com\\\/es\\\/?s={search_term_string}\"},\"query-input\":{\"@type\":\"PropertyValueSpecification\",\"valueRequired\":true,\"valueName\":\"search_term_string\"}}],\"inLanguage\":\"es\"}]}<\/script>\n<!-- \/ Yoast SEO plugin. -->","yoast_head_json":{"title":"Caf\u00e9 para llevar - UCC Europe - English","robots":{"index":"index","follow":"follow","max-snippet":"max-snippet:-1","max-image-preview":"max-image-preview:large","max-video-preview":"max-video-preview:-1"},"canonical":"https:\/\/ucc-europe.com\/es\/cafe-para-llevar\/","og_locale":"es_ES","og_type":"article","og_title":"Caf\u00e9 para llevar - UCC Europe - English","og_url":"https:\/\/ucc-europe.com\/es\/cafe-para-llevar\/","og_site_name":"UCC Europe - English","article_modified_time":"2025-08-13T08:59:55+00:00","og_image":[{"width":1800,"height":653,"url":"https:\/\/ucc-europe.com\/wp-content\/uploads\/2024\/12\/UCC24092_Webpage_AH_1800-x-6531856.jpg","type":"image\/jpeg"}],"twitter_card":"summary_large_image","schema":{"@context":"https:\/\/schema.org","@graph":[{"@type":"WebPage","@id":"https:\/\/ucc-europe.com\/es\/cafe-para-llevar\/","url":"https:\/\/ucc-europe.com\/es\/cafe-para-llevar\/","name":"Caf\u00e9 para llevar - UCC Europe - English","isPartOf":{"@id":"https:\/\/ucc-europe.com\/es\/#website"},"primaryImageOfPage":{"@id":"https:\/\/ucc-europe.com\/es\/cafe-para-llevar\/#primaryimage"},"image":{"@id":"https:\/\/ucc-europe.com\/es\/cafe-para-llevar\/#primaryimage"},"thumbnailUrl":"https:\/\/ucc-europe.com\/wp-content\/uploads\/2024\/12\/UCC24092_Webpage_AH_1800-x-6531856.jpg","datePublished":"2024-09-17T11:11:04+00:00","dateModified":"2025-08-13T08:59:55+00:00","breadcrumb":{"@id":"https:\/\/ucc-europe.com\/es\/cafe-para-llevar\/#breadcrumb"},"inLanguage":"es","potentialAction":[{"@type":"ReadAction","target":["https:\/\/ucc-europe.com\/es\/cafe-para-llevar\/"]}]},{"@type":"ImageObject","inLanguage":"es","@id":"https:\/\/ucc-europe.com\/es\/cafe-para-llevar\/#primaryimage","url":"https:\/\/ucc-europe.com\/wp-content\/uploads\/2024\/12\/UCC24092_Webpage_AH_1800-x-6531856.jpg","contentUrl":"https:\/\/ucc-europe.com\/wp-content\/uploads\/2024\/12\/UCC24092_Webpage_AH_1800-x-6531856.jpg","width":1800,"height":653},{"@type":"BreadcrumbList","@id":"https:\/\/ucc-europe.com\/es\/cafe-para-llevar\/#breadcrumb","itemListElement":[{"@type":"ListItem","position":1,"name":"Home","item":"https:\/\/ucc-europe.com\/es\/"},{"@type":"ListItem","position":2,"name":"Caf\u00e9 para llevar"}]},{"@type":"WebSite","@id":"https:\/\/ucc-europe.com\/es\/#website","url":"https:\/\/ucc-europe.com\/es\/","name":"UCC Europe - English","description":"","potentialAction":[{"@type":"SearchAction","target":{"@type":"EntryPoint","urlTemplate":"https:\/\/ucc-europe.com\/es\/?s={search_term_string}"},"query-input":{"@type":"PropertyValueSpecification","valueRequired":true,"valueName":"search_term_string"}}],"inLanguage":"es"}]}},"_links":{"self":[{"href":"https:\/\/ucc-europe.com\/es\/wp-json\/wp\/v2\/pages\/1284","targetHints":{"allow":["GET"]}}],"collection":[{"href":"https:\/\/ucc-europe.com\/es\/wp-json\/wp\/v2\/pages"}],"about":[{"href":"https:\/\/ucc-europe.com\/es\/wp-json\/wp\/v2\/types\/page"}],"author":[{"embeddable":true,"href":"https:\/\/ucc-europe.com\/es\/wp-json\/wp\/v2\/users\/1"}],"replies":[{"embeddable":true,"href":"https:\/\/ucc-europe.com\/es\/wp-json\/wp\/v2\/comments?post=1284"}],"version-history":[{"count":0,"href":"https:\/\/ucc-europe.com\/es\/wp-json\/wp\/v2\/pages\/1284\/revisions"}],"wp:featuredmedia":[{"embeddable":true,"href":"https:\/\/ucc-europe.com\/es\/wp-json\/wp\/v2\/media\/1285"}],"wp:attachment":[{"href":"https:\/\/ucc-europe.com\/es\/wp-json\/wp\/v2\/media?parent=1284"}],"curies":[{"name":"wp","href":"https:\/\/api.w.org\/{rel}","templated":true}]}}