{"id":1388,"date":"2024-09-16T13:26:45","date_gmt":"2024-09-16T13:26:45","guid":{"rendered":"https:\/\/ucceurope2024.wpenginepowered.com\/sostenibilidad\/"},"modified":"2025-11-06T09:54:17","modified_gmt":"2025-11-06T09:54:17","slug":"sostenibilidad","status":"publish","type":"page","link":"https:\/\/ucc-europe.com\/es\/sostenibilidad\/","title":{"rendered":"Sostenibilidad"},"content":{"rendered":"\n<section id=\"content-block_b101c02fe1d39bc0c8d7c0a0de1a6117\" class=\"block quote-block colour-palette-main block-with-bg\">\n    <div class='quote-block-wrap'>\n        <div class='quote-block-content'>\n            <h2>DIRECCI\u00d3N DE SOSTENIBILIDAD DE UCC<\/h2>\n<p>Impulsando un cambio positivo a trav\u00e9s del caf\u00e9<\/p>\n<hr>\n<p>En UCC, la sostenibilidad es el eje central de todo lo que hacemos. Desde la forma en que obtenemos nuestros granos hasta la forma en que minimizamos nuestro impacto ambiental, estamos comprometidos a desbloquear el poder del caf\u00e9 para un mundo mejor. <\/p>\n                    <\/div>\n            <\/div>\n<\/section>\n<section\n    id=\"image-with-text-overlay-block_a723d229fd25ac43cb5670d97e6a24a8\"\n    class=\"block block-with-bg colour-palette-white-background image-with-text-overlay ascent-shape\">\n    <figure class=\"image-with-text-overlay-media oval\">\n                    <img decoding=\"async\" width=\"1093\" height=\"728\" src=\"https:\/\/ucc-europe.com\/wp-content\/uploads\/2025\/07\/UCC-sustainability-1093x728.jpg\" class=\"attachment-image_text_overlay size-image_text_overlay\" alt=\"\" style=\"object-fit: cover;\" loading=\"lazy\" srcset=\"https:\/\/ucc-europe.com\/wp-content\/uploads\/2025\/07\/UCC-sustainability-1093x728.jpg 1093w, https:\/\/ucc-europe.com\/wp-content\/uploads\/2025\/07\/UCC-sustainability-300x200.jpg 300w, https:\/\/ucc-europe.com\/wp-content\/uploads\/2025\/07\/UCC-sustainability-1024x682.jpg 1024w, https:\/\/ucc-europe.com\/wp-content\/uploads\/2025\/07\/UCC-sustainability-768x512.jpg 768w, https:\/\/ucc-europe.com\/wp-content\/uploads\/2025\/07\/UCC-sustainability-1536x1024.jpg 1536w, https:\/\/ucc-europe.com\/wp-content\/uploads\/2025\/07\/UCC-sustainability-960x640.jpg 960w, https:\/\/ucc-europe.com\/wp-content\/uploads\/2025\/07\/UCC-sustainability-95x63.jpg 95w, https:\/\/ucc-europe.com\/wp-content\/uploads\/2025\/07\/UCC-sustainability-200x133.jpg 200w, https:\/\/ucc-europe.com\/wp-content\/uploads\/2025\/07\/UCC-sustainability-210x140.jpg 210w, https:\/\/ucc-europe.com\/wp-content\/uploads\/2025\/07\/UCC-sustainability-1920x1280.jpg 1920w, https:\/\/ucc-europe.com\/wp-content\/uploads\/2025\/07\/UCC-sustainability-704x469.jpg 704w, https:\/\/ucc-europe.com\/wp-content\/uploads\/2025\/07\/UCC-sustainability-586x391.jpg 586w, https:\/\/ucc-europe.com\/wp-content\/uploads\/2025\/07\/UCC-sustainability-560x373.jpg 560w, https:\/\/ucc-europe.com\/wp-content\/uploads\/2025\/07\/UCC-sustainability-600x400.jpg 600w, https:\/\/ucc-europe.com\/wp-content\/uploads\/2025\/07\/UCC-sustainability-374x249.jpg 374w, https:\/\/ucc-europe.com\/wp-content\/uploads\/2025\/07\/UCC-sustainability-1400x933.jpg 1400w, https:\/\/ucc-europe.com\/wp-content\/uploads\/2025\/07\/UCC-sustainability-264x176.jpg 264w, https:\/\/ucc-europe.com\/wp-content\/uploads\/2025\/07\/UCC-sustainability-278x185.jpg 278w, https:\/\/ucc-europe.com\/wp-content\/uploads\/2025\/07\/UCC-sustainability.jpg 2000w\" sizes=\"auto, (max-width: 1093px) 100vw, 1093px\" \/>            <\/figure>\n    <article class=\"image-with-text-overlay-content\">\n                    <h2>Nuestra historia de sostenibilidad<\/h2>\n                            <p>Somos una empresa cafetera global integrada que trabaja desde la finca hasta la taza. Nuestro prop\u00f3sito es desbloquear el poder del caf\u00e9 para un mundo mejor. Para lograr ese prop\u00f3sito, nos hemos comprometido con una serie de iniciativas que se centran en fomentar la sostenibilidad en toda la industria del caf\u00e9. Hoy, hemos formulado nuestro compromiso con un futuro sostenible, con una nueva visi\u00f3n para impulsar un cambio positivo para las personas y el planeta, ayudando a lograr un futuro mejor para todos.    <\/p>\n                            <div class='btn-wrap'>\n                                <a href=\"https:\/\/www.ucc.co.jp\/dist\/downloads\/2025\/ucc-sustainability-en.pdf\" class=\"btn\" target=\"_blank\">Ver nuestro informe<span><\/span><span><\/span><\/a>\n            <\/div>\n            <\/article>\n<\/section>\n<section id=\"features\/block-block_9667789d5a44c50b61c0d7a3e0ff39ed\" class=\"block features_block colour-palette-main block-with-bg\">\n            <header class=\"features_block-intro\">\n                            <h2>Marco de sostenibilidad<\/h2>\n                                <\/header>\n        <div class=\"features_block-content\">\n                    <div class=\"features_block-left-content\">\n                <p><strong>Tener un impacto positivo significativo en la sociedad a trav\u00e9s de la salud y la educaci\u00f3n para 2030<\/strong><\/p>\n<hr>\n<p><strong>100% de caf\u00e9 de la marca UCC de origen sostenible para 2030:<\/strong><\/p>\n<ul>\n<li>Medios de vida de los agricultores<\/li>\n<li>Trazabilidad<\/li>\n<li>Derechos humanos<\/li>\n<\/ul>\n            <\/div>\n                            <div class=\"features_block-image\">\n                <img loading=\"lazy\" decoding=\"async\" width=\"880\" height=\"870\" src=\"https:\/\/ucc-europe.com\/wp-content\/uploads\/2024\/12\/sustainability-circle.png\" class=\"attachment-feature_image size-feature_image\" alt=\"\" srcset=\"https:\/\/ucc-europe.com\/wp-content\/uploads\/2024\/12\/sustainability-circle.png 880w, https:\/\/ucc-europe.com\/wp-content\/uploads\/2024\/12\/sustainability-circle-300x297.png 300w, https:\/\/ucc-europe.com\/wp-content\/uploads\/2024\/12\/sustainability-circle-768x759.png 768w, https:\/\/ucc-europe.com\/wp-content\/uploads\/2024\/12\/sustainability-circle-95x94.png 95w, https:\/\/ucc-europe.com\/wp-content\/uploads\/2024\/12\/sustainability-circle-200x198.png 200w, https:\/\/ucc-europe.com\/wp-content\/uploads\/2024\/12\/sustainability-circle-210x208.png 210w, https:\/\/ucc-europe.com\/wp-content\/uploads\/2024\/12\/sustainability-circle-704x696.png 704w, https:\/\/ucc-europe.com\/wp-content\/uploads\/2024\/12\/sustainability-circle-586x579.png 586w, https:\/\/ucc-europe.com\/wp-content\/uploads\/2024\/12\/sustainability-circle-560x554.png 560w, https:\/\/ucc-europe.com\/wp-content\/uploads\/2024\/12\/sustainability-circle-600x593.png 600w, https:\/\/ucc-europe.com\/wp-content\/uploads\/2024\/12\/sustainability-circle-374x370.png 374w, https:\/\/ucc-europe.com\/wp-content\/uploads\/2024\/12\/sustainability-circle-264x261.png 264w, https:\/\/ucc-europe.com\/wp-content\/uploads\/2024\/12\/sustainability-circle-278x275.png 278w\" sizes=\"auto, (max-width: 880px) 100vw, 880px\" \/>            <\/div>\n                            <div class=\"features_block-right-content\">\n                <p><strong>Neutralidad de carbono en 2040 y positivo para la naturaleza<\/strong><\/p>\n<ul>\n<li>Emisiones<\/li>\n<li>Biodiversidad<\/li>\n<li>Bosques<\/li>\n<li>Agua<\/li>\n<\/ul>\n            <\/div>\n            <\/div>\n<\/section>\n<section\n    id=\"image-content-grid-block_7aa2b69fa2ece42c17e35f30b7bdf5cb\"\n    class=\"block block-with-bg image-content-grid colour-palette-off-white-background\"\n    style=\"--image-grid-columns: 2; --mobile-image-grid-columns: 1;  \">\n            <header class=\"image-content-grid-header\">\n                            <h2>Profundice a\u00fan m\u00e1s<\/h2>\n                                <\/header>\n                <div class=\"image-content-grid-grid\">\n                            <a                    href='https:\/\/ucc-europe.com\/es\/sostenibilidad\/reducir-el-carbono\/'\n                    class=\"image-content-grid-item colour-palette-off-white-background  \"\n                    style=\"background-image: url(); background-size: cover\">\n                    <div class=\"image-content-grid-item-content\">\n                        <div>\n                                                                                                <div class='image-content-grid-item-media circle half'>\n                                        <img loading=\"lazy\" decoding=\"async\" width=\"560\" height=\"374\" src=\"https:\/\/ucc-europe.com\/wp-content\/uploads\/2025\/08\/AdobeStock_422207291-560x374.jpeg\" class=\"attachment-image_content_grid size-image_content_grid\" alt=\"\" style=\"object-fit: cover;\" srcset=\"https:\/\/ucc-europe.com\/wp-content\/uploads\/2025\/08\/AdobeStock_422207291-560x374.jpeg 560w, https:\/\/ucc-europe.com\/wp-content\/uploads\/2025\/08\/AdobeStock_422207291-300x200.jpeg 300w, https:\/\/ucc-europe.com\/wp-content\/uploads\/2025\/08\/AdobeStock_422207291-1024x684.jpeg 1024w, https:\/\/ucc-europe.com\/wp-content\/uploads\/2025\/08\/AdobeStock_422207291-768x513.jpeg 768w, https:\/\/ucc-europe.com\/wp-content\/uploads\/2025\/08\/AdobeStock_422207291-1536x1025.jpeg 1536w, https:\/\/ucc-europe.com\/wp-content\/uploads\/2025\/08\/AdobeStock_422207291-2048x1367.jpeg 2048w, https:\/\/ucc-europe.com\/wp-content\/uploads\/2025\/08\/AdobeStock_422207291-960x641.jpeg 960w, https:\/\/ucc-europe.com\/wp-content\/uploads\/2025\/08\/AdobeStock_422207291-95x63.jpeg 95w, https:\/\/ucc-europe.com\/wp-content\/uploads\/2025\/08\/AdobeStock_422207291-200x134.jpeg 200w, https:\/\/ucc-europe.com\/wp-content\/uploads\/2025\/08\/AdobeStock_422207291-210x140.jpeg 210w, https:\/\/ucc-europe.com\/wp-content\/uploads\/2025\/08\/AdobeStock_422207291-1920x1282.jpeg 1920w, https:\/\/ucc-europe.com\/wp-content\/uploads\/2025\/08\/AdobeStock_422207291-704x470.jpeg 704w, https:\/\/ucc-europe.com\/wp-content\/uploads\/2025\/08\/AdobeStock_422207291-586x391.jpeg 586w, https:\/\/ucc-europe.com\/wp-content\/uploads\/2025\/08\/AdobeStock_422207291-600x401.jpeg 600w, https:\/\/ucc-europe.com\/wp-content\/uploads\/2025\/08\/AdobeStock_422207291-1093x730.jpeg 1093w, https:\/\/ucc-europe.com\/wp-content\/uploads\/2025\/08\/AdobeStock_422207291-374x250.jpeg 374w, https:\/\/ucc-europe.com\/wp-content\/uploads\/2025\/08\/AdobeStock_422207291-1400x935.jpeg 1400w, https:\/\/ucc-europe.com\/wp-content\/uploads\/2025\/08\/AdobeStock_422207291-264x176.jpeg 264w, https:\/\/ucc-europe.com\/wp-content\/uploads\/2025\/08\/AdobeStock_422207291-278x186.jpeg 278w\" sizes=\"auto, (max-width: 560px) 100vw, 560px\" \/>                                                                            <\/div>\n                                                                                                                        <h3 class='h3'>REDUCCI\u00d3N DE CARBONO <\/h3>\n                                                                                        <p>Estamos comprometidos a apoyar los esfuerzos globales para alcanzar un futuro de cero emisiones netas. Nuestro objetivo es alcanzar la neutralidad de carbono para 2040 en todas nuestras operaciones comerciales y cadena de valor.  <\/p>\n                                                    <\/div>\n                                                    <span class='image-content-grid-item-cta-text-wrap'><span class='image-content-grid-item-cta-text btn'>Aprenda m\u00e1s<span><\/span><span><\/span><\/span><\/span>\n                                            <\/div>\n                                    <\/a>\n                            <a                    href='https:\/\/ucc-europe.com\/es\/sostenibilidad\/abastecimiento-sostenible\/'\n                    class=\"image-content-grid-item colour-palette-off-white-background  \"\n                    style=\"background-image: url(); background-size: cover\">\n                    <div class=\"image-content-grid-item-content\">\n                        <div>\n                                                                                                <div class='image-content-grid-item-media circle half'>\n                                        <img loading=\"lazy\" decoding=\"async\" width=\"560\" height=\"373\" src=\"https:\/\/ucc-europe.com\/wp-content\/uploads\/2025\/08\/VFET123_062_3500-px-560x373.jpg\" class=\"attachment-image_content_grid size-image_content_grid\" alt=\"\" style=\"object-fit: cover;\" srcset=\"https:\/\/ucc-europe.com\/wp-content\/uploads\/2025\/08\/VFET123_062_3500-px-560x373.jpg 560w, https:\/\/ucc-europe.com\/wp-content\/uploads\/2025\/08\/VFET123_062_3500-px-300x200.jpg 300w, https:\/\/ucc-europe.com\/wp-content\/uploads\/2025\/08\/VFET123_062_3500-px-1024x683.jpg 1024w, https:\/\/ucc-europe.com\/wp-content\/uploads\/2025\/08\/VFET123_062_3500-px-768x512.jpg 768w, https:\/\/ucc-europe.com\/wp-content\/uploads\/2025\/08\/VFET123_062_3500-px-1536x1024.jpg 1536w, https:\/\/ucc-europe.com\/wp-content\/uploads\/2025\/08\/VFET123_062_3500-px-2048x1365.jpg 2048w, https:\/\/ucc-europe.com\/wp-content\/uploads\/2025\/08\/VFET123_062_3500-px-960x640.jpg 960w, https:\/\/ucc-europe.com\/wp-content\/uploads\/2025\/08\/VFET123_062_3500-px-95x63.jpg 95w, https:\/\/ucc-europe.com\/wp-content\/uploads\/2025\/08\/VFET123_062_3500-px-200x133.jpg 200w, https:\/\/ucc-europe.com\/wp-content\/uploads\/2025\/08\/VFET123_062_3500-px-210x140.jpg 210w, https:\/\/ucc-europe.com\/wp-content\/uploads\/2025\/08\/VFET123_062_3500-px-1920x1280.jpg 1920w, https:\/\/ucc-europe.com\/wp-content\/uploads\/2025\/08\/VFET123_062_3500-px-704x469.jpg 704w, https:\/\/ucc-europe.com\/wp-content\/uploads\/2025\/08\/VFET123_062_3500-px-586x391.jpg 586w, https:\/\/ucc-europe.com\/wp-content\/uploads\/2025\/08\/VFET123_062_3500-px-600x400.jpg 600w, https:\/\/ucc-europe.com\/wp-content\/uploads\/2025\/08\/VFET123_062_3500-px-1093x729.jpg 1093w, https:\/\/ucc-europe.com\/wp-content\/uploads\/2025\/08\/VFET123_062_3500-px-374x249.jpg 374w, https:\/\/ucc-europe.com\/wp-content\/uploads\/2025\/08\/VFET123_062_3500-px-1400x933.jpg 1400w, https:\/\/ucc-europe.com\/wp-content\/uploads\/2025\/08\/VFET123_062_3500-px-264x176.jpg 264w, https:\/\/ucc-europe.com\/wp-content\/uploads\/2025\/08\/VFET123_062_3500-px-278x185.jpg 278w\" sizes=\"auto, (max-width: 560px) 100vw, 560px\" \/>                                                                            <\/div>\n                                                                                                                        <h3 class='h3'>ABASTECIMIENTO SOSTENIBLE <\/h3>\n                                                                                        <p>El caf\u00e9 ha sido nuestro negocio durante m\u00e1s de 200 a\u00f1os. Queremos ayudar a lograr un futuro en el que el caf\u00e9 se produzca, procese y utilice de forma responsable y sostenible.  <\/p>\n                                                    <\/div>\n                                                    <span class='image-content-grid-item-cta-text-wrap'><span class='image-content-grid-item-cta-text btn'>Aprenda m\u00e1s<span><\/span><span><\/span><\/span><\/span>\n                                            <\/div>\n                                    <\/a>\n                    <\/div>\n    <\/section>","protected":false},"excerpt":{"rendered":"","protected":false},"author":1,"featured_media":1969,"parent":0,"menu_order":0,"comment_status":"closed","ping_status":"closed","template":"","meta":{"_acf_changed":false,"footnotes":""},"class_list":["post-1388","page","type-page","status-publish","has-post-thumbnail","hentry"],"acf":[],"yoast_head":"<!-- This site is optimized with the Yoast SEO plugin v27.3 - https:\/\/yoast.com\/product\/yoast-seo-wordpress\/ -->\n<title>Sostenibilidad - UCC Europe<\/title>\n<meta name=\"description\" content=\"Descubra el compromiso de UCC Europe con la sostenibilidad en el caf\u00e9. Conozca c\u00f3mo priorizamos el abastecimiento \u00e9tico y la responsabilidad medioambiental.\" \/>\n<meta name=\"robots\" content=\"index, follow, max-snippet:-1, max-image-preview:large, max-video-preview:-1\" \/>\n<link rel=\"canonical\" href=\"https:\/\/ucc-europe.com\/es\/sostenibilidad\/\" \/>\n<meta property=\"og:locale\" content=\"es_ES\" \/>\n<meta property=\"og:type\" content=\"article\" \/>\n<meta property=\"og:title\" content=\"Sostenibilidad - UCC Europe\" \/>\n<meta property=\"og:description\" content=\"Descubra el compromiso de UCC Europe con la sostenibilidad en el caf\u00e9. Conozca c\u00f3mo priorizamos el abastecimiento \u00e9tico y la responsabilidad medioambiental.\" \/>\n<meta property=\"og:url\" content=\"https:\/\/ucc-europe.com\/es\/sostenibilidad\/\" \/>\n<meta property=\"og:site_name\" content=\"UCC Europe - English\" \/>\n<meta property=\"article:modified_time\" content=\"2025-11-06T09:54:17+00:00\" \/>\n<meta property=\"og:image\" content=\"https:\/\/ucc-europe.com\/wp-content\/uploads\/2025\/08\/Sustainability.jpg\" \/>\n\t<meta property=\"og:image:width\" content=\"2048\" \/>\n\t<meta property=\"og:image:height\" content=\"685\" \/>\n\t<meta property=\"og:image:type\" content=\"image\/jpeg\" \/>\n<meta name=\"twitter:card\" content=\"summary_large_image\" \/>\n<script type=\"application\/ld+json\" class=\"yoast-schema-graph\">{\"@context\":\"https:\\\/\\\/schema.org\",\"@graph\":[{\"@type\":\"WebPage\",\"@id\":\"https:\\\/\\\/ucc-europe.com\\\/es\\\/sostenibilidad\\\/\",\"url\":\"https:\\\/\\\/ucc-europe.com\\\/es\\\/sostenibilidad\\\/\",\"name\":\"Sostenibilidad - UCC Europe\",\"isPartOf\":{\"@id\":\"https:\\\/\\\/ucc-europe.com\\\/es\\\/#website\"},\"primaryImageOfPage\":{\"@id\":\"https:\\\/\\\/ucc-europe.com\\\/es\\\/sostenibilidad\\\/#primaryimage\"},\"image\":{\"@id\":\"https:\\\/\\\/ucc-europe.com\\\/es\\\/sostenibilidad\\\/#primaryimage\"},\"thumbnailUrl\":\"https:\\\/\\\/ucc-europe.com\\\/wp-content\\\/uploads\\\/2025\\\/08\\\/Sustainability.jpg\",\"datePublished\":\"2024-09-16T13:26:45+00:00\",\"dateModified\":\"2025-11-06T09:54:17+00:00\",\"description\":\"Descubra el compromiso de UCC Europe con la sostenibilidad en el caf\u00e9. Conozca c\u00f3mo priorizamos el abastecimiento \u00e9tico y la responsabilidad medioambiental.\",\"breadcrumb\":{\"@id\":\"https:\\\/\\\/ucc-europe.com\\\/es\\\/sostenibilidad\\\/#breadcrumb\"},\"inLanguage\":\"es\",\"potentialAction\":[{\"@type\":\"ReadAction\",\"target\":[\"https:\\\/\\\/ucc-europe.com\\\/es\\\/sostenibilidad\\\/\"]}]},{\"@type\":\"ImageObject\",\"inLanguage\":\"es\",\"@id\":\"https:\\\/\\\/ucc-europe.com\\\/es\\\/sostenibilidad\\\/#primaryimage\",\"url\":\"https:\\\/\\\/ucc-europe.com\\\/wp-content\\\/uploads\\\/2025\\\/08\\\/Sustainability.jpg\",\"contentUrl\":\"https:\\\/\\\/ucc-europe.com\\\/wp-content\\\/uploads\\\/2025\\\/08\\\/Sustainability.jpg\",\"width\":2048,\"height\":685},{\"@type\":\"BreadcrumbList\",\"@id\":\"https:\\\/\\\/ucc-europe.com\\\/es\\\/sostenibilidad\\\/#breadcrumb\",\"itemListElement\":[{\"@type\":\"ListItem\",\"position\":1,\"name\":\"Home\",\"item\":\"https:\\\/\\\/ucc-europe.com\\\/es\\\/\"},{\"@type\":\"ListItem\",\"position\":2,\"name\":\"Sostenibilidad\"}]},{\"@type\":\"WebSite\",\"@id\":\"https:\\\/\\\/ucc-europe.com\\\/es\\\/#website\",\"url\":\"https:\\\/\\\/ucc-europe.com\\\/es\\\/\",\"name\":\"UCC Europe - English\",\"description\":\"\",\"potentialAction\":[{\"@type\":\"SearchAction\",\"target\":{\"@type\":\"EntryPoint\",\"urlTemplate\":\"https:\\\/\\\/ucc-europe.com\\\/es\\\/?s={search_term_string}\"},\"query-input\":{\"@type\":\"PropertyValueSpecification\",\"valueRequired\":true,\"valueName\":\"search_term_string\"}}],\"inLanguage\":\"es\"}]}<\/script>\n<!-- \/ Yoast SEO plugin. -->","yoast_head_json":{"title":"Sostenibilidad - UCC Europe","description":"Descubra el compromiso de UCC Europe con la sostenibilidad en el caf\u00e9. Conozca c\u00f3mo priorizamos el abastecimiento \u00e9tico y la responsabilidad medioambiental.","robots":{"index":"index","follow":"follow","max-snippet":"max-snippet:-1","max-image-preview":"max-image-preview:large","max-video-preview":"max-video-preview:-1"},"canonical":"https:\/\/ucc-europe.com\/es\/sostenibilidad\/","og_locale":"es_ES","og_type":"article","og_title":"Sostenibilidad - UCC Europe","og_description":"Descubra el compromiso de UCC Europe con la sostenibilidad en el caf\u00e9. Conozca c\u00f3mo priorizamos el abastecimiento \u00e9tico y la responsabilidad medioambiental.","og_url":"https:\/\/ucc-europe.com\/es\/sostenibilidad\/","og_site_name":"UCC Europe - English","article_modified_time":"2025-11-06T09:54:17+00:00","og_image":[{"width":2048,"height":685,"url":"https:\/\/ucc-europe.com\/wp-content\/uploads\/2025\/08\/Sustainability.jpg","type":"image\/jpeg"}],"twitter_card":"summary_large_image","schema":{"@context":"https:\/\/schema.org","@graph":[{"@type":"WebPage","@id":"https:\/\/ucc-europe.com\/es\/sostenibilidad\/","url":"https:\/\/ucc-europe.com\/es\/sostenibilidad\/","name":"Sostenibilidad - UCC Europe","isPartOf":{"@id":"https:\/\/ucc-europe.com\/es\/#website"},"primaryImageOfPage":{"@id":"https:\/\/ucc-europe.com\/es\/sostenibilidad\/#primaryimage"},"image":{"@id":"https:\/\/ucc-europe.com\/es\/sostenibilidad\/#primaryimage"},"thumbnailUrl":"https:\/\/ucc-europe.com\/wp-content\/uploads\/2025\/08\/Sustainability.jpg","datePublished":"2024-09-16T13:26:45+00:00","dateModified":"2025-11-06T09:54:17+00:00","description":"Descubra el compromiso de UCC Europe con la sostenibilidad en el caf\u00e9. Conozca c\u00f3mo priorizamos el abastecimiento \u00e9tico y la responsabilidad medioambiental.","breadcrumb":{"@id":"https:\/\/ucc-europe.com\/es\/sostenibilidad\/#breadcrumb"},"inLanguage":"es","potentialAction":[{"@type":"ReadAction","target":["https:\/\/ucc-europe.com\/es\/sostenibilidad\/"]}]},{"@type":"ImageObject","inLanguage":"es","@id":"https:\/\/ucc-europe.com\/es\/sostenibilidad\/#primaryimage","url":"https:\/\/ucc-europe.com\/wp-content\/uploads\/2025\/08\/Sustainability.jpg","contentUrl":"https:\/\/ucc-europe.com\/wp-content\/uploads\/2025\/08\/Sustainability.jpg","width":2048,"height":685},{"@type":"BreadcrumbList","@id":"https:\/\/ucc-europe.com\/es\/sostenibilidad\/#breadcrumb","itemListElement":[{"@type":"ListItem","position":1,"name":"Home","item":"https:\/\/ucc-europe.com\/es\/"},{"@type":"ListItem","position":2,"name":"Sostenibilidad"}]},{"@type":"WebSite","@id":"https:\/\/ucc-europe.com\/es\/#website","url":"https:\/\/ucc-europe.com\/es\/","name":"UCC Europe - English","description":"","potentialAction":[{"@type":"SearchAction","target":{"@type":"EntryPoint","urlTemplate":"https:\/\/ucc-europe.com\/es\/?s={search_term_string}"},"query-input":{"@type":"PropertyValueSpecification","valueRequired":true,"valueName":"search_term_string"}}],"inLanguage":"es"}]}},"_links":{"self":[{"href":"https:\/\/ucc-europe.com\/es\/wp-json\/wp\/v2\/pages\/1388","targetHints":{"allow":["GET"]}}],"collection":[{"href":"https:\/\/ucc-europe.com\/es\/wp-json\/wp\/v2\/pages"}],"about":[{"href":"https:\/\/ucc-europe.com\/es\/wp-json\/wp\/v2\/types\/page"}],"author":[{"embeddable":true,"href":"https:\/\/ucc-europe.com\/es\/wp-json\/wp\/v2\/users\/1"}],"replies":[{"embeddable":true,"href":"https:\/\/ucc-europe.com\/es\/wp-json\/wp\/v2\/comments?post=1388"}],"version-history":[{"count":0,"href":"https:\/\/ucc-europe.com\/es\/wp-json\/wp\/v2\/pages\/1388\/revisions"}],"wp:featuredmedia":[{"embeddable":true,"href":"https:\/\/ucc-europe.com\/es\/wp-json\/wp\/v2\/media\/1969"}],"wp:attachment":[{"href":"https:\/\/ucc-europe.com\/es\/wp-json\/wp\/v2\/media?parent=1388"}],"curies":[{"name":"wp","href":"https:\/\/api.w.org\/{rel}","templated":true}]}}