{"id":1733,"date":"2024-06-24T09:01:57","date_gmt":"2024-06-24T09:01:57","guid":{"rendered":"https:\/\/ucceurope2024.wpenginepowered.com\/declaracion-de-privacidad-y-cookies\/"},"modified":"2025-08-13T09:01:04","modified_gmt":"2025-08-13T09:01:04","slug":"declaracion-de-privacidad-y-cookies","status":"publish","type":"page","link":"https:\/\/ucc-europe.com\/es\/declaracion-de-privacidad-y-cookies\/","title":{"rendered":"Declaraci\u00f3n de privacidad y cookies"},"content":{"rendered":"\n<h1 class=\"wp-block-heading\">Declaraci\u00f3n de privacidad y cookies<\/h1>\n\n<p>UCC Europe Limited entiende que tu privacidad es importante para ti y que te preocupa c\u00f3mo se utilizan y comparten tus datos personales en l\u00ednea. Respetamos y valoramos la privacidad de todas las personas que visitan este sitio web, www.ucc-europe.com (\u00abNuestro sitio\u00bb) y s\u00f3lo recopilaremos y utilizaremos datos personales de las formas que se describen aqu\u00ed, y de forma coherente con Nuestras obligaciones y tus derechos conforme a la ley. <\/p>\n\n<p>Por favor, lee atentamente esta Declaraci\u00f3n de Privacidad y Cookies y aseg\u00farate de que la entiendes. Se considera que aceptas Nuestra Declaraci\u00f3n de Privacidad y Cookies cuando utilizas Nuestro Sitio por primera vez. Si no aceptas y no est\u00e1s de acuerdo con esta Declaraci\u00f3n de Privacidad y Cookies, debes dejar de utilizar Nuestro Sitio inmediatamente.  <\/p>\n\n<ol class=\"wp-block-list\">\n<li><strong>Definiciones e interpretaci\u00f3nEn<\/strong>esta Pol\u00edtica, los siguientes t\u00e9rminos tendr\u00e1n el significado que se indica a continuaci\u00f3n:<br\/>\u00ab<strong>GDPR \u00ab<\/strong>Reglamento General de Protecci\u00f3n de Datos<strong>\u00abNuestro Sitio \u00ab<\/strong>se refiere a nuestro sitio web<strong>\u00abCookie \u00ab<\/strong>significa un peque\u00f1o archivo de texto colocado en tu ordenador o dispositivo por Nuestro Sitio cuando visitas ciertas partes de Nuestro Sitio y\/o cuando utilizas ciertas funciones de Nuestro Sitio. Los detalles de las Cookies utilizadas por Nuestro Sitio se exponen en la secci\u00f3n 12, m\u00e1s adelante; \u00abLey de<strong>Cookies\u00bb\u00bb<\/strong>Ley de Cookies\u00bb significa las partes pertinentes del Reglamento de Privacidad y Comunicaciones Electr\u00f3nicas (Directiva CE) de 2003;<strong>\u00abdatos personales \u00ab<\/strong>significa todos y cada uno de los datos relacionados con una persona identificable que puede ser identificada directa o indirectamente a partir de esos datos. En este caso, significa los datos personales que nos facilitas a trav\u00e9s de Nuestro Sitio. Esta definici\u00f3n incorporar\u00e1, cuando proceda, las definiciones previstas en el Reglamento UE 2016\/679 &#8211; Reglamento General de Protecci\u00f3n de Datos (\u00abRGPD\u00bb);<strong>\u00abNosotros\/Nuestro\u00bb<\/strong>significa UCC Europe Limited, una sociedad limitada registrada en Inglaterra con el n\u00famero de sociedad 8016911, cuyo domicilio social<br\/>es 5th Floor, St Andrews Street, Londres, EC4A 3AE.   <\/li>\n\n\n\n<li><strong>Informaci\u00f3n sobre nosotros<\/strong>\n<ol class=\"wp-block-list\">\n<li>Nuestro Sitio es propiedad y est\u00e1 gestionado por UCC Europe Limited, una sociedad limitada registrada en Inglaterra con el n\u00famero de sociedad 8016911, cuyo domicilio social es 5th Floor, St Andrews Street, Londres, EC4A 3AE.<\/li>\n\n\n\n<li>Puedes ponerte en contacto con nuestro Responsable de Protecci\u00f3n de Datos por correo electr\u00f3nico en info@ucc-europe.com, por tel\u00e9fono en el +44 (0)208 799 4370 o por correo postal en Data Protection Officer, UCC Europe Ltd, 40-44 Uxbridge Road, Londres, W5 2BS, Reino Unido.<\/li>\n<\/ol>\n<\/li>\n\n\n\n<li><strong>\u00bfQu\u00e9 cubre esta Declaraci\u00f3n de Privacidad y Cookies?<\/strong>Esta Declaraci\u00f3n de Privacidad y Cookies se aplica \u00fanicamente a tu uso de Nuestro Sitio. Nuestro Sitio puede contener enlaces a otros sitios web. Ten en cuenta que no tenemos control alguno sobre la forma en que otros sitios web recopilan, almacenan o utilizan tus datos y te aconsejamos que compruebes las pol\u00edticas de privacidad de dichos sitios web antes de facilitarles ning\u00fan dato.  <\/li>\n\n\n\n<li><strong>Tus derechos<\/strong>\n<ul class=\"wp-block-list\">\n<li>Como interesado, tienes los siguientes derechos en virtud del GDPR, que esta Pol\u00edtica y Nuestro uso de los datos personales han sido dise\u00f1ados para defender:\n<ul class=\"wp-block-list\">\n<li>Derecho a ser informado sobre Nuestra recogida y uso de datos personales;<\/li>\n\n\n\n<li>Derecho de acceso a los datos personales que tenemos sobre ti (v\u00e9ase la secci\u00f3n 11);<\/li>\n\n\n\n<li>Derecho de rectificaci\u00f3n si alguno de los datos personales que tenemos sobre ti es inexacto o incompleto (ponte en contacto con Nosotros utilizando los datos de la secci\u00f3n 13);<\/li>\n\n\n\n<li>derecho a ser olvidado, es decir, el derecho a pedirnos que eliminemos cualquier dato personal que tengamos sobre ti (s\u00f3lo conservamos tus datos personales durante un tiempo limitado, como se explica en la secci\u00f3n 6, pero si quieres que los eliminemos antes, ponte en contacto con nosotros utilizando los datos de la secci\u00f3n 13);<\/li>\n\n\n\n<li>Derecho a restringir (es decir, impedir) el tratamiento de tus datos personales;<\/li>\n\n\n\n<li>El derecho a la portabilidad de los datos (obtener una copia de tus datos personales para reutilizarlos en otro servicio u organizaci\u00f3n);<\/li>\n\n\n\n<li>El derecho a oponerte a que utilicemos tus datos personales para fines particulares; y<\/li>\n\n\n\n<li>Derechos con respecto a la toma de decisiones automatizada y la elaboraci\u00f3n de perfiles.<\/li>\n<\/ul>\n<\/li>\n\n\n\n<li>Si tienes alg\u00fan motivo de queja sobre el uso que hacemos de tus datos personales, ponte en contacto con nosotros utilizando los datos que figuran en la secci\u00f3n 13 y haremos todo lo posible por resolver el problema. Si no podemos ayudarte, tambi\u00e9n tienes derecho a presentar una reclamaci\u00f3n ante la autoridad supervisora del Reino Unido, la Oficina del Comisario de Informaci\u00f3n. <\/li>\n\n\n\n<li>Para m\u00e1s informaci\u00f3n sobre tus derechos, ponte en contacto con la Oficina del Comisario de Informaci\u00f3n o con la Oficina de Atenci\u00f3n al Ciudadano de tu localidad.<\/li>\n<\/ul>\n<\/li>\n\n\n\n<li><strong>\u00bfQu\u00e9 datos personales recogemos?<\/strong>Dependiendo del uso que hagas de Nuestro Sitio, podemos recoger algunos o todos los datos personales y no personales siguientes (consulta tambi\u00e9n la secci\u00f3n 12 sobre Nuestro uso de Cookies y tecnolog\u00edas similares:\n<ul class=\"wp-block-list\">\n<li>Nombre;<\/li>\n\n\n\n<li>Nombre de la empresa;<\/li>\n\n\n\n<li>Informaci\u00f3n de contacto, como direcciones de correo electr\u00f3nico y n\u00fameros de tel\u00e9fono;<\/li>\n\n\n\n<li>Direcci\u00f3n IP;<\/li>\n\n\n\n<li>Tipo y versi\u00f3n del navegador web;<\/li>\n\n\n\n<li>Sistema operativo;<\/li>\n<\/ul>\n<\/li>\n\n\n\n<li><strong>\u00bfC\u00f3mo utilizamos tus datos personales?<\/strong>\n<ul class=\"wp-block-list\">\n<li>Todos los datos personales se procesan y almacenan de forma segura, durante no m\u00e1s tiempo del necesario a la luz de la(s) raz\u00f3n(es) por la(s) que se recopilaron por primera vez. Cumpliremos en todo momento Nuestras obligaciones y salvaguardaremos tus derechos en virtud del GDPR. Para m\u00e1s detalles sobre seguridad, consulta la secci\u00f3n 7, m\u00e1s abajo.  <\/li>\n\n\n\n<li>El uso que hagamos de tus datos personales tendr\u00e1 siempre una base legal, y es que responde a Nuestros intereses leg\u00edtimos, ya que has solicitado m\u00e1s informaci\u00f3n sobre Nuestros productos y servicios. En concreto, podemos utilizar tus datos para los siguientes fines: \n<ul class=\"wp-block-list\">\n<li>Responder a tus consultas y correos electr\u00f3nicos;<\/li>\n<\/ul>\n<\/li>\n\n\n\n<li>No conservamos tus datos personales durante m\u00e1s tiempo del necesario en funci\u00f3n del motivo o motivos por los que se recopilaron por primera vez. Por lo tanto, los datos se conservar\u00e1n durante los siguientes periodos (o su conservaci\u00f3n se determinar\u00e1 en funci\u00f3n de las siguientes bases): \n<ul class=\"wp-block-list\">\n<li>Conservaremos tus datos personales incluidos en tu consulta original en nuestro sitio web mientras esa informaci\u00f3n sea necesaria para facilitar esa consulta.<\/li>\n<\/ul>\n<\/li>\n\n\n\n<li>Tienes derecho a retirar tu consentimiento para que utilicemos tus datos personales en cualquier momento, y a solicitar que los eliminemos.<\/li>\n<\/ul>\n<\/li>\n\n\n\n<li><strong>\u00bfC\u00f3mo y d\u00f3nde almacenamos tus datos personales?<\/strong>\n<ul class=\"wp-block-list\">\n<li>S\u00f3lo conservamos tus datos personales durante el tiempo necesario para utilizarlos seg\u00fan lo descrito anteriormente en la secci\u00f3n 6, y\/o durante el tiempo que tengamos tu permiso para conservarlos.<\/li>\n\n\n\n<li>En la mayor\u00eda de los casos, todos tus datos se almacenan dentro del Espacio Econ\u00f3mico Europeo (\u00abEEE\u00bb) (el EEE est\u00e1 formado por todos los Estados miembros de la UE, m\u00e1s Noruega, Islandia y Liechtenstein). En casos poco frecuentes, algunos o todos tus datos pueden almacenarse fuera del EEE. Se considera que aceptas y est\u00e1s de acuerdo con esto al utilizar Nuestro Sitio y enviarnos informaci\u00f3n. Si almacenamos datos fuera del EEE, tomaremos todas las medidas razonables para garantizar que tus datos se traten con la misma seguridad que dentro del Reino Unido y conforme al GDPR.   <\/li>\n\n\n\n<li>La seguridad de los datos es muy importante para Nosotros, y para proteger tus datos hemos tomado las medidas adecuadas para salvaguardar y asegurar los datos recogidos a trav\u00e9s de Nuestro Sitio.<\/li>\n\n\n\n<li>Medidas que tomamos para asegurar y proteger tus datos:\n<ul class=\"wp-block-list\">\n<li>Toda la informaci\u00f3n que nos facilitas se almacena en nuestros servidores seguros. Cualquier transacci\u00f3n de pago ser\u00e1 encriptada. Cuando te hayamos proporcionado (o cuando t\u00fa hayas elegido) una contrase\u00f1a que te permita acceder a determinadas partes de nuestro sitio, ser\u00e1s responsable de mantener la confidencialidad de dicha contrase\u00f1a. Te pedimos que no compartas la contrase\u00f1a con nadie.   <\/li>\n\n\n\n<li>Lamentablemente, la transmisi\u00f3n de informaci\u00f3n a trav\u00e9s de Internet no es completamente segura. Aunque haremos todo lo posible para proteger tus datos personales, no podemos garantizar la seguridad de los datos transmitidos a nuestro sitio; cualquier transmisi\u00f3n se realiza por tu cuenta y riesgo. Una vez que hayamos recibido tu informaci\u00f3n, utilizaremos procedimientos estrictos y elementos de seguridad para tratar de impedir el acceso no autorizado.  <\/li>\n<\/ul>\n<\/li>\n<\/ul>\n<\/li>\n\n\n\n<li><strong>\u00bfCompartimos tus datos personales?<\/strong>\n<ul class=\"wp-block-list\">\n<li>Podemos compartir tus datos con otras empresas de Nuestro grupo para gestionar tu consulta. Esto incluye Nuestro holding y sus filiales. <\/li>\n\n\n\n<li>No compartimos tus datos con terceros ajenos a Nuestro grupo.<\/li>\n\n\n\n<li>En determinadas circunstancias, podemos estar legalmente obligados a compartir determinados datos que obran en nuestro poder, que pueden incluir tus datos personales, por ejemplo, cuando estemos implicados en un procedimiento judicial, cuando estemos cumpliendo obligaciones legales, una orden judicial o una autoridad gubernamental.<\/li>\n\n\n\n<li>Podemos recopilar estad\u00edsticas sobre el uso de Nuestro Sitio, incluyendo datos sobre tr\u00e1fico, patrones de uso, n\u00famero de usuarios, ventas y otra informaci\u00f3n. Todos estos datos ser\u00e1n an\u00f3nimos y no incluir\u00e1n ning\u00fan dato de identificaci\u00f3n personal, ni ning\u00fan dato an\u00f3nimo que pueda combinarse con otros datos y utilizarse para identificarte. <\/li>\n<\/ul>\n<\/li>\n\n\n\n<li><strong>\u00bfQu\u00e9 ocurre si nuestra empresa cambia de manos?<\/strong>\n<ul class=\"wp-block-list\">\n<li>Podemos, de vez en cuando, ampliar o reducir Nuestro negocio y esto puede implicar la venta y\/o la transferencia de control de todo o parte de Nuestro negocio. Cualquier dato personal que hayas proporcionado, cuando sea relevante para cualquier parte de Nuestro negocio que se transfiera, se transferir\u00e1 junto con esa parte y el nuevo propietario o la nueva parte que lo controle podr\u00e1, seg\u00fan los t\u00e9rminos de esta Pol\u00edtica de privacidad, utilizar esos datos s\u00f3lo para los mismos fines para los que Nosotros los recogimos originalmente. <\/li>\n\n\n\n<li>En caso de que alguno de tus datos vaya a ser transferido de tal manera, no se te contactar\u00e1 previamente y se te informar\u00e1 de los cambios.<\/li>\n<\/ul>\n<\/li>\n\n\n\n<li><strong>Tu derecho a retener informaci\u00f3n<\/strong>\n<ul class=\"wp-block-list\">\n<li>Puedes acceder a todas las \u00e1reas de Nuestro Sitio sin proporcionar dato alguno.<\/li>\n\n\n\n<li>Puedes restringir Nuestro uso de Cookies. Para m\u00e1s informaci\u00f3n, consulta la secci\u00f3n 12. <\/li>\n<\/ul>\n<\/li>\n\n\n\n<li><strong>\u00bfC\u00f3mo puedes acceder a tus datos personales?<\/strong>Tienes derecho a solicitar una copia de cualquiera de tus datos personales que tengamos en nuestro poder (en caso de que los tengamos). Seg\u00fan el GDPR, no hay que pagar ninguna tasa y Nosotros proporcionaremos toda la informaci\u00f3n en respuesta a tu solicitud de forma gratuita, a menos que la solicitud se considere inadecuada. Para m\u00e1s informaci\u00f3n, ponte en contacto con Nosotros en info@ucc-europe.com, o utilizando los datos de contacto que figuran en la secci\u00f3n 13.  <\/li>\n\n\n\n<li><strong>Nuestro uso de las cookiesLas cookies<\/strong>son peque\u00f1os archivos de texto que pueden ser utilizados por los sitios web para hacer que la experiencia del usuario sea m\u00e1s eficiente.La ley establece que podemos almacenar cookies en tu dispositivo si son estrictamente necesarias para el funcionamiento de este sitio. Para todos los dem\u00e1s tipos de cookies necesitamos tu permiso. Algunas cookies son colocadas por servicios de terceros que aparecen en Nuestras p\u00e1ginas.Puedes cambiar o retirar tu consentimiento en cualquier momento en la Declaraci\u00f3n de Cookies de Nuestro sitio web.Obt\u00e9n m\u00e1s informaci\u00f3n sobre qui\u00e9nes somos, c\u00f3mo puedes ponerte en contacto con Nosotros y c\u00f3mo procesamos los datos personales en Nuestra Pol\u00edtica de Privacidad<strong>.Necesarias<\/strong><br\/>Las cookies necesarias ayudan a que un sitio web sea utilizable al permitir funciones b\u00e1sicas como la navegaci\u00f3n por las p\u00e1ginas y el acceso a \u00e1reas seguras del sitio web. El sitio web no puede funcionar correctamente sin estas cookies<strong>.Preferencias<\/strong><br\/>Las cookies de preferencias permiten que un sitio web recuerde informaci\u00f3n que cambia la forma en que el sitio web se comporta o se ve, como tu idioma preferido o la regi\u00f3n en la que te encuentras<strong>.Estad\u00edsticas<\/strong><br\/>Las cookies estad\u00edsticas ayudan a los propietarios de sitios web a comprender c\u00f3mo interact\u00faan los visitantes con los sitios web mediante la recopilaci\u00f3n y notificaci\u00f3n de informaci\u00f3n de forma an\u00f3nima<strong>.Marketing<\/strong><br\/>Las cookies de marketing se utilizan para realizar un seguimiento de los visitantes en los sitios web. La intenci\u00f3n es mostrar anuncios que sean relevantes y atractivos para el usuario individual y, por tanto, m\u00e1s valiosos para los editores y anunciantes de terceros.<strong>Sin clasificar<\/strong><br\/>Las cookies sin clasificar son cookies que estamos en proceso de clasificar, junto con los proveedores de cookies individuales.Error: El dominio UCC-EUROPE.COM no est\u00e1 autorizado a mostrar la declaraci\u00f3n de cookies para el ID de grupo de dominio dc8d529b-b807-4d59-b860-1b90a8124ba0. Por favor, a\u00f1\u00e1delo al grupo de dominio en el Cookiebot Manager para autorizar el dominio.     <\/li>\n\n\n\n<li><strong>Para ponerte en contacto con NosotrosSi<\/strong>tienes alguna pregunta sobre Nuestro Sitio o sobre esta Declaraci\u00f3n de Privacidad y Cookies, ponte en contacto con Nosotros por correo electr\u00f3nico en info@ucc-europe.com, por tel\u00e9fono en el +44 (0)208 799 4370 o por correo postal en Data Protection Officer, UCC Europe Ltd, 40-44 Uxbridge Road, Londres, W5 2BS, Reino Unido. Aseg\u00farate de que tu consulta sea clara, especialmente si se trata de una solicitud de informaci\u00f3n sobre los datos que tenemos sobre ti (como en la secci\u00f3n 11, m\u00e1s arriba). <\/li>\n\n\n\n<li><strong>Cambios en nuestra<\/strong>Declaraci\u00f3n de Privacidad y CookiesPodemos cambiar esta Declaraci\u00f3n de Privacidad y Cookies de vez en cuando (por ejemplo, si cambia la ley). Cualquier cambio se publicar\u00e1 inmediatamente en Nuestro Sitio y se considerar\u00e1 que has aceptado los t\u00e9rminos de la Declaraci\u00f3n de Privacidad y Cookies en tu primer uso de Nuestro Sitio tras las modificaciones. Te recomendamos que consultes esta p\u00e1gina con regularidad para mantenerte al d\u00eda.  <\/li>\n\n\n\n<li><strong>Cookie Opt-Out No rastrearNo<\/strong>rastrear (DNT) es una funci\u00f3n que ofrecen algunos navegadores, y algunos de los m\u00e1s recientes la ofrecen por defecto. Si la activas, env\u00eda una se\u00f1al a los sitios web para solicitar que no se rastree tu navegaci\u00f3n, por ejemplo, por parte de redes publicitarias o sociales de terceros, o de empresas de an\u00e1lisis. Puedes desactivar el seguimiento y la anal\u00edtica en este sitio web cambiando tu configuraci\u00f3n; consulta la secci\u00f3n Gesti\u00f3n de cookies de esta p\u00e1gina. En la actualidad no se ha acordado y adoptado ninguna norma uniforme en todo el sector para determinar c\u00f3mo deben gestionarse las solicitudes DNT, por lo que nuestro sitio web no responde actualmente a las solicitudes DNT. Hasta que se establezca dicha norma, seguiremos revisando las DNT y otras nuevas tecnolog\u00edas, pero no responderemos a las solicitudes de DNT.    <\/li>\n<\/ol>\n\n<p>Te damos esta informaci\u00f3n como parte de nuestra iniciativa para cumplir la legislaci\u00f3n y asegurarnos de que somos honestos y claros sobre tu privacidad cuando utilizas nuestro sitio web. Sabemos que no esperas menos de nosotros, y te aseguramos que estamos trabajando en otras mejoras del sitio web relacionadas con la privacidad y las cookies. <\/p>\n\n<p><strong>Gesti\u00f3n de cookies<\/strong><\/p>\n\n<p><strong>C\u00f3mo comprobar si las cookies est\u00e1n activadas en Safari IOS<\/strong><\/p>\n\n<p>Pulsa en la aplicaci\u00f3n \u00abAjustes\u00bb desde tu pantalla de inicio.<\/p>\n\n<p>Busca y pulsa la opci\u00f3n de men\u00fa \u00abSafari\u00bb.<\/p>\n\n<p>En la secci\u00f3n \u00abPrivacidad y seguridad\u00bb, pulsa en la opci\u00f3n de men\u00fa \u00abBloquear cookies\u00bb.<\/p>\n\n<p>Selecciona cualquier opci\u00f3n que no sea \u00abBloquear siempre\u00bb.<\/p>\n\n<p><strong>C\u00f3mo comprobar si las cookies est\u00e1n activadas en los navegadores de Internet de Android<\/strong><\/p>\n\n<p>Pulsa en la aplicaci\u00f3n \u00abAjustes\u00bb desde tu pantalla de inicio o en \u00abAplicaciones\u00bb.<\/p>\n\n<p>En la secci\u00f3n \u00abDispositivo\u00bb, pulsa en la opci\u00f3n de men\u00fa \u00abAplicaciones\u00bb.<\/p>\n\n<p>Busca y pulsa la opci\u00f3n de men\u00fa \u00abInternet\u00bb.<\/p>\n\n<p>Busca y pulsa la opci\u00f3n de men\u00fa \u00abPrivacidad\u00bb.<\/p>\n\n<p>Activa \u00abAceptar cookies\u00bb.<\/p>\n\n<p>Para el resto de navegadores, consulta sus archivos de Ayuda en l\u00ednea.<\/p>\n","protected":false},"excerpt":{"rendered":"<p>Declaraci\u00f3n de privacidad y cookies UCC Europe Limited entiende que tu privacidad es importante para ti y que te preocupa c\u00f3mo se utilizan y comparten tus datos personales en l\u00ednea. Respetamos y valoramos la privacidad de todas las personas que visitan este sitio web, www.ucc-europe.com (\u00abNuestro sitio\u00bb) y s\u00f3lo recopilaremos y utilizaremos datos personales de&#8230;<\/p>\n","protected":false},"author":1,"featured_media":0,"parent":0,"menu_order":0,"comment_status":"closed","ping_status":"open","template":"","meta":{"_acf_changed":false,"footnotes":""},"class_list":["post-1733","page","type-page","status-publish","hentry"],"acf":[],"yoast_head":"<!-- This site is optimized with the Yoast SEO plugin v27.3 - https:\/\/yoast.com\/product\/yoast-seo-wordpress\/ -->\n<title>Declaraci\u00f3n de privacidad y cookies - UCC Europe - English<\/title>\n<meta name=\"robots\" content=\"index, follow, max-snippet:-1, max-image-preview:large, max-video-preview:-1\" \/>\n<link rel=\"canonical\" href=\"https:\/\/ucc-europe.com\/es\/declaracion-de-privacidad-y-cookies\/\" \/>\n<meta property=\"og:locale\" content=\"es_ES\" \/>\n<meta property=\"og:type\" content=\"article\" \/>\n<meta property=\"og:title\" content=\"Declaraci\u00f3n de privacidad y cookies - UCC Europe - English\" \/>\n<meta property=\"og:description\" content=\"Declaraci\u00f3n de privacidad y cookies UCC Europe Limited entiende que tu privacidad es importante para ti y que te preocupa c\u00f3mo se utilizan y comparten tus datos personales en l\u00ednea. Respetamos y valoramos la privacidad de todas las personas que visitan este sitio web, www.ucc-europe.com (\u00abNuestro sitio\u00bb) y s\u00f3lo recopilaremos y utilizaremos datos personales de...\" \/>\n<meta property=\"og:url\" content=\"https:\/\/ucc-europe.com\/es\/declaracion-de-privacidad-y-cookies\/\" \/>\n<meta property=\"og:site_name\" content=\"UCC Europe - English\" \/>\n<meta property=\"article:modified_time\" content=\"2025-08-13T09:01:04+00:00\" \/>\n<meta name=\"twitter:card\" content=\"summary_large_image\" \/>\n<meta name=\"twitter:label1\" content=\"Tiempo de lectura\" \/>\n\t<meta name=\"twitter:data1\" content=\"13 minuto\" \/>\n<script type=\"application\/ld+json\" class=\"yoast-schema-graph\">{\"@context\":\"https:\\\/\\\/schema.org\",\"@graph\":[{\"@type\":\"WebPage\",\"@id\":\"https:\\\/\\\/ucc-europe.com\\\/es\\\/declaracion-de-privacidad-y-cookies\\\/\",\"url\":\"https:\\\/\\\/ucc-europe.com\\\/es\\\/declaracion-de-privacidad-y-cookies\\\/\",\"name\":\"Declaraci\u00f3n de privacidad y cookies - UCC Europe - English\",\"isPartOf\":{\"@id\":\"https:\\\/\\\/ucc-europe.com\\\/es\\\/#website\"},\"datePublished\":\"2024-06-24T09:01:57+00:00\",\"dateModified\":\"2025-08-13T09:01:04+00:00\",\"breadcrumb\":{\"@id\":\"https:\\\/\\\/ucc-europe.com\\\/es\\\/declaracion-de-privacidad-y-cookies\\\/#breadcrumb\"},\"inLanguage\":\"es\",\"potentialAction\":[{\"@type\":\"ReadAction\",\"target\":[\"https:\\\/\\\/ucc-europe.com\\\/es\\\/declaracion-de-privacidad-y-cookies\\\/\"]}]},{\"@type\":\"BreadcrumbList\",\"@id\":\"https:\\\/\\\/ucc-europe.com\\\/es\\\/declaracion-de-privacidad-y-cookies\\\/#breadcrumb\",\"itemListElement\":[{\"@type\":\"ListItem\",\"position\":1,\"name\":\"Home\",\"item\":\"https:\\\/\\\/ucc-europe.com\\\/es\\\/\"},{\"@type\":\"ListItem\",\"position\":2,\"name\":\"Declaraci\u00f3n de privacidad y cookies\"}]},{\"@type\":\"WebSite\",\"@id\":\"https:\\\/\\\/ucc-europe.com\\\/es\\\/#website\",\"url\":\"https:\\\/\\\/ucc-europe.com\\\/es\\\/\",\"name\":\"UCC Europe - English\",\"description\":\"\",\"potentialAction\":[{\"@type\":\"SearchAction\",\"target\":{\"@type\":\"EntryPoint\",\"urlTemplate\":\"https:\\\/\\\/ucc-europe.com\\\/es\\\/?s={search_term_string}\"},\"query-input\":{\"@type\":\"PropertyValueSpecification\",\"valueRequired\":true,\"valueName\":\"search_term_string\"}}],\"inLanguage\":\"es\"}]}<\/script>\n<!-- \/ Yoast SEO plugin. -->","yoast_head_json":{"title":"Declaraci\u00f3n de privacidad y cookies - UCC Europe - English","robots":{"index":"index","follow":"follow","max-snippet":"max-snippet:-1","max-image-preview":"max-image-preview:large","max-video-preview":"max-video-preview:-1"},"canonical":"https:\/\/ucc-europe.com\/es\/declaracion-de-privacidad-y-cookies\/","og_locale":"es_ES","og_type":"article","og_title":"Declaraci\u00f3n de privacidad y cookies - UCC Europe - English","og_description":"Declaraci\u00f3n de privacidad y cookies UCC Europe Limited entiende que tu privacidad es importante para ti y que te preocupa c\u00f3mo se utilizan y comparten tus datos personales en l\u00ednea. Respetamos y valoramos la privacidad de todas las personas que visitan este sitio web, www.ucc-europe.com (\u00abNuestro sitio\u00bb) y s\u00f3lo recopilaremos y utilizaremos datos personales de...","og_url":"https:\/\/ucc-europe.com\/es\/declaracion-de-privacidad-y-cookies\/","og_site_name":"UCC Europe - English","article_modified_time":"2025-08-13T09:01:04+00:00","twitter_card":"summary_large_image","twitter_misc":{"Tiempo de lectura":"13 minuto"},"schema":{"@context":"https:\/\/schema.org","@graph":[{"@type":"WebPage","@id":"https:\/\/ucc-europe.com\/es\/declaracion-de-privacidad-y-cookies\/","url":"https:\/\/ucc-europe.com\/es\/declaracion-de-privacidad-y-cookies\/","name":"Declaraci\u00f3n de privacidad y cookies - UCC Europe - English","isPartOf":{"@id":"https:\/\/ucc-europe.com\/es\/#website"},"datePublished":"2024-06-24T09:01:57+00:00","dateModified":"2025-08-13T09:01:04+00:00","breadcrumb":{"@id":"https:\/\/ucc-europe.com\/es\/declaracion-de-privacidad-y-cookies\/#breadcrumb"},"inLanguage":"es","potentialAction":[{"@type":"ReadAction","target":["https:\/\/ucc-europe.com\/es\/declaracion-de-privacidad-y-cookies\/"]}]},{"@type":"BreadcrumbList","@id":"https:\/\/ucc-europe.com\/es\/declaracion-de-privacidad-y-cookies\/#breadcrumb","itemListElement":[{"@type":"ListItem","position":1,"name":"Home","item":"https:\/\/ucc-europe.com\/es\/"},{"@type":"ListItem","position":2,"name":"Declaraci\u00f3n de privacidad y cookies"}]},{"@type":"WebSite","@id":"https:\/\/ucc-europe.com\/es\/#website","url":"https:\/\/ucc-europe.com\/es\/","name":"UCC Europe - English","description":"","potentialAction":[{"@type":"SearchAction","target":{"@type":"EntryPoint","urlTemplate":"https:\/\/ucc-europe.com\/es\/?s={search_term_string}"},"query-input":{"@type":"PropertyValueSpecification","valueRequired":true,"valueName":"search_term_string"}}],"inLanguage":"es"}]}},"_links":{"self":[{"href":"https:\/\/ucc-europe.com\/es\/wp-json\/wp\/v2\/pages\/1733","targetHints":{"allow":["GET"]}}],"collection":[{"href":"https:\/\/ucc-europe.com\/es\/wp-json\/wp\/v2\/pages"}],"about":[{"href":"https:\/\/ucc-europe.com\/es\/wp-json\/wp\/v2\/types\/page"}],"author":[{"embeddable":true,"href":"https:\/\/ucc-europe.com\/es\/wp-json\/wp\/v2\/users\/1"}],"replies":[{"embeddable":true,"href":"https:\/\/ucc-europe.com\/es\/wp-json\/wp\/v2\/comments?post=1733"}],"version-history":[{"count":0,"href":"https:\/\/ucc-europe.com\/es\/wp-json\/wp\/v2\/pages\/1733\/revisions"}],"wp:attachment":[{"href":"https:\/\/ucc-europe.com\/es\/wp-json\/wp\/v2\/media?parent=1733"}],"curies":[{"name":"wp","href":"https:\/\/api.w.org\/{rel}","templated":true}]}}