{"id":1141,"date":"2024-09-16T13:26:45","date_gmt":"2024-09-16T13:26:45","guid":{"rendered":"https:\/\/ucceurope2024.wpenginepowered.com\/durabilite\/"},"modified":"2025-11-06T09:54:17","modified_gmt":"2025-11-06T09:54:17","slug":"durabilite","status":"publish","type":"page","link":"https:\/\/ucc-europe.com\/fr\/durabilite\/","title":{"rendered":"D\u00e9veloppement durable"},"content":{"rendered":"\n<section id=\"content-block_4481a6a2d277c23af324b0be3be9214e\" class=\"block quote-block colour-palette-main block-with-bg\">\n    <div class='quote-block-wrap'>\n        <div class='quote-block-content'>\n            <h2>ORIENTATION D\u00c9VELOPPEMENT DURABLE D&rsquo;UCC<\/h2>\n<p>G\u00e9n\u00e9rer un changement positif gr\u00e2ce au caf\u00e9<\/p>\n<hr>\n<p>Chez UCC, le d\u00e9veloppement durable est au c\u0153ur de toutes nos actions. De la fa\u00e7on dont nous nous approvisionnons en grains \u00e0 la mani\u00e8re dont nous minimisons notre impact environnemental, nous nous engageons \u00e0 lib\u00e9rer le potentiel du caf\u00e9 pour un monde meilleur. <\/p>\n                    <\/div>\n            <\/div>\n<\/section>\n<section\n    id=\"image-with-text-overlay-block_6ccf34c8e7185754e1846607db79a09e\"\n    class=\"block block-with-bg colour-palette-white-background image-with-text-overlay ascent-shape\">\n    <figure class=\"image-with-text-overlay-media oval\">\n                    <img decoding=\"async\" width=\"1093\" height=\"728\" src=\"https:\/\/ucc-europe.com\/wp-content\/uploads\/2025\/07\/UCC-sustainability-1093x728.jpg\" class=\"attachment-image_text_overlay size-image_text_overlay\" alt=\"\" style=\"object-fit: cover;\" loading=\"lazy\" srcset=\"https:\/\/ucc-europe.com\/wp-content\/uploads\/2025\/07\/UCC-sustainability-1093x728.jpg 1093w, https:\/\/ucc-europe.com\/wp-content\/uploads\/2025\/07\/UCC-sustainability-300x200.jpg 300w, https:\/\/ucc-europe.com\/wp-content\/uploads\/2025\/07\/UCC-sustainability-1024x682.jpg 1024w, https:\/\/ucc-europe.com\/wp-content\/uploads\/2025\/07\/UCC-sustainability-768x512.jpg 768w, https:\/\/ucc-europe.com\/wp-content\/uploads\/2025\/07\/UCC-sustainability-1536x1024.jpg 1536w, https:\/\/ucc-europe.com\/wp-content\/uploads\/2025\/07\/UCC-sustainability-960x640.jpg 960w, https:\/\/ucc-europe.com\/wp-content\/uploads\/2025\/07\/UCC-sustainability-95x63.jpg 95w, https:\/\/ucc-europe.com\/wp-content\/uploads\/2025\/07\/UCC-sustainability-200x133.jpg 200w, https:\/\/ucc-europe.com\/wp-content\/uploads\/2025\/07\/UCC-sustainability-210x140.jpg 210w, https:\/\/ucc-europe.com\/wp-content\/uploads\/2025\/07\/UCC-sustainability-1920x1280.jpg 1920w, https:\/\/ucc-europe.com\/wp-content\/uploads\/2025\/07\/UCC-sustainability-704x469.jpg 704w, https:\/\/ucc-europe.com\/wp-content\/uploads\/2025\/07\/UCC-sustainability-586x391.jpg 586w, https:\/\/ucc-europe.com\/wp-content\/uploads\/2025\/07\/UCC-sustainability-560x373.jpg 560w, https:\/\/ucc-europe.com\/wp-content\/uploads\/2025\/07\/UCC-sustainability-600x400.jpg 600w, https:\/\/ucc-europe.com\/wp-content\/uploads\/2025\/07\/UCC-sustainability-374x249.jpg 374w, https:\/\/ucc-europe.com\/wp-content\/uploads\/2025\/07\/UCC-sustainability-1400x933.jpg 1400w, https:\/\/ucc-europe.com\/wp-content\/uploads\/2025\/07\/UCC-sustainability-264x176.jpg 264w, https:\/\/ucc-europe.com\/wp-content\/uploads\/2025\/07\/UCC-sustainability-278x185.jpg 278w, https:\/\/ucc-europe.com\/wp-content\/uploads\/2025\/07\/UCC-sustainability.jpg 2000w\" sizes=\"auto, (max-width: 1093px) 100vw, 1093px\" \/>            <\/figure>\n    <article class=\"image-with-text-overlay-content\">\n                    <h2>Notre histoire en mati\u00e8re de d\u00e9veloppement durable<\/h2>\n                            <p>Nous sommes une entreprise mondiale int\u00e9gr\u00e9e de caf\u00e9, op\u00e9rant de la ferme \u00e0 la tasse. Notre mission est de lib\u00e9rer le potentiel du caf\u00e9 pour un monde meilleur. Pour r\u00e9aliser cette mission, nous nous sommes engag\u00e9s dans diverses initiatives ax\u00e9es sur la promotion du d\u00e9veloppement durable dans l&rsquo;industrie du caf\u00e9. Aujourd&rsquo;hui, nous avons formul\u00e9 notre engagement pour un avenir durable, avec une nouvelle vision pour g\u00e9n\u00e9rer un changement positif pour les personnes et la plan\u00e8te, contribuant \u00e0 un meilleur avenir pour tous.    <\/p>\n                            <div class='btn-wrap'>\n                                <a href=\"https:\/\/www.ucc.co.jp\/dist\/downloads\/2025\/ucc-sustainability-en.pdf\" class=\"btn\" target=\"_blank\">Consulter notre rapport<span><\/span><span><\/span><\/a>\n            <\/div>\n            <\/article>\n<\/section>\n<section id=\"features\/block-block_35fa64f87c1dd192e443493460857f89\" class=\"block features_block colour-palette-main block-with-bg\">\n            <header class=\"features_block-intro\">\n                            <h2>Cadre de d\u00e9veloppement durable<\/h2>\n                                <\/header>\n        <div class=\"features_block-content\">\n                    <div class=\"features_block-left-content\">\n                <p><strong>Avoir un impact positif significatif sur la soci\u00e9t\u00e9 par le biais de la sant\u00e9 et de l\u2019\u00e9ducation d\u2019ici 2030<\/strong><\/p>\n<hr>\n<p><strong>100 % de caf\u00e9 de marque UCC sourc\u00e9 durablement d&rsquo;ici 2030 :<\/strong><\/p>\n<ul>\n<li>Moyens de subsistance des agriculteurs<\/li>\n<li>Tra\u00e7abilit\u00e9<\/li>\n<li>Droits humains<\/li>\n<\/ul>\n            <\/div>\n                            <div class=\"features_block-image\">\n                <img loading=\"lazy\" decoding=\"async\" width=\"880\" height=\"870\" src=\"https:\/\/ucc-europe.com\/wp-content\/uploads\/2024\/12\/sustainability-circle.png\" class=\"attachment-feature_image size-feature_image\" alt=\"\" srcset=\"https:\/\/ucc-europe.com\/wp-content\/uploads\/2024\/12\/sustainability-circle.png 880w, https:\/\/ucc-europe.com\/wp-content\/uploads\/2024\/12\/sustainability-circle-300x297.png 300w, https:\/\/ucc-europe.com\/wp-content\/uploads\/2024\/12\/sustainability-circle-768x759.png 768w, https:\/\/ucc-europe.com\/wp-content\/uploads\/2024\/12\/sustainability-circle-95x94.png 95w, https:\/\/ucc-europe.com\/wp-content\/uploads\/2024\/12\/sustainability-circle-200x198.png 200w, https:\/\/ucc-europe.com\/wp-content\/uploads\/2024\/12\/sustainability-circle-210x208.png 210w, https:\/\/ucc-europe.com\/wp-content\/uploads\/2024\/12\/sustainability-circle-704x696.png 704w, https:\/\/ucc-europe.com\/wp-content\/uploads\/2024\/12\/sustainability-circle-586x579.png 586w, https:\/\/ucc-europe.com\/wp-content\/uploads\/2024\/12\/sustainability-circle-560x554.png 560w, https:\/\/ucc-europe.com\/wp-content\/uploads\/2024\/12\/sustainability-circle-600x593.png 600w, https:\/\/ucc-europe.com\/wp-content\/uploads\/2024\/12\/sustainability-circle-374x370.png 374w, https:\/\/ucc-europe.com\/wp-content\/uploads\/2024\/12\/sustainability-circle-264x261.png 264w, https:\/\/ucc-europe.com\/wp-content\/uploads\/2024\/12\/sustainability-circle-278x275.png 278w\" sizes=\"auto, (max-width: 880px) 100vw, 880px\" \/>            <\/div>\n                            <div class=\"features_block-right-content\">\n                <p><strong>Neutralit\u00e9 carbone 2040 et impact positif sur la nature<\/strong><\/p>\n<ul>\n<li>\u00c9missions<\/li>\n<li>Biodiversit\u00e9<\/li>\n<li>For\u00eats<\/li>\n<li>Eau<\/li>\n<\/ul>\n            <\/div>\n            <\/div>\n<\/section>\n<section\n    id=\"image-content-grid-block_0c69a95e37b0f7c2c725135e13d36dc4\"\n    class=\"block block-with-bg image-content-grid colour-palette-off-white-background\"\n    style=\"--image-grid-columns: 2; --mobile-image-grid-columns: 1;  \">\n            <header class=\"image-content-grid-header\">\n                            <h2>Approfondir<\/h2>\n                                <\/header>\n                <div class=\"image-content-grid-grid\">\n                            <a                    href='https:\/\/ucc-europe.com\/fr\/durabilite\/'\n                    class=\"image-content-grid-item colour-palette-off-white-background  \"\n                    style=\"background-image: url(); background-size: cover\">\n                    <div class=\"image-content-grid-item-content\">\n                        <div>\n                                                                                                <div class='image-content-grid-item-media circle half'>\n                                        <img loading=\"lazy\" decoding=\"async\" width=\"560\" height=\"374\" src=\"https:\/\/ucc-europe.com\/wp-content\/uploads\/2025\/08\/AdobeStock_422207291-560x374.jpeg\" class=\"attachment-image_content_grid size-image_content_grid\" alt=\"\" style=\"object-fit: cover;\" srcset=\"https:\/\/ucc-europe.com\/wp-content\/uploads\/2025\/08\/AdobeStock_422207291-560x374.jpeg 560w, https:\/\/ucc-europe.com\/wp-content\/uploads\/2025\/08\/AdobeStock_422207291-300x200.jpeg 300w, https:\/\/ucc-europe.com\/wp-content\/uploads\/2025\/08\/AdobeStock_422207291-1024x684.jpeg 1024w, https:\/\/ucc-europe.com\/wp-content\/uploads\/2025\/08\/AdobeStock_422207291-768x513.jpeg 768w, https:\/\/ucc-europe.com\/wp-content\/uploads\/2025\/08\/AdobeStock_422207291-1536x1025.jpeg 1536w, https:\/\/ucc-europe.com\/wp-content\/uploads\/2025\/08\/AdobeStock_422207291-2048x1367.jpeg 2048w, https:\/\/ucc-europe.com\/wp-content\/uploads\/2025\/08\/AdobeStock_422207291-960x641.jpeg 960w, https:\/\/ucc-europe.com\/wp-content\/uploads\/2025\/08\/AdobeStock_422207291-95x63.jpeg 95w, https:\/\/ucc-europe.com\/wp-content\/uploads\/2025\/08\/AdobeStock_422207291-200x134.jpeg 200w, https:\/\/ucc-europe.com\/wp-content\/uploads\/2025\/08\/AdobeStock_422207291-210x140.jpeg 210w, https:\/\/ucc-europe.com\/wp-content\/uploads\/2025\/08\/AdobeStock_422207291-1920x1282.jpeg 1920w, https:\/\/ucc-europe.com\/wp-content\/uploads\/2025\/08\/AdobeStock_422207291-704x470.jpeg 704w, https:\/\/ucc-europe.com\/wp-content\/uploads\/2025\/08\/AdobeStock_422207291-586x391.jpeg 586w, https:\/\/ucc-europe.com\/wp-content\/uploads\/2025\/08\/AdobeStock_422207291-600x401.jpeg 600w, https:\/\/ucc-europe.com\/wp-content\/uploads\/2025\/08\/AdobeStock_422207291-1093x730.jpeg 1093w, https:\/\/ucc-europe.com\/wp-content\/uploads\/2025\/08\/AdobeStock_422207291-374x250.jpeg 374w, https:\/\/ucc-europe.com\/wp-content\/uploads\/2025\/08\/AdobeStock_422207291-1400x935.jpeg 1400w, https:\/\/ucc-europe.com\/wp-content\/uploads\/2025\/08\/AdobeStock_422207291-264x176.jpeg 264w, https:\/\/ucc-europe.com\/wp-content\/uploads\/2025\/08\/AdobeStock_422207291-278x186.jpeg 278w\" sizes=\"auto, (max-width: 560px) 100vw, 560px\" \/>                                                                            <\/div>\n                                                                                                                        <h3 class='h3'>R\u00c9DUCTION DU CARBONE <\/h3>\n                                                                                        <p>Nous nous engageons \u00e0 soutenir les efforts mondiaux pour atteindre un avenir neutre en carbone. Notre objectif est d&rsquo;atteindre la neutralit\u00e9 carbone d&rsquo;ici 2040 dans l&rsquo;ensemble de nos op\u00e9rations commerciales et de notre cha\u00eene de valeur.  <\/p>\n                                                    <\/div>\n                                                    <span class='image-content-grid-item-cta-text-wrap'><span class='image-content-grid-item-cta-text btn'>En savoir plus<span><\/span><span><\/span><\/span><\/span>\n                                            <\/div>\n                                    <\/a>\n                            <a                    href='https:\/\/ucc-europe.com\/fr\/durabilite\/'\n                    class=\"image-content-grid-item colour-palette-off-white-background  \"\n                    style=\"background-image: url(); background-size: cover\">\n                    <div class=\"image-content-grid-item-content\">\n                        <div>\n                                                                                                <div class='image-content-grid-item-media circle half'>\n                                        <img loading=\"lazy\" decoding=\"async\" width=\"560\" height=\"373\" src=\"https:\/\/ucc-europe.com\/wp-content\/uploads\/2025\/08\/VFET123_062_3500-px-560x373.jpg\" class=\"attachment-image_content_grid size-image_content_grid\" alt=\"\" style=\"object-fit: cover;\" srcset=\"https:\/\/ucc-europe.com\/wp-content\/uploads\/2025\/08\/VFET123_062_3500-px-560x373.jpg 560w, https:\/\/ucc-europe.com\/wp-content\/uploads\/2025\/08\/VFET123_062_3500-px-300x200.jpg 300w, https:\/\/ucc-europe.com\/wp-content\/uploads\/2025\/08\/VFET123_062_3500-px-1024x683.jpg 1024w, https:\/\/ucc-europe.com\/wp-content\/uploads\/2025\/08\/VFET123_062_3500-px-768x512.jpg 768w, https:\/\/ucc-europe.com\/wp-content\/uploads\/2025\/08\/VFET123_062_3500-px-1536x1024.jpg 1536w, https:\/\/ucc-europe.com\/wp-content\/uploads\/2025\/08\/VFET123_062_3500-px-2048x1365.jpg 2048w, https:\/\/ucc-europe.com\/wp-content\/uploads\/2025\/08\/VFET123_062_3500-px-960x640.jpg 960w, https:\/\/ucc-europe.com\/wp-content\/uploads\/2025\/08\/VFET123_062_3500-px-95x63.jpg 95w, https:\/\/ucc-europe.com\/wp-content\/uploads\/2025\/08\/VFET123_062_3500-px-200x133.jpg 200w, https:\/\/ucc-europe.com\/wp-content\/uploads\/2025\/08\/VFET123_062_3500-px-210x140.jpg 210w, https:\/\/ucc-europe.com\/wp-content\/uploads\/2025\/08\/VFET123_062_3500-px-1920x1280.jpg 1920w, https:\/\/ucc-europe.com\/wp-content\/uploads\/2025\/08\/VFET123_062_3500-px-704x469.jpg 704w, https:\/\/ucc-europe.com\/wp-content\/uploads\/2025\/08\/VFET123_062_3500-px-586x391.jpg 586w, https:\/\/ucc-europe.com\/wp-content\/uploads\/2025\/08\/VFET123_062_3500-px-600x400.jpg 600w, https:\/\/ucc-europe.com\/wp-content\/uploads\/2025\/08\/VFET123_062_3500-px-1093x729.jpg 1093w, https:\/\/ucc-europe.com\/wp-content\/uploads\/2025\/08\/VFET123_062_3500-px-374x249.jpg 374w, https:\/\/ucc-europe.com\/wp-content\/uploads\/2025\/08\/VFET123_062_3500-px-1400x933.jpg 1400w, https:\/\/ucc-europe.com\/wp-content\/uploads\/2025\/08\/VFET123_062_3500-px-264x176.jpg 264w, https:\/\/ucc-europe.com\/wp-content\/uploads\/2025\/08\/VFET123_062_3500-px-278x185.jpg 278w\" sizes=\"auto, (max-width: 560px) 100vw, 560px\" \/>                                                                            <\/div>\n                                                                                                                        <h3 class='h3'>APPROVISIONNEMENT DURABLE <\/h3>\n                                                                                        <p>Le caf\u00e9 est notre activit\u00e9 depuis plus de 200 ans. Nous voulons contribuer \u00e0 un avenir o\u00f9 le caf\u00e9 est produit, transform\u00e9 et utilis\u00e9 de mani\u00e8re responsable et durable.  <\/p>\n                                                    <\/div>\n                                                    <span class='image-content-grid-item-cta-text-wrap'><span class='image-content-grid-item-cta-text btn'>En savoir plus<span><\/span><span><\/span><\/span><\/span>\n                                            <\/div>\n                                    <\/a>\n                    <\/div>\n    <\/section>","protected":false},"excerpt":{"rendered":"","protected":false},"author":1,"featured_media":1967,"parent":0,"menu_order":0,"comment_status":"closed","ping_status":"closed","template":"","meta":{"_acf_changed":false,"footnotes":""},"class_list":["post-1141","page","type-page","status-publish","has-post-thumbnail","hentry"],"acf":[],"yoast_head":"<!-- This site is optimized with the Yoast SEO plugin v27.3 - https:\/\/yoast.com\/product\/yoast-seo-wordpress\/ -->\n<title>D\u00e9veloppement durable - UCC Europe<\/title>\n<meta name=\"description\" content=\"D\u00e9couvrez l&#039;engagement d&#039;UCC Europe en faveur du d\u00e9veloppement durable dans le caf\u00e9. Apprenez comment nous priorisons l&#039;approvisionnement \u00e9thique et la responsabilit\u00e9 environnementale.\" \/>\n<meta name=\"robots\" content=\"index, follow, max-snippet:-1, max-image-preview:large, max-video-preview:-1\" \/>\n<link rel=\"canonical\" href=\"https:\/\/ucc-europe.com\/fr\/durabilite\/\" \/>\n<meta property=\"og:locale\" content=\"fr_FR\" \/>\n<meta property=\"og:type\" content=\"article\" \/>\n<meta property=\"og:title\" content=\"D\u00e9veloppement durable - UCC Europe\" \/>\n<meta property=\"og:description\" content=\"D\u00e9couvrez l&#039;engagement d&#039;UCC Europe en faveur du d\u00e9veloppement durable dans le caf\u00e9. Apprenez comment nous priorisons l&#039;approvisionnement \u00e9thique et la responsabilit\u00e9 environnementale.\" \/>\n<meta property=\"og:url\" content=\"https:\/\/ucc-europe.com\/fr\/durabilite\/\" \/>\n<meta property=\"og:site_name\" content=\"UCC Europe - English\" \/>\n<meta property=\"article:modified_time\" content=\"2025-11-06T09:54:17+00:00\" \/>\n<meta property=\"og:image\" content=\"https:\/\/ucc-europe.com\/wp-content\/uploads\/2025\/08\/Sustainability.jpg\" \/>\n\t<meta property=\"og:image:width\" content=\"2048\" \/>\n\t<meta property=\"og:image:height\" content=\"685\" \/>\n\t<meta property=\"og:image:type\" content=\"image\/jpeg\" \/>\n<meta name=\"twitter:card\" content=\"summary_large_image\" \/>\n<script type=\"application\/ld+json\" class=\"yoast-schema-graph\">{\"@context\":\"https:\\\/\\\/schema.org\",\"@graph\":[{\"@type\":\"WebPage\",\"@id\":\"https:\\\/\\\/ucc-europe.com\\\/fr\\\/durabilite\\\/\",\"url\":\"https:\\\/\\\/ucc-europe.com\\\/fr\\\/durabilite\\\/\",\"name\":\"D\u00e9veloppement durable - UCC Europe\",\"isPartOf\":{\"@id\":\"https:\\\/\\\/ucc-europe.com\\\/fr\\\/#website\"},\"primaryImageOfPage\":{\"@id\":\"https:\\\/\\\/ucc-europe.com\\\/fr\\\/durabilite\\\/#primaryimage\"},\"image\":{\"@id\":\"https:\\\/\\\/ucc-europe.com\\\/fr\\\/durabilite\\\/#primaryimage\"},\"thumbnailUrl\":\"https:\\\/\\\/ucc-europe.com\\\/wp-content\\\/uploads\\\/2025\\\/08\\\/Sustainability.jpg\",\"datePublished\":\"2024-09-16T13:26:45+00:00\",\"dateModified\":\"2025-11-06T09:54:17+00:00\",\"description\":\"D\u00e9couvrez l'engagement d'UCC Europe en faveur du d\u00e9veloppement durable dans le caf\u00e9. Apprenez comment nous priorisons l'approvisionnement \u00e9thique et la responsabilit\u00e9 environnementale.\",\"breadcrumb\":{\"@id\":\"https:\\\/\\\/ucc-europe.com\\\/fr\\\/durabilite\\\/#breadcrumb\"},\"inLanguage\":\"fr-FR\",\"potentialAction\":[{\"@type\":\"ReadAction\",\"target\":[\"https:\\\/\\\/ucc-europe.com\\\/fr\\\/durabilite\\\/\"]}]},{\"@type\":\"ImageObject\",\"inLanguage\":\"fr-FR\",\"@id\":\"https:\\\/\\\/ucc-europe.com\\\/fr\\\/durabilite\\\/#primaryimage\",\"url\":\"https:\\\/\\\/ucc-europe.com\\\/wp-content\\\/uploads\\\/2025\\\/08\\\/Sustainability.jpg\",\"contentUrl\":\"https:\\\/\\\/ucc-europe.com\\\/wp-content\\\/uploads\\\/2025\\\/08\\\/Sustainability.jpg\",\"width\":2048,\"height\":685},{\"@type\":\"BreadcrumbList\",\"@id\":\"https:\\\/\\\/ucc-europe.com\\\/fr\\\/durabilite\\\/#breadcrumb\",\"itemListElement\":[{\"@type\":\"ListItem\",\"position\":1,\"name\":\"Home\",\"item\":\"https:\\\/\\\/ucc-europe.com\\\/fr\\\/\"},{\"@type\":\"ListItem\",\"position\":2,\"name\":\"D\u00e9veloppement durable\"}]},{\"@type\":\"WebSite\",\"@id\":\"https:\\\/\\\/ucc-europe.com\\\/fr\\\/#website\",\"url\":\"https:\\\/\\\/ucc-europe.com\\\/fr\\\/\",\"name\":\"UCC Europe - English\",\"description\":\"\",\"potentialAction\":[{\"@type\":\"SearchAction\",\"target\":{\"@type\":\"EntryPoint\",\"urlTemplate\":\"https:\\\/\\\/ucc-europe.com\\\/fr\\\/?s={search_term_string}\"},\"query-input\":{\"@type\":\"PropertyValueSpecification\",\"valueRequired\":true,\"valueName\":\"search_term_string\"}}],\"inLanguage\":\"fr-FR\"}]}<\/script>\n<!-- \/ Yoast SEO plugin. -->","yoast_head_json":{"title":"D\u00e9veloppement durable - UCC Europe","description":"D\u00e9couvrez l'engagement d'UCC Europe en faveur du d\u00e9veloppement durable dans le caf\u00e9. Apprenez comment nous priorisons l'approvisionnement \u00e9thique et la responsabilit\u00e9 environnementale.","robots":{"index":"index","follow":"follow","max-snippet":"max-snippet:-1","max-image-preview":"max-image-preview:large","max-video-preview":"max-video-preview:-1"},"canonical":"https:\/\/ucc-europe.com\/fr\/durabilite\/","og_locale":"fr_FR","og_type":"article","og_title":"D\u00e9veloppement durable - UCC Europe","og_description":"D\u00e9couvrez l'engagement d'UCC Europe en faveur du d\u00e9veloppement durable dans le caf\u00e9. Apprenez comment nous priorisons l'approvisionnement \u00e9thique et la responsabilit\u00e9 environnementale.","og_url":"https:\/\/ucc-europe.com\/fr\/durabilite\/","og_site_name":"UCC Europe - English","article_modified_time":"2025-11-06T09:54:17+00:00","og_image":[{"width":2048,"height":685,"url":"https:\/\/ucc-europe.com\/wp-content\/uploads\/2025\/08\/Sustainability.jpg","type":"image\/jpeg"}],"twitter_card":"summary_large_image","schema":{"@context":"https:\/\/schema.org","@graph":[{"@type":"WebPage","@id":"https:\/\/ucc-europe.com\/fr\/durabilite\/","url":"https:\/\/ucc-europe.com\/fr\/durabilite\/","name":"D\u00e9veloppement durable - UCC Europe","isPartOf":{"@id":"https:\/\/ucc-europe.com\/fr\/#website"},"primaryImageOfPage":{"@id":"https:\/\/ucc-europe.com\/fr\/durabilite\/#primaryimage"},"image":{"@id":"https:\/\/ucc-europe.com\/fr\/durabilite\/#primaryimage"},"thumbnailUrl":"https:\/\/ucc-europe.com\/wp-content\/uploads\/2025\/08\/Sustainability.jpg","datePublished":"2024-09-16T13:26:45+00:00","dateModified":"2025-11-06T09:54:17+00:00","description":"D\u00e9couvrez l'engagement d'UCC Europe en faveur du d\u00e9veloppement durable dans le caf\u00e9. Apprenez comment nous priorisons l'approvisionnement \u00e9thique et la responsabilit\u00e9 environnementale.","breadcrumb":{"@id":"https:\/\/ucc-europe.com\/fr\/durabilite\/#breadcrumb"},"inLanguage":"fr-FR","potentialAction":[{"@type":"ReadAction","target":["https:\/\/ucc-europe.com\/fr\/durabilite\/"]}]},{"@type":"ImageObject","inLanguage":"fr-FR","@id":"https:\/\/ucc-europe.com\/fr\/durabilite\/#primaryimage","url":"https:\/\/ucc-europe.com\/wp-content\/uploads\/2025\/08\/Sustainability.jpg","contentUrl":"https:\/\/ucc-europe.com\/wp-content\/uploads\/2025\/08\/Sustainability.jpg","width":2048,"height":685},{"@type":"BreadcrumbList","@id":"https:\/\/ucc-europe.com\/fr\/durabilite\/#breadcrumb","itemListElement":[{"@type":"ListItem","position":1,"name":"Home","item":"https:\/\/ucc-europe.com\/fr\/"},{"@type":"ListItem","position":2,"name":"D\u00e9veloppement durable"}]},{"@type":"WebSite","@id":"https:\/\/ucc-europe.com\/fr\/#website","url":"https:\/\/ucc-europe.com\/fr\/","name":"UCC Europe - English","description":"","potentialAction":[{"@type":"SearchAction","target":{"@type":"EntryPoint","urlTemplate":"https:\/\/ucc-europe.com\/fr\/?s={search_term_string}"},"query-input":{"@type":"PropertyValueSpecification","valueRequired":true,"valueName":"search_term_string"}}],"inLanguage":"fr-FR"}]}},"_links":{"self":[{"href":"https:\/\/ucc-europe.com\/fr\/wp-json\/wp\/v2\/pages\/1141","targetHints":{"allow":["GET"]}}],"collection":[{"href":"https:\/\/ucc-europe.com\/fr\/wp-json\/wp\/v2\/pages"}],"about":[{"href":"https:\/\/ucc-europe.com\/fr\/wp-json\/wp\/v2\/types\/page"}],"author":[{"embeddable":true,"href":"https:\/\/ucc-europe.com\/fr\/wp-json\/wp\/v2\/users\/1"}],"replies":[{"embeddable":true,"href":"https:\/\/ucc-europe.com\/fr\/wp-json\/wp\/v2\/comments?post=1141"}],"version-history":[{"count":0,"href":"https:\/\/ucc-europe.com\/fr\/wp-json\/wp\/v2\/pages\/1141\/revisions"}],"wp:featuredmedia":[{"embeddable":true,"href":"https:\/\/ucc-europe.com\/fr\/wp-json\/wp\/v2\/media\/1967"}],"wp:attachment":[{"href":"https:\/\/ucc-europe.com\/fr\/wp-json\/wp\/v2\/media?parent=1141"}],"curies":[{"name":"wp","href":"https:\/\/api.w.org\/{rel}","templated":true}]}}