{"id":1142,"date":"2025-07-08T15:57:45","date_gmt":"2025-07-08T15:57:45","guid":{"rendered":"https:\/\/ucceurope2024.wpenginepowered.com\/marches\/"},"modified":"2025-11-11T11:45:56","modified_gmt":"2025-11-11T11:45:56","slug":"marches","status":"publish","type":"page","link":"https:\/\/ucc-europe.com\/fr\/marches\/","title":{"rendered":"March\u00e9s"},"content":{"rendered":"\n<section\n    id=\"image-content-grid-block_53f77e7c04e3017a5407e63ad31aa1ba\"\n    class=\"block block-with-bg image-content-grid colour-palette-main\"\n    style=\"--image-grid-columns: 4; --mobile-image-grid-columns: 2;  \">\n            <header class=\"image-content-grid-header\">\n                            <h2>Adapt\u00e9 \u00e0 votre march\u00e9<\/h2>\n                                <\/header>\n                <div class=\"image-content-grid-grid\">\n                            <a                    href='https:\/\/ucc-europe.com\/fr\/marches\/'\n                    class=\"image-content-grid-item colour-palette-white-background  \"\n                    style=\"background-image: url(); background-size: cover\">\n                    <div class=\"image-content-grid-item-content\">\n                        <div>\n                                                                                                <div class='image-content-grid-item-media circle full'>\n                                        <img loading=\"lazy\" decoding=\"async\" width=\"560\" height=\"372\" src=\"https:\/\/ucc-europe.com\/wp-content\/uploads\/2024\/09\/jack-finnigan-Mxqvo8hhY1s-unsplash-560x372.jpg\" class=\"attachment-image_content_grid size-image_content_grid\" alt=\"\" style=\"object-fit: cover;\" srcset=\"https:\/\/ucc-europe.com\/wp-content\/uploads\/2024\/09\/jack-finnigan-Mxqvo8hhY1s-unsplash-560x372.jpg 560w, https:\/\/ucc-europe.com\/wp-content\/uploads\/2024\/09\/jack-finnigan-Mxqvo8hhY1s-unsplash-300x199.jpg 300w, https:\/\/ucc-europe.com\/wp-content\/uploads\/2024\/09\/jack-finnigan-Mxqvo8hhY1s-unsplash-1024x680.jpg 1024w, https:\/\/ucc-europe.com\/wp-content\/uploads\/2024\/09\/jack-finnigan-Mxqvo8hhY1s-unsplash-768x510.jpg 768w, https:\/\/ucc-europe.com\/wp-content\/uploads\/2024\/09\/jack-finnigan-Mxqvo8hhY1s-unsplash-1536x1020.jpg 1536w, https:\/\/ucc-europe.com\/wp-content\/uploads\/2024\/09\/jack-finnigan-Mxqvo8hhY1s-unsplash-960x638.jpg 960w, https:\/\/ucc-europe.com\/wp-content\/uploads\/2024\/09\/jack-finnigan-Mxqvo8hhY1s-unsplash-95x63.jpg 95w, https:\/\/ucc-europe.com\/wp-content\/uploads\/2024\/09\/jack-finnigan-Mxqvo8hhY1s-unsplash-200x133.jpg 200w, https:\/\/ucc-europe.com\/wp-content\/uploads\/2024\/09\/jack-finnigan-Mxqvo8hhY1s-unsplash-210x139.jpg 210w, https:\/\/ucc-europe.com\/wp-content\/uploads\/2024\/09\/jack-finnigan-Mxqvo8hhY1s-unsplash-704x468.jpg 704w, https:\/\/ucc-europe.com\/wp-content\/uploads\/2024\/09\/jack-finnigan-Mxqvo8hhY1s-unsplash-586x389.jpg 586w, https:\/\/ucc-europe.com\/wp-content\/uploads\/2024\/09\/jack-finnigan-Mxqvo8hhY1s-unsplash-600x398.jpg 600w, https:\/\/ucc-europe.com\/wp-content\/uploads\/2024\/09\/jack-finnigan-Mxqvo8hhY1s-unsplash-1093x726.jpg 1093w, https:\/\/ucc-europe.com\/wp-content\/uploads\/2024\/09\/jack-finnigan-Mxqvo8hhY1s-unsplash-374x248.jpg 374w, https:\/\/ucc-europe.com\/wp-content\/uploads\/2024\/09\/jack-finnigan-Mxqvo8hhY1s-unsplash-1400x930.jpg 1400w, https:\/\/ucc-europe.com\/wp-content\/uploads\/2024\/09\/jack-finnigan-Mxqvo8hhY1s-unsplash-264x175.jpg 264w, https:\/\/ucc-europe.com\/wp-content\/uploads\/2024\/09\/jack-finnigan-Mxqvo8hhY1s-unsplash-278x185.jpg 278w, https:\/\/ucc-europe.com\/wp-content\/uploads\/2024\/09\/jack-finnigan-Mxqvo8hhY1s-unsplash.jpg 1920w\" sizes=\"auto, (max-width: 560px) 100vw, 560px\" \/>                                                                            <\/div>\n                                                                                                                        <h3 class='h3'>Royaume-Uni et Irlande<\/h3>\n                                                                                <\/div>\n                                                    <span class='image-content-grid-item-cta-text-wrap'><span class='image-content-grid-item-cta-text btn'>En savoir plus<span><\/span><span><\/span><\/span><\/span>\n                                            <\/div>\n                                    <\/a>\n                            <a                    href='https:\/\/ucc-europe.com\/fr\/markets\/benelux\/'\n                    class=\"image-content-grid-item colour-palette-white-background  \"\n                    style=\"background-image: url(); background-size: cover\">\n                    <div class=\"image-content-grid-item-content\">\n                        <div>\n                                                                                                <div class='image-content-grid-item-media circle full'>\n                                        <img loading=\"lazy\" decoding=\"async\" width=\"560\" height=\"420\" src=\"https:\/\/ucc-europe.com\/wp-content\/uploads\/2024\/09\/dorian-d1-_VheuNwAtVQ-unsplash-560x420.jpg\" class=\"attachment-image_content_grid size-image_content_grid\" alt=\"\" style=\"object-fit: cover;\" srcset=\"https:\/\/ucc-europe.com\/wp-content\/uploads\/2024\/09\/dorian-d1-_VheuNwAtVQ-unsplash-560x420.jpg 560w, https:\/\/ucc-europe.com\/wp-content\/uploads\/2024\/09\/dorian-d1-_VheuNwAtVQ-unsplash-300x225.jpg 300w, https:\/\/ucc-europe.com\/wp-content\/uploads\/2024\/09\/dorian-d1-_VheuNwAtVQ-unsplash-1024x768.jpg 1024w, https:\/\/ucc-europe.com\/wp-content\/uploads\/2024\/09\/dorian-d1-_VheuNwAtVQ-unsplash-768x576.jpg 768w, https:\/\/ucc-europe.com\/wp-content\/uploads\/2024\/09\/dorian-d1-_VheuNwAtVQ-unsplash-1536x1152.jpg 1536w, https:\/\/ucc-europe.com\/wp-content\/uploads\/2024\/09\/dorian-d1-_VheuNwAtVQ-unsplash-960x720.jpg 960w, https:\/\/ucc-europe.com\/wp-content\/uploads\/2024\/09\/dorian-d1-_VheuNwAtVQ-unsplash-95x71.jpg 95w, https:\/\/ucc-europe.com\/wp-content\/uploads\/2024\/09\/dorian-d1-_VheuNwAtVQ-unsplash-200x150.jpg 200w, https:\/\/ucc-europe.com\/wp-content\/uploads\/2024\/09\/dorian-d1-_VheuNwAtVQ-unsplash-210x158.jpg 210w, https:\/\/ucc-europe.com\/wp-content\/uploads\/2024\/09\/dorian-d1-_VheuNwAtVQ-unsplash-704x528.jpg 704w, https:\/\/ucc-europe.com\/wp-content\/uploads\/2024\/09\/dorian-d1-_VheuNwAtVQ-unsplash-586x440.jpg 586w, https:\/\/ucc-europe.com\/wp-content\/uploads\/2024\/09\/dorian-d1-_VheuNwAtVQ-unsplash-600x450.jpg 600w, https:\/\/ucc-europe.com\/wp-content\/uploads\/2024\/09\/dorian-d1-_VheuNwAtVQ-unsplash-1093x820.jpg 1093w, https:\/\/ucc-europe.com\/wp-content\/uploads\/2024\/09\/dorian-d1-_VheuNwAtVQ-unsplash-374x281.jpg 374w, https:\/\/ucc-europe.com\/wp-content\/uploads\/2024\/09\/dorian-d1-_VheuNwAtVQ-unsplash-1400x1050.jpg 1400w, https:\/\/ucc-europe.com\/wp-content\/uploads\/2024\/09\/dorian-d1-_VheuNwAtVQ-unsplash-264x198.jpg 264w, https:\/\/ucc-europe.com\/wp-content\/uploads\/2024\/09\/dorian-d1-_VheuNwAtVQ-unsplash-278x209.jpg 278w, https:\/\/ucc-europe.com\/wp-content\/uploads\/2024\/09\/dorian-d1-_VheuNwAtVQ-unsplash.jpg 1920w\" sizes=\"auto, (max-width: 560px) 100vw, 560px\" \/>                                                                            <\/div>\n                                                                                                                        <h3 class='h3'>Benelux<\/h3>\n                                                                                <\/div>\n                                                    <span class='image-content-grid-item-cta-text-wrap'><span class='image-content-grid-item-cta-text btn'>En savoir plus<span><\/span><span><\/span><\/span><\/span>\n                                            <\/div>\n                                    <\/a>\n                            <a                    href='https:\/\/ucc-europe.com\/fr\/marches\/'\n                    class=\"image-content-grid-item colour-palette-white-background  \"\n                    style=\"background-image: url(); background-size: cover\">\n                    <div class=\"image-content-grid-item-content\">\n                        <div>\n                                                                                                <div class='image-content-grid-item-media circle full'>\n                                        <img loading=\"lazy\" decoding=\"async\" width=\"560\" height=\"373\" src=\"https:\/\/ucc-europe.com\/wp-content\/uploads\/2025\/10\/spain-560x373.jpg\" class=\"attachment-image_content_grid size-image_content_grid\" alt=\"\" style=\"object-fit: cover;\" srcset=\"https:\/\/ucc-europe.com\/wp-content\/uploads\/2025\/10\/spain-560x373.jpg 560w, https:\/\/ucc-europe.com\/wp-content\/uploads\/2025\/10\/spain-300x200.jpg 300w, https:\/\/ucc-europe.com\/wp-content\/uploads\/2025\/10\/spain-1024x683.jpg 1024w, https:\/\/ucc-europe.com\/wp-content\/uploads\/2025\/10\/spain-768x512.jpg 768w, https:\/\/ucc-europe.com\/wp-content\/uploads\/2025\/10\/spain-1536x1024.jpg 1536w, https:\/\/ucc-europe.com\/wp-content\/uploads\/2025\/10\/spain-960x640.jpg 960w, https:\/\/ucc-europe.com\/wp-content\/uploads\/2025\/10\/spain-95x63.jpg 95w, https:\/\/ucc-europe.com\/wp-content\/uploads\/2025\/10\/spain-200x133.jpg 200w, https:\/\/ucc-europe.com\/wp-content\/uploads\/2025\/10\/spain-210x140.jpg 210w, https:\/\/ucc-europe.com\/wp-content\/uploads\/2025\/10\/spain-704x469.jpg 704w, https:\/\/ucc-europe.com\/wp-content\/uploads\/2025\/10\/spain-586x391.jpg 586w, https:\/\/ucc-europe.com\/wp-content\/uploads\/2025\/10\/spain-600x400.jpg 600w, https:\/\/ucc-europe.com\/wp-content\/uploads\/2025\/10\/spain-1093x729.jpg 1093w, https:\/\/ucc-europe.com\/wp-content\/uploads\/2025\/10\/spain-374x249.jpg 374w, https:\/\/ucc-europe.com\/wp-content\/uploads\/2025\/10\/spain-1400x933.jpg 1400w, https:\/\/ucc-europe.com\/wp-content\/uploads\/2025\/10\/spain-264x176.jpg 264w, https:\/\/ucc-europe.com\/wp-content\/uploads\/2025\/10\/spain-278x185.jpg 278w, https:\/\/ucc-europe.com\/wp-content\/uploads\/2025\/10\/spain.jpg 1920w\" sizes=\"auto, (max-width: 560px) 100vw, 560px\" \/>                                                                            <\/div>\n                                                                                                                        <h3 class='h3'>Espagne et Portugal<\/h3>\n                                                                                <\/div>\n                                                    <span class='image-content-grid-item-cta-text-wrap'><span class='image-content-grid-item-cta-text btn'>En savoir plus<span><\/span><span><\/span><\/span><\/span>\n                                            <\/div>\n                                    <\/a>\n                            <a                    href='https:\/\/ucc-europe.com\/fr\/marches\/'\n                    class=\"image-content-grid-item colour-palette-white-background  \"\n                    style=\"background-image: url(); background-size: cover\">\n                    <div class=\"image-content-grid-item-content\">\n                        <div>\n                                                                                                <div class='image-content-grid-item-media circle full'>\n                                        <img loading=\"lazy\" decoding=\"async\" width=\"560\" height=\"373\" src=\"https:\/\/ucc-europe.com\/wp-content\/uploads\/2025\/11\/iStock-2022435094-Swiss-homepage-image-560x373.jpg\" class=\"attachment-image_content_grid size-image_content_grid\" alt=\"\" style=\"object-fit: cover;\" srcset=\"https:\/\/ucc-europe.com\/wp-content\/uploads\/2025\/11\/iStock-2022435094-Swiss-homepage-image-560x373.jpg 560w, https:\/\/ucc-europe.com\/wp-content\/uploads\/2025\/11\/iStock-2022435094-Swiss-homepage-image-300x200.jpg 300w, https:\/\/ucc-europe.com\/wp-content\/uploads\/2025\/11\/iStock-2022435094-Swiss-homepage-image-1024x683.jpg 1024w, https:\/\/ucc-europe.com\/wp-content\/uploads\/2025\/11\/iStock-2022435094-Swiss-homepage-image-768x512.jpg 768w, https:\/\/ucc-europe.com\/wp-content\/uploads\/2025\/11\/iStock-2022435094-Swiss-homepage-image-960x640.jpg 960w, https:\/\/ucc-europe.com\/wp-content\/uploads\/2025\/11\/iStock-2022435094-Swiss-homepage-image-95x63.jpg 95w, https:\/\/ucc-europe.com\/wp-content\/uploads\/2025\/11\/iStock-2022435094-Swiss-homepage-image-200x133.jpg 200w, https:\/\/ucc-europe.com\/wp-content\/uploads\/2025\/11\/iStock-2022435094-Swiss-homepage-image-210x140.jpg 210w, https:\/\/ucc-europe.com\/wp-content\/uploads\/2025\/11\/iStock-2022435094-Swiss-homepage-image-704x469.jpg 704w, https:\/\/ucc-europe.com\/wp-content\/uploads\/2025\/11\/iStock-2022435094-Swiss-homepage-image-586x391.jpg 586w, https:\/\/ucc-europe.com\/wp-content\/uploads\/2025\/11\/iStock-2022435094-Swiss-homepage-image-600x400.jpg 600w, https:\/\/ucc-europe.com\/wp-content\/uploads\/2025\/11\/iStock-2022435094-Swiss-homepage-image-1093x729.jpg 1093w, https:\/\/ucc-europe.com\/wp-content\/uploads\/2025\/11\/iStock-2022435094-Swiss-homepage-image-374x249.jpg 374w, https:\/\/ucc-europe.com\/wp-content\/uploads\/2025\/11\/iStock-2022435094-Swiss-homepage-image-264x176.jpg 264w, https:\/\/ucc-europe.com\/wp-content\/uploads\/2025\/11\/iStock-2022435094-Swiss-homepage-image-278x185.jpg 278w, https:\/\/ucc-europe.com\/wp-content\/uploads\/2025\/11\/iStock-2022435094-Swiss-homepage-image.jpg 1254w\" sizes=\"auto, (max-width: 560px) 100vw, 560px\" \/>                                                                            <\/div>\n                                                                                                                        <h3 class='h3'>Suisse<\/h3>\n                                                                                <\/div>\n                                                    <span class='image-content-grid-item-cta-text-wrap'><span class='image-content-grid-item-cta-text btn'>En savoir plus<span><\/span><span><\/span><\/span><\/span>\n                                            <\/div>\n                                    <\/a>\n                    <\/div>\n    <\/section>","protected":false},"excerpt":{"rendered":"","protected":false},"author":1,"featured_media":1061,"parent":0,"menu_order":0,"comment_status":"closed","ping_status":"closed","template":"","meta":{"_acf_changed":false,"footnotes":""},"class_list":["post-1142","page","type-page","status-publish","has-post-thumbnail","hentry"],"acf":[],"yoast_head":"<!-- This site is optimized with the Yoast SEO plugin v27.3 - https:\/\/yoast.com\/product\/yoast-seo-wordpress\/ -->\n<title>March\u00e9s - UCC Europe<\/title>\n<meta name=\"description\" content=\"Explorez les diff\u00e9rents march\u00e9s d&#039;UCC Europe \u00e0 travers l&#039;Europe. D\u00e9couvrez comment nous adaptons nos solutions caf\u00e9 pour r\u00e9pondre aux exigences r\u00e9gionales.\" \/>\n<meta name=\"robots\" content=\"index, follow, max-snippet:-1, max-image-preview:large, max-video-preview:-1\" \/>\n<link rel=\"canonical\" href=\"https:\/\/ucc-europe.com\/fr\/marches\/\" \/>\n<meta property=\"og:locale\" content=\"fr_FR\" \/>\n<meta property=\"og:type\" content=\"article\" \/>\n<meta property=\"og:title\" content=\"March\u00e9s - UCC Europe\" \/>\n<meta property=\"og:description\" content=\"Explorez les diff\u00e9rents march\u00e9s d&#039;UCC Europe \u00e0 travers l&#039;Europe. D\u00e9couvrez comment nous adaptons nos solutions caf\u00e9 pour r\u00e9pondre aux exigences r\u00e9gionales.\" \/>\n<meta property=\"og:url\" content=\"https:\/\/ucc-europe.com\/fr\/marches\/\" \/>\n<meta property=\"og:site_name\" content=\"UCC Europe - English\" \/>\n<meta property=\"article:modified_time\" content=\"2025-11-11T11:45:56+00:00\" \/>\n<meta property=\"og:image\" content=\"https:\/\/ucc-europe.com\/wp-content\/uploads\/2025\/07\/AdobeStock_296418881-scaled.jpeg\" \/>\n\t<meta property=\"og:image:width\" content=\"2560\" \/>\n\t<meta property=\"og:image:height\" content=\"1703\" \/>\n\t<meta property=\"og:image:type\" content=\"image\/jpeg\" \/>\n<meta name=\"twitter:card\" content=\"summary_large_image\" \/>\n<script type=\"application\/ld+json\" class=\"yoast-schema-graph\">{\"@context\":\"https:\\\/\\\/schema.org\",\"@graph\":[{\"@type\":\"WebPage\",\"@id\":\"https:\\\/\\\/ucc-europe.com\\\/fr\\\/marches\\\/\",\"url\":\"https:\\\/\\\/ucc-europe.com\\\/fr\\\/marches\\\/\",\"name\":\"March\u00e9s - UCC Europe\",\"isPartOf\":{\"@id\":\"https:\\\/\\\/ucc-europe.com\\\/fr\\\/#website\"},\"primaryImageOfPage\":{\"@id\":\"https:\\\/\\\/ucc-europe.com\\\/fr\\\/marches\\\/#primaryimage\"},\"image\":{\"@id\":\"https:\\\/\\\/ucc-europe.com\\\/fr\\\/marches\\\/#primaryimage\"},\"thumbnailUrl\":\"https:\\\/\\\/ucc-europe.com\\\/wp-content\\\/uploads\\\/2025\\\/07\\\/AdobeStock_296418881-scaled.jpeg\",\"datePublished\":\"2025-07-08T15:57:45+00:00\",\"dateModified\":\"2025-11-11T11:45:56+00:00\",\"description\":\"Explorez les diff\u00e9rents march\u00e9s d'UCC Europe \u00e0 travers l'Europe. D\u00e9couvrez comment nous adaptons nos solutions caf\u00e9 pour r\u00e9pondre aux exigences r\u00e9gionales.\",\"breadcrumb\":{\"@id\":\"https:\\\/\\\/ucc-europe.com\\\/fr\\\/marches\\\/#breadcrumb\"},\"inLanguage\":\"fr-FR\",\"potentialAction\":[{\"@type\":\"ReadAction\",\"target\":[\"https:\\\/\\\/ucc-europe.com\\\/fr\\\/marches\\\/\"]}]},{\"@type\":\"ImageObject\",\"inLanguage\":\"fr-FR\",\"@id\":\"https:\\\/\\\/ucc-europe.com\\\/fr\\\/marches\\\/#primaryimage\",\"url\":\"https:\\\/\\\/ucc-europe.com\\\/wp-content\\\/uploads\\\/2025\\\/07\\\/AdobeStock_296418881-scaled.jpeg\",\"contentUrl\":\"https:\\\/\\\/ucc-europe.com\\\/wp-content\\\/uploads\\\/2025\\\/07\\\/AdobeStock_296418881-scaled.jpeg\",\"width\":2560,\"height\":1703,\"caption\":\"Close up of roasted coffee beans for background, texture and design. Selective focus.\"},{\"@type\":\"BreadcrumbList\",\"@id\":\"https:\\\/\\\/ucc-europe.com\\\/fr\\\/marches\\\/#breadcrumb\",\"itemListElement\":[{\"@type\":\"ListItem\",\"position\":1,\"name\":\"Home\",\"item\":\"https:\\\/\\\/ucc-europe.com\\\/fr\\\/\"},{\"@type\":\"ListItem\",\"position\":2,\"name\":\"March\u00e9s\"}]},{\"@type\":\"WebSite\",\"@id\":\"https:\\\/\\\/ucc-europe.com\\\/fr\\\/#website\",\"url\":\"https:\\\/\\\/ucc-europe.com\\\/fr\\\/\",\"name\":\"UCC Europe - English\",\"description\":\"\",\"potentialAction\":[{\"@type\":\"SearchAction\",\"target\":{\"@type\":\"EntryPoint\",\"urlTemplate\":\"https:\\\/\\\/ucc-europe.com\\\/fr\\\/?s={search_term_string}\"},\"query-input\":{\"@type\":\"PropertyValueSpecification\",\"valueRequired\":true,\"valueName\":\"search_term_string\"}}],\"inLanguage\":\"fr-FR\"}]}<\/script>\n<!-- \/ Yoast SEO plugin. -->","yoast_head_json":{"title":"March\u00e9s - UCC Europe","description":"Explorez les diff\u00e9rents march\u00e9s d'UCC Europe \u00e0 travers l'Europe. D\u00e9couvrez comment nous adaptons nos solutions caf\u00e9 pour r\u00e9pondre aux exigences r\u00e9gionales.","robots":{"index":"index","follow":"follow","max-snippet":"max-snippet:-1","max-image-preview":"max-image-preview:large","max-video-preview":"max-video-preview:-1"},"canonical":"https:\/\/ucc-europe.com\/fr\/marches\/","og_locale":"fr_FR","og_type":"article","og_title":"March\u00e9s - UCC Europe","og_description":"Explorez les diff\u00e9rents march\u00e9s d'UCC Europe \u00e0 travers l'Europe. D\u00e9couvrez comment nous adaptons nos solutions caf\u00e9 pour r\u00e9pondre aux exigences r\u00e9gionales.","og_url":"https:\/\/ucc-europe.com\/fr\/marches\/","og_site_name":"UCC Europe - English","article_modified_time":"2025-11-11T11:45:56+00:00","og_image":[{"width":2560,"height":1703,"url":"https:\/\/ucc-europe.com\/wp-content\/uploads\/2025\/07\/AdobeStock_296418881-scaled.jpeg","type":"image\/jpeg"}],"twitter_card":"summary_large_image","schema":{"@context":"https:\/\/schema.org","@graph":[{"@type":"WebPage","@id":"https:\/\/ucc-europe.com\/fr\/marches\/","url":"https:\/\/ucc-europe.com\/fr\/marches\/","name":"March\u00e9s - UCC Europe","isPartOf":{"@id":"https:\/\/ucc-europe.com\/fr\/#website"},"primaryImageOfPage":{"@id":"https:\/\/ucc-europe.com\/fr\/marches\/#primaryimage"},"image":{"@id":"https:\/\/ucc-europe.com\/fr\/marches\/#primaryimage"},"thumbnailUrl":"https:\/\/ucc-europe.com\/wp-content\/uploads\/2025\/07\/AdobeStock_296418881-scaled.jpeg","datePublished":"2025-07-08T15:57:45+00:00","dateModified":"2025-11-11T11:45:56+00:00","description":"Explorez les diff\u00e9rents march\u00e9s d'UCC Europe \u00e0 travers l'Europe. D\u00e9couvrez comment nous adaptons nos solutions caf\u00e9 pour r\u00e9pondre aux exigences r\u00e9gionales.","breadcrumb":{"@id":"https:\/\/ucc-europe.com\/fr\/marches\/#breadcrumb"},"inLanguage":"fr-FR","potentialAction":[{"@type":"ReadAction","target":["https:\/\/ucc-europe.com\/fr\/marches\/"]}]},{"@type":"ImageObject","inLanguage":"fr-FR","@id":"https:\/\/ucc-europe.com\/fr\/marches\/#primaryimage","url":"https:\/\/ucc-europe.com\/wp-content\/uploads\/2025\/07\/AdobeStock_296418881-scaled.jpeg","contentUrl":"https:\/\/ucc-europe.com\/wp-content\/uploads\/2025\/07\/AdobeStock_296418881-scaled.jpeg","width":2560,"height":1703,"caption":"Close up of roasted coffee beans for background, texture and design. Selective focus."},{"@type":"BreadcrumbList","@id":"https:\/\/ucc-europe.com\/fr\/marches\/#breadcrumb","itemListElement":[{"@type":"ListItem","position":1,"name":"Home","item":"https:\/\/ucc-europe.com\/fr\/"},{"@type":"ListItem","position":2,"name":"March\u00e9s"}]},{"@type":"WebSite","@id":"https:\/\/ucc-europe.com\/fr\/#website","url":"https:\/\/ucc-europe.com\/fr\/","name":"UCC Europe - English","description":"","potentialAction":[{"@type":"SearchAction","target":{"@type":"EntryPoint","urlTemplate":"https:\/\/ucc-europe.com\/fr\/?s={search_term_string}"},"query-input":{"@type":"PropertyValueSpecification","valueRequired":true,"valueName":"search_term_string"}}],"inLanguage":"fr-FR"}]}},"_links":{"self":[{"href":"https:\/\/ucc-europe.com\/fr\/wp-json\/wp\/v2\/pages\/1142","targetHints":{"allow":["GET"]}}],"collection":[{"href":"https:\/\/ucc-europe.com\/fr\/wp-json\/wp\/v2\/pages"}],"about":[{"href":"https:\/\/ucc-europe.com\/fr\/wp-json\/wp\/v2\/types\/page"}],"author":[{"embeddable":true,"href":"https:\/\/ucc-europe.com\/fr\/wp-json\/wp\/v2\/users\/1"}],"replies":[{"embeddable":true,"href":"https:\/\/ucc-europe.com\/fr\/wp-json\/wp\/v2\/comments?post=1142"}],"version-history":[{"count":0,"href":"https:\/\/ucc-europe.com\/fr\/wp-json\/wp\/v2\/pages\/1142\/revisions"}],"wp:featuredmedia":[{"embeddable":true,"href":"https:\/\/ucc-europe.com\/fr\/wp-json\/wp\/v2\/media\/1061"}],"wp:attachment":[{"href":"https:\/\/ucc-europe.com\/fr\/wp-json\/wp\/v2\/media?parent=1142"}],"curies":[{"name":"wp","href":"https:\/\/api.w.org\/{rel}","templated":true}]}}