{"id":1143,"date":"2025-07-08T15:59:23","date_gmt":"2025-07-08T15:59:23","guid":{"rendered":"https:\/\/ucceurope2024.wpenginepowered.com\/carrieres\/"},"modified":"2026-04-08T14:45:02","modified_gmt":"2026-04-08T14:45:02","slug":"carrieres","status":"publish","type":"page","link":"https:\/\/ucc-europe.com\/fr\/carrieres\/","title":{"rendered":"Carri\u00e8res"},"content":{"rendered":"\n<section\n    id=\"image-content-grid-block_7efb22116fd157555025d6ec0af08a59\"\n    class=\"block block-with-bg image-content-grid colour-palette-main\"\n    style=\"--image-grid-columns: 4; --mobile-image-grid-columns: 2;  \">\n            <header class=\"image-content-grid-header\">\n                            <h2>Voir les postes vacants dans votre r\u00e9gion<\/h2>\n                                <\/header>\n                <div class=\"image-content-grid-grid\">\n                            <a                    href='https:\/\/ucc-europe.com\/fr\/careers\/royaume-uni-et-irlande\/'\n                    class=\"image-content-grid-item colour-palette-white-background  \"\n                    style=\"background-image: url(); background-size: cover\">\n                    <div class=\"image-content-grid-item-content\">\n                        <div>\n                                                                                                <div class='image-content-grid-item-media circle full'>\n                                        <img loading=\"lazy\" decoding=\"async\" width=\"560\" height=\"372\" src=\"https:\/\/ucc-europe.com\/wp-content\/uploads\/2024\/09\/jack-finnigan-Mxqvo8hhY1s-unsplash-560x372.jpg\" class=\"attachment-image_content_grid size-image_content_grid\" alt=\"\" style=\"object-fit: cover;\" srcset=\"https:\/\/ucc-europe.com\/wp-content\/uploads\/2024\/09\/jack-finnigan-Mxqvo8hhY1s-unsplash-560x372.jpg 560w, https:\/\/ucc-europe.com\/wp-content\/uploads\/2024\/09\/jack-finnigan-Mxqvo8hhY1s-unsplash-300x199.jpg 300w, https:\/\/ucc-europe.com\/wp-content\/uploads\/2024\/09\/jack-finnigan-Mxqvo8hhY1s-unsplash-1024x680.jpg 1024w, https:\/\/ucc-europe.com\/wp-content\/uploads\/2024\/09\/jack-finnigan-Mxqvo8hhY1s-unsplash-768x510.jpg 768w, https:\/\/ucc-europe.com\/wp-content\/uploads\/2024\/09\/jack-finnigan-Mxqvo8hhY1s-unsplash-1536x1020.jpg 1536w, https:\/\/ucc-europe.com\/wp-content\/uploads\/2024\/09\/jack-finnigan-Mxqvo8hhY1s-unsplash-960x638.jpg 960w, https:\/\/ucc-europe.com\/wp-content\/uploads\/2024\/09\/jack-finnigan-Mxqvo8hhY1s-unsplash-95x63.jpg 95w, https:\/\/ucc-europe.com\/wp-content\/uploads\/2024\/09\/jack-finnigan-Mxqvo8hhY1s-unsplash-200x133.jpg 200w, https:\/\/ucc-europe.com\/wp-content\/uploads\/2024\/09\/jack-finnigan-Mxqvo8hhY1s-unsplash-210x139.jpg 210w, https:\/\/ucc-europe.com\/wp-content\/uploads\/2024\/09\/jack-finnigan-Mxqvo8hhY1s-unsplash-704x468.jpg 704w, https:\/\/ucc-europe.com\/wp-content\/uploads\/2024\/09\/jack-finnigan-Mxqvo8hhY1s-unsplash-586x389.jpg 586w, https:\/\/ucc-europe.com\/wp-content\/uploads\/2024\/09\/jack-finnigan-Mxqvo8hhY1s-unsplash-600x398.jpg 600w, https:\/\/ucc-europe.com\/wp-content\/uploads\/2024\/09\/jack-finnigan-Mxqvo8hhY1s-unsplash-1093x726.jpg 1093w, https:\/\/ucc-europe.com\/wp-content\/uploads\/2024\/09\/jack-finnigan-Mxqvo8hhY1s-unsplash-374x248.jpg 374w, https:\/\/ucc-europe.com\/wp-content\/uploads\/2024\/09\/jack-finnigan-Mxqvo8hhY1s-unsplash-1400x930.jpg 1400w, https:\/\/ucc-europe.com\/wp-content\/uploads\/2024\/09\/jack-finnigan-Mxqvo8hhY1s-unsplash-264x175.jpg 264w, https:\/\/ucc-europe.com\/wp-content\/uploads\/2024\/09\/jack-finnigan-Mxqvo8hhY1s-unsplash-278x185.jpg 278w, https:\/\/ucc-europe.com\/wp-content\/uploads\/2024\/09\/jack-finnigan-Mxqvo8hhY1s-unsplash.jpg 1920w\" sizes=\"auto, (max-width: 560px) 100vw, 560px\" \/>                                                                            <\/div>\n                                                                                                                        <h3 class='h3'>Royaume-Uni et Irlande<\/h3>\n                                                                                <\/div>\n                                                    <span class='image-content-grid-item-cta-text-wrap'><span class='image-content-grid-item-cta-text btn'>En savoir plus<span><\/span><span><\/span><\/span><\/span>\n                                            <\/div>\n                                    <\/a>\n                            <a                    href='https:\/\/ucc-europe.com\/fr\/careers\/benelux\/'\n                    class=\"image-content-grid-item colour-palette-white-background  \"\n                    style=\"background-image: url(); background-size: cover\">\n                    <div class=\"image-content-grid-item-content\">\n                        <div>\n                                                                                                <div class='image-content-grid-item-media circle full'>\n                                        <img loading=\"lazy\" decoding=\"async\" width=\"560\" height=\"384\" src=\"https:\/\/ucc-europe.com\/wp-content\/uploads\/2025\/11\/amsterdam-3714607-560x384.jpg\" class=\"attachment-image_content_grid size-image_content_grid\" alt=\"\" style=\"object-fit: cover;\" srcset=\"https:\/\/ucc-europe.com\/wp-content\/uploads\/2025\/11\/amsterdam-3714607-560x384.jpg 560w, https:\/\/ucc-europe.com\/wp-content\/uploads\/2025\/11\/amsterdam-3714607-300x206.jpg 300w, https:\/\/ucc-europe.com\/wp-content\/uploads\/2025\/11\/amsterdam-3714607-1024x702.jpg 1024w, https:\/\/ucc-europe.com\/wp-content\/uploads\/2025\/11\/amsterdam-3714607-768x527.jpg 768w, https:\/\/ucc-europe.com\/wp-content\/uploads\/2025\/11\/amsterdam-3714607-1536x1054.jpg 1536w, https:\/\/ucc-europe.com\/wp-content\/uploads\/2025\/11\/amsterdam-3714607-960x659.jpg 960w, https:\/\/ucc-europe.com\/wp-content\/uploads\/2025\/11\/amsterdam-3714607-95x65.jpg 95w, https:\/\/ucc-europe.com\/wp-content\/uploads\/2025\/11\/amsterdam-3714607-200x137.jpg 200w, https:\/\/ucc-europe.com\/wp-content\/uploads\/2025\/11\/amsterdam-3714607-210x144.jpg 210w, https:\/\/ucc-europe.com\/wp-content\/uploads\/2025\/11\/amsterdam-3714607-704x483.jpg 704w, https:\/\/ucc-europe.com\/wp-content\/uploads\/2025\/11\/amsterdam-3714607-586x402.jpg 586w, https:\/\/ucc-europe.com\/wp-content\/uploads\/2025\/11\/amsterdam-3714607-600x412.jpg 600w, https:\/\/ucc-europe.com\/wp-content\/uploads\/2025\/11\/amsterdam-3714607-1093x750.jpg 1093w, https:\/\/ucc-europe.com\/wp-content\/uploads\/2025\/11\/amsterdam-3714607-374x257.jpg 374w, https:\/\/ucc-europe.com\/wp-content\/uploads\/2025\/11\/amsterdam-3714607-1400x960.jpg 1400w, https:\/\/ucc-europe.com\/wp-content\/uploads\/2025\/11\/amsterdam-3714607-264x181.jpg 264w, https:\/\/ucc-europe.com\/wp-content\/uploads\/2025\/11\/amsterdam-3714607-278x191.jpg 278w, https:\/\/ucc-europe.com\/wp-content\/uploads\/2025\/11\/amsterdam-3714607.jpg 1920w\" sizes=\"auto, (max-width: 560px) 100vw, 560px\" \/>                                                                            <\/div>\n                                                                                                                        <h3 class='h3'>Benelux<\/h3>\n                                                                                <\/div>\n                                                    <span class='image-content-grid-item-cta-text-wrap'><span class='image-content-grid-item-cta-text btn'>En savoir plus<span><\/span><span><\/span><\/span><\/span>\n                                            <\/div>\n                                    <\/a>\n                            <a                    href='https:\/\/ucc-europe.com\/fr\/careers\/espagne-et-portugal\/'\n                    class=\"image-content-grid-item colour-palette-white-background  \"\n                    style=\"background-image: url(); background-size: cover\">\n                    <div class=\"image-content-grid-item-content\">\n                        <div>\n                                                                                                <div class='image-content-grid-item-media circle full'>\n                                        <img loading=\"lazy\" decoding=\"async\" width=\"560\" height=\"373\" src=\"https:\/\/ucc-europe.com\/wp-content\/uploads\/2025\/10\/spain-560x373.jpg\" class=\"attachment-image_content_grid size-image_content_grid\" alt=\"\" style=\"object-fit: cover;\" srcset=\"https:\/\/ucc-europe.com\/wp-content\/uploads\/2025\/10\/spain-560x373.jpg 560w, https:\/\/ucc-europe.com\/wp-content\/uploads\/2025\/10\/spain-300x200.jpg 300w, https:\/\/ucc-europe.com\/wp-content\/uploads\/2025\/10\/spain-1024x683.jpg 1024w, https:\/\/ucc-europe.com\/wp-content\/uploads\/2025\/10\/spain-768x512.jpg 768w, https:\/\/ucc-europe.com\/wp-content\/uploads\/2025\/10\/spain-1536x1024.jpg 1536w, https:\/\/ucc-europe.com\/wp-content\/uploads\/2025\/10\/spain-960x640.jpg 960w, https:\/\/ucc-europe.com\/wp-content\/uploads\/2025\/10\/spain-95x63.jpg 95w, https:\/\/ucc-europe.com\/wp-content\/uploads\/2025\/10\/spain-200x133.jpg 200w, https:\/\/ucc-europe.com\/wp-content\/uploads\/2025\/10\/spain-210x140.jpg 210w, https:\/\/ucc-europe.com\/wp-content\/uploads\/2025\/10\/spain-704x469.jpg 704w, https:\/\/ucc-europe.com\/wp-content\/uploads\/2025\/10\/spain-586x391.jpg 586w, https:\/\/ucc-europe.com\/wp-content\/uploads\/2025\/10\/spain-600x400.jpg 600w, https:\/\/ucc-europe.com\/wp-content\/uploads\/2025\/10\/spain-1093x729.jpg 1093w, https:\/\/ucc-europe.com\/wp-content\/uploads\/2025\/10\/spain-374x249.jpg 374w, https:\/\/ucc-europe.com\/wp-content\/uploads\/2025\/10\/spain-1400x933.jpg 1400w, https:\/\/ucc-europe.com\/wp-content\/uploads\/2025\/10\/spain-264x176.jpg 264w, https:\/\/ucc-europe.com\/wp-content\/uploads\/2025\/10\/spain-278x185.jpg 278w, https:\/\/ucc-europe.com\/wp-content\/uploads\/2025\/10\/spain.jpg 1920w\" sizes=\"auto, (max-width: 560px) 100vw, 560px\" \/>                                                                            <\/div>\n                                                                                                                        <h3 class='h3'>Espagne et Portugal<\/h3>\n                                                                                <\/div>\n                                                    <span class='image-content-grid-item-cta-text-wrap'><span class='image-content-grid-item-cta-text btn'>En savoir plus<span><\/span><span><\/span><\/span><\/span>\n                                            <\/div>\n                                    <\/a>\n                            <a                    href='https:\/\/ucc-europe.com\/fr\/careers\/suisse\/'\n                    class=\"image-content-grid-item colour-palette-white-background  \"\n                    style=\"background-image: url(); background-size: cover\">\n                    <div class=\"image-content-grid-item-content\">\n                        <div>\n                                                                                                <div class='image-content-grid-item-media circle full'>\n                                        <img loading=\"lazy\" decoding=\"async\" width=\"560\" height=\"373\" src=\"https:\/\/ucc-europe.com\/wp-content\/uploads\/2025\/11\/iStock-2022435094-Swiss-homepage-image-560x373.jpg\" class=\"attachment-image_content_grid size-image_content_grid\" alt=\"\" style=\"object-fit: cover;\" srcset=\"https:\/\/ucc-europe.com\/wp-content\/uploads\/2025\/11\/iStock-2022435094-Swiss-homepage-image-560x373.jpg 560w, https:\/\/ucc-europe.com\/wp-content\/uploads\/2025\/11\/iStock-2022435094-Swiss-homepage-image-300x200.jpg 300w, https:\/\/ucc-europe.com\/wp-content\/uploads\/2025\/11\/iStock-2022435094-Swiss-homepage-image-1024x683.jpg 1024w, https:\/\/ucc-europe.com\/wp-content\/uploads\/2025\/11\/iStock-2022435094-Swiss-homepage-image-768x512.jpg 768w, https:\/\/ucc-europe.com\/wp-content\/uploads\/2025\/11\/iStock-2022435094-Swiss-homepage-image-960x640.jpg 960w, https:\/\/ucc-europe.com\/wp-content\/uploads\/2025\/11\/iStock-2022435094-Swiss-homepage-image-95x63.jpg 95w, https:\/\/ucc-europe.com\/wp-content\/uploads\/2025\/11\/iStock-2022435094-Swiss-homepage-image-200x133.jpg 200w, https:\/\/ucc-europe.com\/wp-content\/uploads\/2025\/11\/iStock-2022435094-Swiss-homepage-image-210x140.jpg 210w, https:\/\/ucc-europe.com\/wp-content\/uploads\/2025\/11\/iStock-2022435094-Swiss-homepage-image-704x469.jpg 704w, https:\/\/ucc-europe.com\/wp-content\/uploads\/2025\/11\/iStock-2022435094-Swiss-homepage-image-586x391.jpg 586w, https:\/\/ucc-europe.com\/wp-content\/uploads\/2025\/11\/iStock-2022435094-Swiss-homepage-image-600x400.jpg 600w, https:\/\/ucc-europe.com\/wp-content\/uploads\/2025\/11\/iStock-2022435094-Swiss-homepage-image-1093x729.jpg 1093w, https:\/\/ucc-europe.com\/wp-content\/uploads\/2025\/11\/iStock-2022435094-Swiss-homepage-image-374x249.jpg 374w, https:\/\/ucc-europe.com\/wp-content\/uploads\/2025\/11\/iStock-2022435094-Swiss-homepage-image-264x176.jpg 264w, https:\/\/ucc-europe.com\/wp-content\/uploads\/2025\/11\/iStock-2022435094-Swiss-homepage-image-278x185.jpg 278w, https:\/\/ucc-europe.com\/wp-content\/uploads\/2025\/11\/iStock-2022435094-Swiss-homepage-image.jpg 1254w\" sizes=\"auto, (max-width: 560px) 100vw, 560px\" \/>                                                                            <\/div>\n                                                                                                                        <h3 class='h3'>Suisse<\/h3>\n                                                                                <\/div>\n                                                    <span class='image-content-grid-item-cta-text-wrap'><span class='image-content-grid-item-cta-text btn'>En savoir plus<span><\/span><span><\/span><\/span><\/span>\n                                            <\/div>\n                                    <\/a>\n                    <\/div>\n    <\/section>","protected":false},"excerpt":{"rendered":"","protected":false},"author":1,"featured_media":1068,"parent":0,"menu_order":0,"comment_status":"closed","ping_status":"closed","template":"","meta":{"_acf_changed":false,"footnotes":""},"class_list":["post-1143","page","type-page","status-publish","has-post-thumbnail","hentry"],"acf":[],"yoast_head":"<!-- This site is optimized with the Yoast SEO plugin v27.3 - https:\/\/yoast.com\/product\/yoast-seo-wordpress\/ -->\n<title>Carri\u00e8res - UCC Europe<\/title>\n<meta name=\"description\" content=\"D\u00e9couvrez des opportunit\u00e9s de carri\u00e8re passionnantes chez UCC Europe. Rejoignez notre \u00e9quipe dynamique et contribuez \u00e0 notre passion pour l&#039;excellence du caf\u00e9.\" \/>\n<meta name=\"robots\" content=\"index, follow, max-snippet:-1, max-image-preview:large, max-video-preview:-1\" \/>\n<link rel=\"canonical\" href=\"https:\/\/ucc-europe.com\/fr\/carrieres\/\" \/>\n<meta property=\"og:locale\" content=\"fr_FR\" \/>\n<meta property=\"og:type\" content=\"article\" \/>\n<meta property=\"og:title\" content=\"Carri\u00e8res - UCC Europe\" \/>\n<meta property=\"og:description\" content=\"D\u00e9couvrez des opportunit\u00e9s de carri\u00e8re passionnantes chez UCC Europe. Rejoignez notre \u00e9quipe dynamique et contribuez \u00e0 notre passion pour l&#039;excellence du caf\u00e9.\" \/>\n<meta property=\"og:url\" content=\"https:\/\/ucc-europe.com\/fr\/carrieres\/\" \/>\n<meta property=\"og:site_name\" content=\"UCC Europe - English\" \/>\n<meta property=\"article:modified_time\" content=\"2026-04-08T14:45:02+00:00\" \/>\n<meta property=\"og:image\" content=\"https:\/\/ucc-europe.com\/wp-content\/uploads\/2025\/07\/AdobeStock_101821089-scaled.jpeg\" \/>\n\t<meta property=\"og:image:width\" content=\"2560\" \/>\n\t<meta property=\"og:image:height\" content=\"1709\" \/>\n\t<meta property=\"og:image:type\" content=\"image\/jpeg\" \/>\n<meta name=\"twitter:card\" content=\"summary_large_image\" \/>\n<script type=\"application\/ld+json\" class=\"yoast-schema-graph\">{\"@context\":\"https:\\\/\\\/schema.org\",\"@graph\":[{\"@type\":\"WebPage\",\"@id\":\"https:\\\/\\\/ucc-europe.com\\\/fr\\\/carrieres\\\/\",\"url\":\"https:\\\/\\\/ucc-europe.com\\\/fr\\\/carrieres\\\/\",\"name\":\"Carri\u00e8res - UCC Europe\",\"isPartOf\":{\"@id\":\"https:\\\/\\\/ucc-europe.com\\\/fr\\\/#website\"},\"primaryImageOfPage\":{\"@id\":\"https:\\\/\\\/ucc-europe.com\\\/fr\\\/carrieres\\\/#primaryimage\"},\"image\":{\"@id\":\"https:\\\/\\\/ucc-europe.com\\\/fr\\\/carrieres\\\/#primaryimage\"},\"thumbnailUrl\":\"https:\\\/\\\/ucc-europe.com\\\/wp-content\\\/uploads\\\/2025\\\/07\\\/AdobeStock_101821089-scaled.jpeg\",\"datePublished\":\"2025-07-08T15:59:23+00:00\",\"dateModified\":\"2026-04-08T14:45:02+00:00\",\"description\":\"D\u00e9couvrez des opportunit\u00e9s de carri\u00e8re passionnantes chez UCC Europe. Rejoignez notre \u00e9quipe dynamique et contribuez \u00e0 notre passion pour l'excellence du caf\u00e9.\",\"breadcrumb\":{\"@id\":\"https:\\\/\\\/ucc-europe.com\\\/fr\\\/carrieres\\\/#breadcrumb\"},\"inLanguage\":\"fr-FR\",\"potentialAction\":[{\"@type\":\"ReadAction\",\"target\":[\"https:\\\/\\\/ucc-europe.com\\\/fr\\\/carrieres\\\/\"]}]},{\"@type\":\"ImageObject\",\"inLanguage\":\"fr-FR\",\"@id\":\"https:\\\/\\\/ucc-europe.com\\\/fr\\\/carrieres\\\/#primaryimage\",\"url\":\"https:\\\/\\\/ucc-europe.com\\\/wp-content\\\/uploads\\\/2025\\\/07\\\/AdobeStock_101821089-scaled.jpeg\",\"contentUrl\":\"https:\\\/\\\/ucc-europe.com\\\/wp-content\\\/uploads\\\/2025\\\/07\\\/AdobeStock_101821089-scaled.jpeg\",\"width\":2560,\"height\":1709,\"caption\":\"Processed with VSCOcam with j1 preset\"},{\"@type\":\"BreadcrumbList\",\"@id\":\"https:\\\/\\\/ucc-europe.com\\\/fr\\\/carrieres\\\/#breadcrumb\",\"itemListElement\":[{\"@type\":\"ListItem\",\"position\":1,\"name\":\"Home\",\"item\":\"https:\\\/\\\/ucc-europe.com\\\/fr\\\/\"},{\"@type\":\"ListItem\",\"position\":2,\"name\":\"Carri\u00e8res\"}]},{\"@type\":\"WebSite\",\"@id\":\"https:\\\/\\\/ucc-europe.com\\\/fr\\\/#website\",\"url\":\"https:\\\/\\\/ucc-europe.com\\\/fr\\\/\",\"name\":\"UCC Europe - English\",\"description\":\"\",\"potentialAction\":[{\"@type\":\"SearchAction\",\"target\":{\"@type\":\"EntryPoint\",\"urlTemplate\":\"https:\\\/\\\/ucc-europe.com\\\/fr\\\/?s={search_term_string}\"},\"query-input\":{\"@type\":\"PropertyValueSpecification\",\"valueRequired\":true,\"valueName\":\"search_term_string\"}}],\"inLanguage\":\"fr-FR\"}]}<\/script>\n<!-- \/ Yoast SEO plugin. -->","yoast_head_json":{"title":"Carri\u00e8res - UCC Europe","description":"D\u00e9couvrez des opportunit\u00e9s de carri\u00e8re passionnantes chez UCC Europe. Rejoignez notre \u00e9quipe dynamique et contribuez \u00e0 notre passion pour l'excellence du caf\u00e9.","robots":{"index":"index","follow":"follow","max-snippet":"max-snippet:-1","max-image-preview":"max-image-preview:large","max-video-preview":"max-video-preview:-1"},"canonical":"https:\/\/ucc-europe.com\/fr\/carrieres\/","og_locale":"fr_FR","og_type":"article","og_title":"Carri\u00e8res - UCC Europe","og_description":"D\u00e9couvrez des opportunit\u00e9s de carri\u00e8re passionnantes chez UCC Europe. Rejoignez notre \u00e9quipe dynamique et contribuez \u00e0 notre passion pour l'excellence du caf\u00e9.","og_url":"https:\/\/ucc-europe.com\/fr\/carrieres\/","og_site_name":"UCC Europe - English","article_modified_time":"2026-04-08T14:45:02+00:00","og_image":[{"width":2560,"height":1709,"url":"https:\/\/ucc-europe.com\/wp-content\/uploads\/2025\/07\/AdobeStock_101821089-scaled.jpeg","type":"image\/jpeg"}],"twitter_card":"summary_large_image","schema":{"@context":"https:\/\/schema.org","@graph":[{"@type":"WebPage","@id":"https:\/\/ucc-europe.com\/fr\/carrieres\/","url":"https:\/\/ucc-europe.com\/fr\/carrieres\/","name":"Carri\u00e8res - UCC Europe","isPartOf":{"@id":"https:\/\/ucc-europe.com\/fr\/#website"},"primaryImageOfPage":{"@id":"https:\/\/ucc-europe.com\/fr\/carrieres\/#primaryimage"},"image":{"@id":"https:\/\/ucc-europe.com\/fr\/carrieres\/#primaryimage"},"thumbnailUrl":"https:\/\/ucc-europe.com\/wp-content\/uploads\/2025\/07\/AdobeStock_101821089-scaled.jpeg","datePublished":"2025-07-08T15:59:23+00:00","dateModified":"2026-04-08T14:45:02+00:00","description":"D\u00e9couvrez des opportunit\u00e9s de carri\u00e8re passionnantes chez UCC Europe. Rejoignez notre \u00e9quipe dynamique et contribuez \u00e0 notre passion pour l'excellence du caf\u00e9.","breadcrumb":{"@id":"https:\/\/ucc-europe.com\/fr\/carrieres\/#breadcrumb"},"inLanguage":"fr-FR","potentialAction":[{"@type":"ReadAction","target":["https:\/\/ucc-europe.com\/fr\/carrieres\/"]}]},{"@type":"ImageObject","inLanguage":"fr-FR","@id":"https:\/\/ucc-europe.com\/fr\/carrieres\/#primaryimage","url":"https:\/\/ucc-europe.com\/wp-content\/uploads\/2025\/07\/AdobeStock_101821089-scaled.jpeg","contentUrl":"https:\/\/ucc-europe.com\/wp-content\/uploads\/2025\/07\/AdobeStock_101821089-scaled.jpeg","width":2560,"height":1709,"caption":"Processed with VSCOcam with j1 preset"},{"@type":"BreadcrumbList","@id":"https:\/\/ucc-europe.com\/fr\/carrieres\/#breadcrumb","itemListElement":[{"@type":"ListItem","position":1,"name":"Home","item":"https:\/\/ucc-europe.com\/fr\/"},{"@type":"ListItem","position":2,"name":"Carri\u00e8res"}]},{"@type":"WebSite","@id":"https:\/\/ucc-europe.com\/fr\/#website","url":"https:\/\/ucc-europe.com\/fr\/","name":"UCC Europe - English","description":"","potentialAction":[{"@type":"SearchAction","target":{"@type":"EntryPoint","urlTemplate":"https:\/\/ucc-europe.com\/fr\/?s={search_term_string}"},"query-input":{"@type":"PropertyValueSpecification","valueRequired":true,"valueName":"search_term_string"}}],"inLanguage":"fr-FR"}]}},"_links":{"self":[{"href":"https:\/\/ucc-europe.com\/fr\/wp-json\/wp\/v2\/pages\/1143","targetHints":{"allow":["GET"]}}],"collection":[{"href":"https:\/\/ucc-europe.com\/fr\/wp-json\/wp\/v2\/pages"}],"about":[{"href":"https:\/\/ucc-europe.com\/fr\/wp-json\/wp\/v2\/types\/page"}],"author":[{"embeddable":true,"href":"https:\/\/ucc-europe.com\/fr\/wp-json\/wp\/v2\/users\/1"}],"replies":[{"embeddable":true,"href":"https:\/\/ucc-europe.com\/fr\/wp-json\/wp\/v2\/comments?post=1143"}],"version-history":[{"count":0,"href":"https:\/\/ucc-europe.com\/fr\/wp-json\/wp\/v2\/pages\/1143\/revisions"}],"wp:featuredmedia":[{"embeddable":true,"href":"https:\/\/ucc-europe.com\/fr\/wp-json\/wp\/v2\/media\/1068"}],"wp:attachment":[{"href":"https:\/\/ucc-europe.com\/fr\/wp-json\/wp\/v2\/media?parent=1143"}],"curies":[{"name":"wp","href":"https:\/\/api.w.org\/{rel}","templated":true}]}}