{"id":1148,"date":"2025-07-08T10:04:38","date_gmt":"2025-07-08T10:04:38","guid":{"rendered":"https:\/\/ucceurope2024.wpenginepowered.com\/durabilite\/approvisionnement-durable\/"},"modified":"2025-11-06T09:54:17","modified_gmt":"2025-11-06T09:54:17","slug":"approvisionnement-durable","status":"publish","type":"page","link":"https:\/\/ucc-europe.com\/fr\/durabilite\/approvisionnement-durable\/","title":{"rendered":"Approvisionnement durable"},"content":{"rendered":"\n<section id=\"content-block_b299a5b09cb4d1109975da647e951e25\" class=\"block quote-block colour-palette-main block-with-bg\">\n    <div class='quote-block-wrap'>\n        <div class='quote-block-content'>\n            <p>Le caf\u00e9 est notre activit\u00e9 depuis plus de 200 ans, soutenant les moyens de subsistance des populations du monde entier. Mais cette activit\u00e9 ne peut continuer sans un secteur durable o\u00f9 le caf\u00e9 est produit, transform\u00e9 et utilis\u00e9 de mani\u00e8re responsable. C&rsquo;est pourquoi nous nous investissons tant dans la conduite du changement au sein de notre industrie.  <\/p>\n                    <\/div>\n            <\/div>\n<\/section>\n<h2 class=\"wp-block-heading\"><strong><strong>DROITS HUMAINS<\/strong><\/strong><\/h2>\n\n<p>Nous nous engageons \u00e0 exercer une diligence raisonnable conform\u00e9ment aux Principes directeurs des Nations Unies relatifs aux entreprises et aux droits de l&rsquo;homme.<\/p>\n\n<p>Chaque ann\u00e9e, nous publions un Rapport de conformit\u00e9 UCC Swiss et un Modern Slavery Statement<em>,<\/em> conform\u00e9ment respectivement \u00e0 l&rsquo;article 964j-k du Code suisse des obligations et \u00e0 la section 54 du Modern Slavery Act 2015.<\/p>\n\n<p>Nous avons mis en place des processus solides de gestion des risques, de gestion des fournisseurs et de traitement des r\u00e9clamations, nous permettant d&rsquo;\u00e9valuer tout probl\u00e8me dans notre cha\u00eene d&rsquo;approvisionnement et de les att\u00e9nuer ou d&rsquo;y rem\u00e9dier efficacement.<\/p>\n\n<div class=\"wp-block-buttons is-layout-flex wp-block-buttons-is-layout-flex\">\n<div class=\"wp-block-button\"><a class=\"wp-block-button__link wp-element-button\" href=\"\/wp-content\/uploads\/2025\/10\/UCC27498-UK-FY2025-MSA-Statement_FINAL-06.08.25.pdf\" target=\"_blank\" rel=\"noreferrer noopener\">Rapport sur l&rsquo;esclavage moderne au Royaume-Uni<span><\/span><span><\/span><\/a><\/div>\n\n\n\n<div class=\"wp-block-button\"><a class=\"wp-block-button__link wp-element-button\" href=\"\/wp-content\/uploads\/2025\/09\/UCC27498-Europe-FY2025-MSA-Statement_FB_V4-FINAL-1.pdf\" target=\"_blank\" rel=\"noreferrer noopener\">Rapport sur l&rsquo;esclavage moderne en Europe<span><\/span><span><\/span><\/a><\/div>\n<\/div>\n\n<h2 class=\"wp-block-heading\"><strong>IMPACT POSITIF SUR LA NATURE<\/strong><\/h2>\n\n<p>UCC s&rsquo;est engag\u00e9 dans un objectif mondial de z\u00e9ro d\u00e9forestation, ce qui signifie que notre approvisionnement en caf\u00e9 n&rsquo;impliquera ni d\u00e9forestation ni conversion des terres. Notre activit\u00e9 europ\u00e9enne s&rsquo;est engag\u00e9e \u00e0 atteindre cet objectif en 2025. <\/p>\n\n<p>Le R\u00e8glement de l&rsquo;UE sur les produits sans d\u00e9forestation (EUDR) est un axe prioritaire pour UCC, et nous travaillons activement avec l&rsquo;European Coffee Federation et les Associations Nationales, dont nous sommes fiers d&rsquo;\u00eatre membres, pour garantir notre capacit\u00e9 \u00e0 atteindre notre objectif 2025.<\/p>\n\n<p>Au-del\u00e0 de l&rsquo;Europe, nous collaborons \u00e9galement avec nos coll\u00e8gues internationaux pour orienter les investissements vers un caf\u00e9 \u00e0 impact positif sur la nature, en commen\u00e7ant par quatre pays d&rsquo;origine cl\u00e9s : le Br\u00e9sil, l&rsquo;Ouganda, le Vietnam et la Tanzanie.<\/p>\n\n<h2 class=\"wp-block-heading\"><strong>ASSURANCE \u00c9THIQUE<\/strong><\/h2>\n\n<p>Nos sites de torr\u00e9faction sont audit\u00e9s par plusieurs organisations ind\u00e9pendantes, notamment SEDEX et BRC. UCC r\u00e9alise \u00e9galement des audits volontaires par des tiers sur les sujets ESG, notamment CDP, TCFD et EcoVadis. <\/p>\n\n<p>Nous maintenons les normes et les processus n\u00e9cessaires pour offrir \u00e0 nos clients un large choix de certifications de durabilit\u00e9, notamment Rainforest Alliance, Fairtrade et Soil Association Organic.<\/p>\n","protected":false},"excerpt":{"rendered":"<p>DROITS HUMAINS Nous nous engageons \u00e0 exercer une diligence raisonnable conform\u00e9ment aux Principes directeurs des Nations Unies relatifs aux entreprises et aux droits de l&rsquo;homme. Chaque ann\u00e9e, nous publions un Rapport de conformit\u00e9 UCC Swiss et un Modern Slavery Statement, conform\u00e9ment respectivement \u00e0 l&rsquo;article 964j-k du Code suisse des obligations et \u00e0 la section 54&#8230;<\/p>\n","protected":false},"author":1,"featured_media":1978,"parent":1141,"menu_order":0,"comment_status":"closed","ping_status":"closed","template":"","meta":{"_acf_changed":false,"footnotes":""},"class_list":["post-1148","page","type-page","status-publish","has-post-thumbnail","hentry"],"acf":[],"yoast_head":"<!-- This site is optimized with the Yoast SEO plugin v27.3 - https:\/\/yoast.com\/product\/yoast-seo-wordpress\/ -->\n<title>Approvisionnement durable - UCC Europe<\/title>\n<meta name=\"description\" content=\"D\u00e9couvrez les pratiques d&#039;approvisionnement durable d&#039;UCC Europe. Apprenez comment nous assurons un approvisionnement en caf\u00e9 \u00e9thique et responsable.\" \/>\n<meta name=\"robots\" content=\"index, follow, max-snippet:-1, max-image-preview:large, max-video-preview:-1\" \/>\n<link rel=\"canonical\" href=\"https:\/\/ucc-europe.com\/fr\/durabilite\/approvisionnement-durable\/\" \/>\n<meta property=\"og:locale\" content=\"fr_FR\" \/>\n<meta property=\"og:type\" content=\"article\" \/>\n<meta property=\"og:title\" content=\"Approvisionnement durable - UCC Europe\" \/>\n<meta property=\"og:description\" content=\"D\u00e9couvrez les pratiques d&#039;approvisionnement durable d&#039;UCC Europe. Apprenez comment nous assurons un approvisionnement en caf\u00e9 \u00e9thique et responsable.\" \/>\n<meta property=\"og:url\" content=\"https:\/\/ucc-europe.com\/fr\/durabilite\/approvisionnement-durable\/\" \/>\n<meta property=\"og:site_name\" content=\"UCC Europe - English\" \/>\n<meta property=\"article:modified_time\" content=\"2025-11-06T09:54:17+00:00\" \/>\n<meta property=\"og:image\" content=\"https:\/\/ucc-europe.com\/wp-content\/uploads\/2025\/08\/VFET123_062_3500-px-scaled.jpg\" \/>\n\t<meta property=\"og:image:width\" content=\"2560\" \/>\n\t<meta property=\"og:image:height\" content=\"1706\" \/>\n\t<meta property=\"og:image:type\" content=\"image\/jpeg\" \/>\n<meta name=\"twitter:card\" content=\"summary_large_image\" \/>\n<meta name=\"twitter:label1\" content=\"Dur\u00e9e de lecture estim\u00e9e\" \/>\n\t<meta name=\"twitter:data1\" content=\"2 minutes\" \/>\n<script type=\"application\/ld+json\" class=\"yoast-schema-graph\">{\"@context\":\"https:\\\/\\\/schema.org\",\"@graph\":[{\"@type\":\"WebPage\",\"@id\":\"https:\\\/\\\/ucc-europe.com\\\/fr\\\/durabilite\\\/approvisionnement-durable\\\/\",\"url\":\"https:\\\/\\\/ucc-europe.com\\\/fr\\\/durabilite\\\/approvisionnement-durable\\\/\",\"name\":\"Approvisionnement durable - UCC Europe\",\"isPartOf\":{\"@id\":\"https:\\\/\\\/ucc-europe.com\\\/fr\\\/#website\"},\"primaryImageOfPage\":{\"@id\":\"https:\\\/\\\/ucc-europe.com\\\/fr\\\/durabilite\\\/approvisionnement-durable\\\/#primaryimage\"},\"image\":{\"@id\":\"https:\\\/\\\/ucc-europe.com\\\/fr\\\/durabilite\\\/approvisionnement-durable\\\/#primaryimage\"},\"thumbnailUrl\":\"https:\\\/\\\/ucc-europe.com\\\/wp-content\\\/uploads\\\/2025\\\/08\\\/VFET123_062_3500-px-scaled.jpg\",\"datePublished\":\"2025-07-08T10:04:38+00:00\",\"dateModified\":\"2025-11-06T09:54:17+00:00\",\"description\":\"D\u00e9couvrez les pratiques d'approvisionnement durable d'UCC Europe. Apprenez comment nous assurons un approvisionnement en caf\u00e9 \u00e9thique et responsable.\",\"breadcrumb\":{\"@id\":\"https:\\\/\\\/ucc-europe.com\\\/fr\\\/durabilite\\\/approvisionnement-durable\\\/#breadcrumb\"},\"inLanguage\":\"fr-FR\",\"potentialAction\":[{\"@type\":\"ReadAction\",\"target\":[\"https:\\\/\\\/ucc-europe.com\\\/fr\\\/durabilite\\\/approvisionnement-durable\\\/\"]}]},{\"@type\":\"ImageObject\",\"inLanguage\":\"fr-FR\",\"@id\":\"https:\\\/\\\/ucc-europe.com\\\/fr\\\/durabilite\\\/approvisionnement-durable\\\/#primaryimage\",\"url\":\"https:\\\/\\\/ucc-europe.com\\\/wp-content\\\/uploads\\\/2025\\\/08\\\/VFET123_062_3500-px-scaled.jpg\",\"contentUrl\":\"https:\\\/\\\/ucc-europe.com\\\/wp-content\\\/uploads\\\/2025\\\/08\\\/VFET123_062_3500-px-scaled.jpg\",\"width\":2560,\"height\":1706},{\"@type\":\"BreadcrumbList\",\"@id\":\"https:\\\/\\\/ucc-europe.com\\\/fr\\\/durabilite\\\/approvisionnement-durable\\\/#breadcrumb\",\"itemListElement\":[{\"@type\":\"ListItem\",\"position\":1,\"name\":\"Home\",\"item\":\"https:\\\/\\\/ucc-europe.com\\\/fr\\\/\"},{\"@type\":\"ListItem\",\"position\":2,\"name\":\"D\u00e9veloppement durable\",\"item\":\"https:\\\/\\\/ucc-europe.com\\\/fr\\\/durabilite\\\/\"},{\"@type\":\"ListItem\",\"position\":3,\"name\":\"Approvisionnement durable\"}]},{\"@type\":\"WebSite\",\"@id\":\"https:\\\/\\\/ucc-europe.com\\\/fr\\\/#website\",\"url\":\"https:\\\/\\\/ucc-europe.com\\\/fr\\\/\",\"name\":\"UCC Europe - English\",\"description\":\"\",\"potentialAction\":[{\"@type\":\"SearchAction\",\"target\":{\"@type\":\"EntryPoint\",\"urlTemplate\":\"https:\\\/\\\/ucc-europe.com\\\/fr\\\/?s={search_term_string}\"},\"query-input\":{\"@type\":\"PropertyValueSpecification\",\"valueRequired\":true,\"valueName\":\"search_term_string\"}}],\"inLanguage\":\"fr-FR\"}]}<\/script>\n<!-- \/ Yoast SEO plugin. -->","yoast_head_json":{"title":"Approvisionnement durable - UCC Europe","description":"D\u00e9couvrez les pratiques d'approvisionnement durable d'UCC Europe. Apprenez comment nous assurons un approvisionnement en caf\u00e9 \u00e9thique et responsable.","robots":{"index":"index","follow":"follow","max-snippet":"max-snippet:-1","max-image-preview":"max-image-preview:large","max-video-preview":"max-video-preview:-1"},"canonical":"https:\/\/ucc-europe.com\/fr\/durabilite\/approvisionnement-durable\/","og_locale":"fr_FR","og_type":"article","og_title":"Approvisionnement durable - UCC Europe","og_description":"D\u00e9couvrez les pratiques d'approvisionnement durable d'UCC Europe. Apprenez comment nous assurons un approvisionnement en caf\u00e9 \u00e9thique et responsable.","og_url":"https:\/\/ucc-europe.com\/fr\/durabilite\/approvisionnement-durable\/","og_site_name":"UCC Europe - English","article_modified_time":"2025-11-06T09:54:17+00:00","og_image":[{"width":2560,"height":1706,"url":"https:\/\/ucc-europe.com\/wp-content\/uploads\/2025\/08\/VFET123_062_3500-px-scaled.jpg","type":"image\/jpeg"}],"twitter_card":"summary_large_image","twitter_misc":{"Dur\u00e9e de lecture estim\u00e9e":"2 minutes"},"schema":{"@context":"https:\/\/schema.org","@graph":[{"@type":"WebPage","@id":"https:\/\/ucc-europe.com\/fr\/durabilite\/approvisionnement-durable\/","url":"https:\/\/ucc-europe.com\/fr\/durabilite\/approvisionnement-durable\/","name":"Approvisionnement durable - UCC Europe","isPartOf":{"@id":"https:\/\/ucc-europe.com\/fr\/#website"},"primaryImageOfPage":{"@id":"https:\/\/ucc-europe.com\/fr\/durabilite\/approvisionnement-durable\/#primaryimage"},"image":{"@id":"https:\/\/ucc-europe.com\/fr\/durabilite\/approvisionnement-durable\/#primaryimage"},"thumbnailUrl":"https:\/\/ucc-europe.com\/wp-content\/uploads\/2025\/08\/VFET123_062_3500-px-scaled.jpg","datePublished":"2025-07-08T10:04:38+00:00","dateModified":"2025-11-06T09:54:17+00:00","description":"D\u00e9couvrez les pratiques d'approvisionnement durable d'UCC Europe. Apprenez comment nous assurons un approvisionnement en caf\u00e9 \u00e9thique et responsable.","breadcrumb":{"@id":"https:\/\/ucc-europe.com\/fr\/durabilite\/approvisionnement-durable\/#breadcrumb"},"inLanguage":"fr-FR","potentialAction":[{"@type":"ReadAction","target":["https:\/\/ucc-europe.com\/fr\/durabilite\/approvisionnement-durable\/"]}]},{"@type":"ImageObject","inLanguage":"fr-FR","@id":"https:\/\/ucc-europe.com\/fr\/durabilite\/approvisionnement-durable\/#primaryimage","url":"https:\/\/ucc-europe.com\/wp-content\/uploads\/2025\/08\/VFET123_062_3500-px-scaled.jpg","contentUrl":"https:\/\/ucc-europe.com\/wp-content\/uploads\/2025\/08\/VFET123_062_3500-px-scaled.jpg","width":2560,"height":1706},{"@type":"BreadcrumbList","@id":"https:\/\/ucc-europe.com\/fr\/durabilite\/approvisionnement-durable\/#breadcrumb","itemListElement":[{"@type":"ListItem","position":1,"name":"Home","item":"https:\/\/ucc-europe.com\/fr\/"},{"@type":"ListItem","position":2,"name":"D\u00e9veloppement durable","item":"https:\/\/ucc-europe.com\/fr\/durabilite\/"},{"@type":"ListItem","position":3,"name":"Approvisionnement durable"}]},{"@type":"WebSite","@id":"https:\/\/ucc-europe.com\/fr\/#website","url":"https:\/\/ucc-europe.com\/fr\/","name":"UCC Europe - English","description":"","potentialAction":[{"@type":"SearchAction","target":{"@type":"EntryPoint","urlTemplate":"https:\/\/ucc-europe.com\/fr\/?s={search_term_string}"},"query-input":{"@type":"PropertyValueSpecification","valueRequired":true,"valueName":"search_term_string"}}],"inLanguage":"fr-FR"}]}},"_links":{"self":[{"href":"https:\/\/ucc-europe.com\/fr\/wp-json\/wp\/v2\/pages\/1148","targetHints":{"allow":["GET"]}}],"collection":[{"href":"https:\/\/ucc-europe.com\/fr\/wp-json\/wp\/v2\/pages"}],"about":[{"href":"https:\/\/ucc-europe.com\/fr\/wp-json\/wp\/v2\/types\/page"}],"author":[{"embeddable":true,"href":"https:\/\/ucc-europe.com\/fr\/wp-json\/wp\/v2\/users\/1"}],"replies":[{"embeddable":true,"href":"https:\/\/ucc-europe.com\/fr\/wp-json\/wp\/v2\/comments?post=1148"}],"version-history":[{"count":0,"href":"https:\/\/ucc-europe.com\/fr\/wp-json\/wp\/v2\/pages\/1148\/revisions"}],"up":[{"embeddable":true,"href":"https:\/\/ucc-europe.com\/fr\/wp-json\/wp\/v2\/pages\/1141"}],"wp:featuredmedia":[{"embeddable":true,"href":"https:\/\/ucc-europe.com\/fr\/wp-json\/wp\/v2\/media\/1978"}],"wp:attachment":[{"href":"https:\/\/ucc-europe.com\/fr\/wp-json\/wp\/v2\/media?parent=1148"}],"curies":[{"name":"wp","href":"https:\/\/api.w.org\/{rel}","templated":true}]}}