{"id":1157,"date":"2025-07-08T09:14:51","date_gmt":"2025-07-08T09:14:51","guid":{"rendered":"https:\/\/ucceurope2024.wpenginepowered.com\/durabilite\/reduction-du-carbone\/"},"modified":"2025-11-07T08:56:17","modified_gmt":"2025-11-07T08:56:17","slug":"reduction-du-carbone","status":"publish","type":"page","link":"https:\/\/ucc-europe.com\/fr\/durabilite\/reduction-du-carbone\/","title":{"rendered":"R\u00c9DUCTION DU CARBONE"},"content":{"rendered":"\n<section id=\"content-block_453eb9caaf9d1f91ef9d48810f166572\" class=\"block quote-block colour-palette-main block-with-bg\">\n    <div class='quote-block-wrap'>\n        <div class='quote-block-content'>\n            <p>Le changement climatique est l&rsquo;un des d\u00e9fis les plus urgents auxquels le monde est confront\u00e9 aujourd&rsquo;hui. En tant qu&rsquo;entreprise, nous pensons que nous avons un r\u00f4le important \u00e0 jouer dans le d\u00e9veloppement et l&rsquo;\u00e9largissement des capacit\u00e9s en mati\u00e8re de durabilit\u00e9 et d&rsquo;action climatique. Aujourd&rsquo;hui, nous prenons des mesures pour r\u00e9duire et \u00e9liminer les \u00e9missions de gaz \u00e0 effet de serre provenant de nos propres activit\u00e9s, et nous explorons les moyens de r\u00e9duire les \u00e9missions de carbone dans notre cha\u00eene d&rsquo;approvisionnement. Nous pensons que la collaboration et les partenariats sont essentiels pour obtenir des r\u00e9sultats durables en mati\u00e8re de d\u00e9carbonisation.   <\/p>\n                    <\/div>\n            <\/div>\n<\/section>\n<h2 class=\"wp-block-heading\"><strong>FIXER DES OBJECTIFS ET SURVEILLER LES \u00c9MISSIONS  <\/strong><\/h2>\n\n<p>Tout changement climatique important aura un impact sur ceux qui d\u00e9pendent du caf\u00e9 pour leurs moyens de subsistance et leurs entreprises. L&rsquo;orientation de l&rsquo;UCC en mati\u00e8re de d\u00e9veloppement durable met l&rsquo;accent sur la protection de l&rsquo;environnement et la r\u00e9duction des \u00e9missions, dans le cadre de la transition vers une \u00e9conomie \u00e0 plus faible \u00e9mission de carbone. \u00c0 l&rsquo;\u00e9chelle mondiale, l&rsquo;UCC s&rsquo;est engag\u00e9e \u00e0 atteindre des objectifs scientifiques visant \u00e0 r\u00e9duire nos \u00e9missions de gaz \u00e0 effet de serre des champs d&rsquo;application 1 et 2 de 46 % d&rsquo;ici \u00e0 2030 (par rapport aux niveaux de 2019) et \u00e0 atteindre la neutralit\u00e9 carbone d&rsquo;ici \u00e0 2040. En 2024, UCC Holdings (Singapore) s&rsquo;est inscrit \u00e0 l&rsquo;initiative Science Based Targets (SBTi) pour faire valider ces objectifs, garantissant ainsi que nos engagements sont cr\u00e9dibles et align\u00e9s sur les derni\u00e8res donn\u00e9es de la science climatique.   <\/p>\n\n<section id=\"content-block_c5f20bdeb69a6e0205ba533c7a4ca0b3\" class=\"block quote-block colour-palette-primary-background block-with-bg\">\n    <div class='quote-block-wrap'>\n        <div class='quote-block-content'>\n            <p class=\"h1\">Pour r\u00e9duire les \u00e9missions, nous devons d&rsquo;abord les comprendre et les mesurer avec pr\u00e9cision. C&rsquo;est pourquoi UCC calcule chaque ann\u00e9e ses \u00e9missions de port\u00e9e 1-3 \u00e0 l&rsquo;aide de la m\u00e9thode d&rsquo;entreprise du GHG Protocol. <\/p>\n                    <\/div>\n            <\/div>\n<\/section>\n<section\n    id=\"image-content-grid-block_d7fdaebc51cd461acf851b160fcb3bc6\"\n    class=\"block block-with-bg image-content-grid colour-palette-main\"\n    style=\"--image-grid-columns: 4; --mobile-image-grid-columns: 1;  \">\n            <header class=\"image-content-grid-header\">\n                            <h2>OP\u00c9RATIONS EN AMONT  <\/h2>\n                                <\/header>\n                <div class=\"image-content-grid-grid\">\n                            <div                    href=''\n                    class=\"image-content-grid-item colour-palette-off-white-background  \"\n                    style=\"background-image: url(); background-size: cover\">\n                    <div class=\"image-content-grid-item-content\">\n                        <div>\n                                                                                        <h3 class='h4'>\u00c9valuation des risques climatiques et inventaire du champ d&rsquo;application 3<\/h3>\n                                                                                        <p>\u00c9valuer les risques et les opportunit\u00e9s li\u00e9s au climat gr\u00e2ce \u00e0 l&rsquo;analyse de la TCFD (Task Force on Climate-related Financial Disclosures) et \u00e0 la v\u00e9rification mondiale du Scope 3.<\/p>\n                                                    <\/div>\n                                            <\/div>\n                                    <\/div>\n                            <div                    href=''\n                    class=\"image-content-grid-item colour-palette-off-white-background  \"\n                    style=\"background-image: url(); background-size: cover\">\n                    <div class=\"image-content-grid-item-content\">\n                        <div>\n                                                                                        <h3 class='h4'>Engagement des fournisseurs et r\u00e9duction des \u00e9missions<\/h3>\n                                                                                        <p>Travailler avec les fournisseurs pour am\u00e9liorer les facteurs d&rsquo;\u00e9mission et mettre en \u0153uvre des strat\u00e9gies d&rsquo;att\u00e9nuation de l&rsquo;adaptation au climat.<\/p>\n                                                    <\/div>\n                                            <\/div>\n                                    <\/div>\n                            <div                    href=''\n                    class=\"image-content-grid-item colour-palette-off-white-background  \"\n                    style=\"background-image: url(); background-size: cover\">\n                    <div class=\"image-content-grid-item-content\">\n                        <div>\n                                                                                        <h3 class='h4'>Mise en \u0153uvre du protocole GES<\/h3>\n                                                                                        <p>Op\u00e9rationnaliser les orientations relatives au secteur foncier et au d\u00e9m\u00e9nagement afin de garantir la cr\u00e9dibilit\u00e9 des d\u00e9clarations d&rsquo;impact lors de la fixation des prix.<\/p>\n                                                    <\/div>\n                                            <\/div>\n                                    <\/div>\n                            <div                    href=''\n                    class=\"image-content-grid-item colour-palette-off-white-background  \"\n                    style=\"background-image: url(); background-size: cover\">\n                    <div class=\"image-content-grid-item-content\">\n                        <div>\n                                                                                        <h3 class='h4'>Offres \u00e0 faible teneur en carbone et r\u00e9g\u00e9n\u00e9ratrices<\/h3>\n                                                                                        <p>D\u00e9velopper des solutions clients pour un caf\u00e9 \u00e0 teneur r\u00e9duite en carbone afin de soutenir l&rsquo;agriculture r\u00e9g\u00e9n\u00e9ratrice et une transition climatique \u00e9quitable.<\/p>\n                                                    <\/div>\n                                            <\/div>\n                                    <\/div>\n                    <\/div>\n    <\/section>\n<section\n    id=\"image-content-grid-block_ad4aaa90f8216fafce2b05f1c1e001a1\"\n    class=\"block block-with-bg image-content-grid colour-palette-off-white-background\"\n    style=\"--image-grid-columns: 4; --mobile-image-grid-columns: 1;  \">\n            <header class=\"image-content-grid-header\">\n                            <h2>NOS PROPRES ACTIVIT\u00c9S  <\/h2>\n                                <\/header>\n                <div class=\"image-content-grid-grid\">\n                            <div                    href=''\n                    class=\"image-content-grid-item colour-palette-white-background  \"\n                    style=\"background-image: url(); background-size: cover\">\n                    <div class=\"image-content-grid-item-content\">\n                        <div>\n                                                                                        <h3 class='h4'>Empreinte carbone v\u00e9rifi\u00e9e<\/h3>\n                                                                                        <p>Les \u00e9missions des champs d&rsquo;application 1 et 2 d&rsquo;UCC Europe sont v\u00e9rifi\u00e9es chaque ann\u00e9e par Carbon Trust (ISO 14064-3:2019).<\/p>\n                                                    <\/div>\n                                            <\/div>\n                                    <\/div>\n                            <div                    href=''\n                    class=\"image-content-grid-item colour-palette-white-background  \"\n                    style=\"background-image: url(); background-size: cover\">\n                    <div class=\"image-content-grid-item-content\">\n                        <div>\n                                                                                        <h3 class='h4'>Op\u00e9rations durables<\/h3>\n                                                                                        <p>Les principaux sites de torr\u00e9faction europ\u00e9ens fonctionnent selon la norme ISO 14001 &#8211; syst\u00e8mes de management environnemental et utilisent une \u00e9lectricit\u00e9 provenant \u00e0 100 % de sources renouvelables<\/p>\n                                                    <\/div>\n                                            <\/div>\n                                    <\/div>\n                            <div                    href=''\n                    class=\"image-content-grid-item colour-palette-white-background  \"\n                    style=\"background-image: url(); background-size: cover\">\n                    <div class=\"image-content-grid-item-content\">\n                        <div>\n                                                                                        <h3 class='h4'>Efficacit\u00e9 et innovation<\/h3>\n                                                                                        <p>Nous continuons d&rsquo;investir dans des torr\u00e9facteurs \u00e9conomes en \u00e9nergie, des \u00e9changeurs de chaleur, et d\u00e9veloppons une flotte \u00e0 faibles \u00e9missions pour servir nos clients tout en investissant en R&amp;D dans la torr\u00e9faction \u00e0 l&rsquo;hydrog\u00e8ne et \u00e9lectrique<\/p>\n                                                    <\/div>\n                                            <\/div>\n                                    <\/div>\n                            <div                    href=''\n                    class=\"image-content-grid-item colour-palette-white-background  \"\n                    style=\"background-image: url(); background-size: cover\">\n                    <div class=\"image-content-grid-item-content\">\n                        <div>\n                                                                                        <h3 class='h4'>R\u00e9duction des \u00e9missions<\/h3>\n                                                                                        <p>\u00c0 l&rsquo;\u00e9chelle mondiale, UCC a r\u00e9alis\u00e9 une r\u00e9duction absolue de 21,8 % des \u00e9missions de CO2e en 2024 par rapport \u00e0 la r\u00e9f\u00e9rence de 2019<\/p>\n                                                    <\/div>\n                                            <\/div>\n                                    <\/div>\n                    <\/div>\n    <\/section>\n<section\n    id=\"image-content-grid-block_a30c7172597ec1b25530d758dd5a88e3\"\n    class=\"block block-with-bg image-content-grid colour-palette-main\"\n    style=\"--image-grid-columns: 3; --mobile-image-grid-columns: 1;  \">\n            <header class=\"image-content-grid-header\">\n                            <h2>THE TOTAL COFFEE SOLUTION<\/h2>\n                        <p>Aper\u00e7u du champ d&rsquo;application 3 : Identifier les points chauds des \u00e9missions dans les processus de pr\u00e9paration et de fin de vie du caf\u00e9.<\/p>\n        <\/header>\n                <div class=\"image-content-grid-grid\">\n                            <div                    href=''\n                    class=\"image-content-grid-item colour-palette-off-white-background  \"\n                    style=\"background-image: url(); background-size: cover\">\n                    <div class=\"image-content-grid-item-content\">\n                        <div>\n                                                                                        <h3 class='h4'>Efficacit\u00e9 et r\u00e9duction des d\u00e9chets<\/h3>\n                                                                                        <p>UCC COFFEEWORKS encourage les meilleures pratiques pour minimiser les d\u00e9chets de caf\u00e9 et am\u00e9liorer les performances des machines.<\/p>\n                                                    <\/div>\n                                            <\/div>\n                                    <\/div>\n                            <div                    href=''\n                    class=\"image-content-grid-item colour-palette-off-white-background  \"\n                    style=\"background-image: url(); background-size: cover\">\n                    <div class=\"image-content-grid-item-content\">\n                        <div>\n                                                                                        <h3 class='h4'>Partenariats pour l&rsquo;\u00e9conomie circulaire<\/h3>\n                                                                                        <p>Collaborer \u00e0 la construction de machines, aux r\u00e9parations, au recyclage et \u00e0 l&rsquo;incorporation de solutions \u00e0 nos unit\u00e9s de Coffee To Go, en am\u00e9liorant la durabilit\u00e9.<\/p>\n                                                    <\/div>\n                                            <\/div>\n                                    <\/div>\n                            <div                    href=''\n                    class=\"image-content-grid-item colour-palette-off-white-background  \"\n                    style=\"background-image: url(); background-size: cover\">\n                    <div class=\"image-content-grid-item-content\">\n                        <div>\n                                                                                        <h3 class='h4'>Suivi de l&#8217;empreinte carbone<\/h3>\n                                                                                        <p>Faire progresser les capacit\u00e9s en mati\u00e8re d&#8217;emballage recyclable et d&#8217;empreinte carbone des produits pour aider nos clients.<\/p>\n                                                    <\/div>\n                                            <\/div>\n                                    <\/div>\n                    <\/div>\n    <\/section>","protected":false},"excerpt":{"rendered":"<p>FIXER DES OBJECTIFS ET SURVEILLER LES \u00c9MISSIONS Tout changement climatique important aura un impact sur ceux qui d\u00e9pendent du caf\u00e9 pour leurs moyens de subsistance et leurs entreprises. L&rsquo;orientation de l&rsquo;UCC en mati\u00e8re de d\u00e9veloppement durable met l&rsquo;accent sur la protection de l&rsquo;environnement et la r\u00e9duction des \u00e9missions, dans le cadre de la transition vers&#8230;<\/p>\n","protected":false},"author":1,"featured_media":1972,"parent":1141,"menu_order":0,"comment_status":"closed","ping_status":"closed","template":"","meta":{"_acf_changed":false,"footnotes":""},"class_list":["post-1157","page","type-page","status-publish","has-post-thumbnail","hentry"],"acf":[],"yoast_head":"<!-- This site is optimized with the Yoast SEO plugin v27.3 - https:\/\/yoast.com\/product\/yoast-seo-wordpress\/ -->\n<title>R\u00e9duction des \u00e9missions de carbone - UCC Europe<\/title>\n<meta name=\"description\" content=\"D\u00e9couvrez les efforts d&#039;UCC Europe pour r\u00e9duire les \u00e9missions de carbone. Explorez nos pratiques durables dans l&#039;industrie du caf\u00e9.\" \/>\n<meta name=\"robots\" content=\"index, follow, max-snippet:-1, max-image-preview:large, max-video-preview:-1\" \/>\n<link rel=\"canonical\" href=\"https:\/\/ucc-europe.com\/fr\/durabilite\/reduction-du-carbone\/\" \/>\n<meta property=\"og:locale\" content=\"fr_FR\" \/>\n<meta property=\"og:type\" content=\"article\" \/>\n<meta property=\"og:title\" content=\"R\u00e9duction des \u00e9missions de carbone - UCC Europe\" \/>\n<meta property=\"og:description\" content=\"D\u00e9couvrez les efforts d&#039;UCC Europe pour r\u00e9duire les \u00e9missions de carbone. Explorez nos pratiques durables dans l&#039;industrie du caf\u00e9.\" \/>\n<meta property=\"og:url\" content=\"https:\/\/ucc-europe.com\/fr\/durabilite\/reduction-du-carbone\/\" \/>\n<meta property=\"og:site_name\" content=\"UCC Europe - English\" \/>\n<meta property=\"article:modified_time\" content=\"2025-11-07T08:56:17+00:00\" \/>\n<meta property=\"og:image\" content=\"https:\/\/ucc-europe.com\/wp-content\/uploads\/2025\/08\/AdobeStock_422207291-scaled.jpeg\" \/>\n\t<meta property=\"og:image:width\" content=\"2560\" \/>\n\t<meta property=\"og:image:height\" content=\"1709\" \/>\n\t<meta property=\"og:image:type\" content=\"image\/jpeg\" \/>\n<meta name=\"twitter:card\" content=\"summary_large_image\" \/>\n<meta name=\"twitter:label1\" content=\"Dur\u00e9e de lecture estim\u00e9e\" \/>\n\t<meta name=\"twitter:data1\" content=\"1 minute\" \/>\n<script type=\"application\/ld+json\" class=\"yoast-schema-graph\">{\"@context\":\"https:\\\/\\\/schema.org\",\"@graph\":[{\"@type\":\"WebPage\",\"@id\":\"https:\\\/\\\/ucc-europe.com\\\/fr\\\/durabilite\\\/reduction-du-carbone\\\/\",\"url\":\"https:\\\/\\\/ucc-europe.com\\\/fr\\\/durabilite\\\/reduction-du-carbone\\\/\",\"name\":\"R\u00e9duction des \u00e9missions de carbone - UCC Europe\",\"isPartOf\":{\"@id\":\"https:\\\/\\\/ucc-europe.com\\\/fr\\\/#website\"},\"primaryImageOfPage\":{\"@id\":\"https:\\\/\\\/ucc-europe.com\\\/fr\\\/durabilite\\\/reduction-du-carbone\\\/#primaryimage\"},\"image\":{\"@id\":\"https:\\\/\\\/ucc-europe.com\\\/fr\\\/durabilite\\\/reduction-du-carbone\\\/#primaryimage\"},\"thumbnailUrl\":\"https:\\\/\\\/ucc-europe.com\\\/wp-content\\\/uploads\\\/2025\\\/08\\\/AdobeStock_422207291-scaled.jpeg\",\"datePublished\":\"2025-07-08T09:14:51+00:00\",\"dateModified\":\"2025-11-07T08:56:17+00:00\",\"description\":\"D\u00e9couvrez les efforts d'UCC Europe pour r\u00e9duire les \u00e9missions de carbone. Explorez nos pratiques durables dans l'industrie du caf\u00e9.\",\"breadcrumb\":{\"@id\":\"https:\\\/\\\/ucc-europe.com\\\/fr\\\/durabilite\\\/reduction-du-carbone\\\/#breadcrumb\"},\"inLanguage\":\"fr-FR\",\"potentialAction\":[{\"@type\":\"ReadAction\",\"target\":[\"https:\\\/\\\/ucc-europe.com\\\/fr\\\/durabilite\\\/reduction-du-carbone\\\/\"]}]},{\"@type\":\"ImageObject\",\"inLanguage\":\"fr-FR\",\"@id\":\"https:\\\/\\\/ucc-europe.com\\\/fr\\\/durabilite\\\/reduction-du-carbone\\\/#primaryimage\",\"url\":\"https:\\\/\\\/ucc-europe.com\\\/wp-content\\\/uploads\\\/2025\\\/08\\\/AdobeStock_422207291-scaled.jpeg\",\"contentUrl\":\"https:\\\/\\\/ucc-europe.com\\\/wp-content\\\/uploads\\\/2025\\\/08\\\/AdobeStock_422207291-scaled.jpeg\",\"width\":2560,\"height\":1709,\"caption\":\"Man Hands harvest coffee bean ripe Red berries plant fresh seed coffee tree growth in green eco organic farm. Close up hands harvest red ripe coffee seed robusta arabica berry harvesting coffee farm\"},{\"@type\":\"BreadcrumbList\",\"@id\":\"https:\\\/\\\/ucc-europe.com\\\/fr\\\/durabilite\\\/reduction-du-carbone\\\/#breadcrumb\",\"itemListElement\":[{\"@type\":\"ListItem\",\"position\":1,\"name\":\"Home\",\"item\":\"https:\\\/\\\/ucc-europe.com\\\/fr\\\/\"},{\"@type\":\"ListItem\",\"position\":2,\"name\":\"D\u00e9veloppement durable\",\"item\":\"https:\\\/\\\/ucc-europe.com\\\/fr\\\/durabilite\\\/\"},{\"@type\":\"ListItem\",\"position\":3,\"name\":\"R\u00c9DUCTION DU CARBONE\"}]},{\"@type\":\"WebSite\",\"@id\":\"https:\\\/\\\/ucc-europe.com\\\/fr\\\/#website\",\"url\":\"https:\\\/\\\/ucc-europe.com\\\/fr\\\/\",\"name\":\"UCC Europe - English\",\"description\":\"\",\"potentialAction\":[{\"@type\":\"SearchAction\",\"target\":{\"@type\":\"EntryPoint\",\"urlTemplate\":\"https:\\\/\\\/ucc-europe.com\\\/fr\\\/?s={search_term_string}\"},\"query-input\":{\"@type\":\"PropertyValueSpecification\",\"valueRequired\":true,\"valueName\":\"search_term_string\"}}],\"inLanguage\":\"fr-FR\"}]}<\/script>\n<!-- \/ Yoast SEO plugin. -->","yoast_head_json":{"title":"R\u00e9duction des \u00e9missions de carbone - UCC Europe","description":"D\u00e9couvrez les efforts d'UCC Europe pour r\u00e9duire les \u00e9missions de carbone. Explorez nos pratiques durables dans l'industrie du caf\u00e9.","robots":{"index":"index","follow":"follow","max-snippet":"max-snippet:-1","max-image-preview":"max-image-preview:large","max-video-preview":"max-video-preview:-1"},"canonical":"https:\/\/ucc-europe.com\/fr\/durabilite\/reduction-du-carbone\/","og_locale":"fr_FR","og_type":"article","og_title":"R\u00e9duction des \u00e9missions de carbone - UCC Europe","og_description":"D\u00e9couvrez les efforts d'UCC Europe pour r\u00e9duire les \u00e9missions de carbone. Explorez nos pratiques durables dans l'industrie du caf\u00e9.","og_url":"https:\/\/ucc-europe.com\/fr\/durabilite\/reduction-du-carbone\/","og_site_name":"UCC Europe - English","article_modified_time":"2025-11-07T08:56:17+00:00","og_image":[{"width":2560,"height":1709,"url":"https:\/\/ucc-europe.com\/wp-content\/uploads\/2025\/08\/AdobeStock_422207291-scaled.jpeg","type":"image\/jpeg"}],"twitter_card":"summary_large_image","twitter_misc":{"Dur\u00e9e de lecture estim\u00e9e":"1 minute"},"schema":{"@context":"https:\/\/schema.org","@graph":[{"@type":"WebPage","@id":"https:\/\/ucc-europe.com\/fr\/durabilite\/reduction-du-carbone\/","url":"https:\/\/ucc-europe.com\/fr\/durabilite\/reduction-du-carbone\/","name":"R\u00e9duction des \u00e9missions de carbone - UCC Europe","isPartOf":{"@id":"https:\/\/ucc-europe.com\/fr\/#website"},"primaryImageOfPage":{"@id":"https:\/\/ucc-europe.com\/fr\/durabilite\/reduction-du-carbone\/#primaryimage"},"image":{"@id":"https:\/\/ucc-europe.com\/fr\/durabilite\/reduction-du-carbone\/#primaryimage"},"thumbnailUrl":"https:\/\/ucc-europe.com\/wp-content\/uploads\/2025\/08\/AdobeStock_422207291-scaled.jpeg","datePublished":"2025-07-08T09:14:51+00:00","dateModified":"2025-11-07T08:56:17+00:00","description":"D\u00e9couvrez les efforts d'UCC Europe pour r\u00e9duire les \u00e9missions de carbone. Explorez nos pratiques durables dans l'industrie du caf\u00e9.","breadcrumb":{"@id":"https:\/\/ucc-europe.com\/fr\/durabilite\/reduction-du-carbone\/#breadcrumb"},"inLanguage":"fr-FR","potentialAction":[{"@type":"ReadAction","target":["https:\/\/ucc-europe.com\/fr\/durabilite\/reduction-du-carbone\/"]}]},{"@type":"ImageObject","inLanguage":"fr-FR","@id":"https:\/\/ucc-europe.com\/fr\/durabilite\/reduction-du-carbone\/#primaryimage","url":"https:\/\/ucc-europe.com\/wp-content\/uploads\/2025\/08\/AdobeStock_422207291-scaled.jpeg","contentUrl":"https:\/\/ucc-europe.com\/wp-content\/uploads\/2025\/08\/AdobeStock_422207291-scaled.jpeg","width":2560,"height":1709,"caption":"Man Hands harvest coffee bean ripe Red berries plant fresh seed coffee tree growth in green eco organic farm. Close up hands harvest red ripe coffee seed robusta arabica berry harvesting coffee farm"},{"@type":"BreadcrumbList","@id":"https:\/\/ucc-europe.com\/fr\/durabilite\/reduction-du-carbone\/#breadcrumb","itemListElement":[{"@type":"ListItem","position":1,"name":"Home","item":"https:\/\/ucc-europe.com\/fr\/"},{"@type":"ListItem","position":2,"name":"D\u00e9veloppement durable","item":"https:\/\/ucc-europe.com\/fr\/durabilite\/"},{"@type":"ListItem","position":3,"name":"R\u00c9DUCTION DU CARBONE"}]},{"@type":"WebSite","@id":"https:\/\/ucc-europe.com\/fr\/#website","url":"https:\/\/ucc-europe.com\/fr\/","name":"UCC Europe - English","description":"","potentialAction":[{"@type":"SearchAction","target":{"@type":"EntryPoint","urlTemplate":"https:\/\/ucc-europe.com\/fr\/?s={search_term_string}"},"query-input":{"@type":"PropertyValueSpecification","valueRequired":true,"valueName":"search_term_string"}}],"inLanguage":"fr-FR"}]}},"_links":{"self":[{"href":"https:\/\/ucc-europe.com\/fr\/wp-json\/wp\/v2\/pages\/1157","targetHints":{"allow":["GET"]}}],"collection":[{"href":"https:\/\/ucc-europe.com\/fr\/wp-json\/wp\/v2\/pages"}],"about":[{"href":"https:\/\/ucc-europe.com\/fr\/wp-json\/wp\/v2\/types\/page"}],"author":[{"embeddable":true,"href":"https:\/\/ucc-europe.com\/fr\/wp-json\/wp\/v2\/users\/1"}],"replies":[{"embeddable":true,"href":"https:\/\/ucc-europe.com\/fr\/wp-json\/wp\/v2\/comments?post=1157"}],"version-history":[{"count":0,"href":"https:\/\/ucc-europe.com\/fr\/wp-json\/wp\/v2\/pages\/1157\/revisions"}],"up":[{"embeddable":true,"href":"https:\/\/ucc-europe.com\/fr\/wp-json\/wp\/v2\/pages\/1141"}],"wp:featuredmedia":[{"embeddable":true,"href":"https:\/\/ucc-europe.com\/fr\/wp-json\/wp\/v2\/media\/1972"}],"wp:attachment":[{"href":"https:\/\/ucc-europe.com\/fr\/wp-json\/wp\/v2\/media?parent=1157"}],"curies":[{"name":"wp","href":"https:\/\/api.w.org\/{rel}","templated":true}]}}